{"id":11,"date":"2024-04-04T01:59:41","date_gmt":"2024-04-03T22:59:41","guid":{"rendered":"https:\/\/sisu.ut.ee\/hambaravi5\/sundroomid\/"},"modified":"2024-04-11T16:47:49","modified_gmt":"2024-04-11T13:47:49","slug":"sundroomid","status":"publish","type":"page","link":"https:\/\/sisu.ut.ee\/hambaravi5\/sundroomid\/","title":{"rendered":"S\u00fcndroomid"},"content":{"rendered":"<p><strong>S\u00fcndroomiks<\/strong> nimetatakse mitmete<strong> s\u00fcmptomite kogumikku<\/strong>. Mitmete sundroomide <strong>p\u00f5hjus<\/strong> peitub muteerunud geenis v\u00f5i kromosoomianamaalias, kuid need v\u00f5ivad kaasneda ka loote arengut m\u00f5jutanud teratogeense v\u00e4lise teguriga (n\u00e4iteks alkohol, ravimid, haigused jpm) v\u00f5i kombineeruda (n\u00e4iteks l\u00f5hedel kombinatsioon geneetilisest ja v\u00e4lisest tegurist).<\/p>\n<p>\u00dcksikhamba anomaaliaid, mis v\u00f5ivad kaasneda ka sundroomidega, on k\u00e4sitletud eespool (<a href=\"https:\/\/sisu.ut.ee\/hambaravi5\/arenguanomaaliad\">alapeat\u00fckkides hammaste arvu, suuruse ja kujuanomaaliad ning emaili ja dentiini struktuurianomaaliad<\/a>).<\/p>\n<p>Hammaste ja suu\u00f5\u00f5ne seisundiga seostuvad eesk\u00e4tt n\u00e4okolju luude arengut m\u00f5jutavad sundroomid \u2013 n\u00e4iteks on neid, millega v\u00f5ib kaasneda huule- v\u00f5i suulael\u00f5he, teadaolevalt \u00fcle 700.<\/p>\n<p>S\u00fcndroomid v\u00f5ib jagada:<\/p>\n<ul>\n<li>autosomaal-dominantsed sundroomid<\/li>\n<li>autosomaal-retsessiivsed sundroomid<\/li>\n<li>X-kromosoomliitelised sundroomid<\/li>\n<li>Kromosomaalsed sundroomid<\/li>\n<\/ul>\n<p>\u00dcksikute hammaste anomaaliad kas ei vaja ravi v\u00f5i ravitakse restauratiivselt v\u00f5i proteetiliselt. \u00a0Raskemad juhud, millega kaasnevad n\u00e4opiirkonna arenguanomaaliad, vajavad<strong> erinevate valdkondade spetsialistide<\/strong> (n\u00e4o-l\u00f5ualuude kirurg, LOR arst, protesist, f\u00fcsioterapeut, logopeed, ps\u00fchholoog jpt) kaasamist.<\/p>\n<p>P\u00f5hjalikumalt saad huvipakkuva s\u00fcndroomi kohta infot OMIM (Online Mendelian Inheritance in Man) andmebaasist <a href=\"http:\/\/www.omim.org\/\" target=\"_blank\" rel=\"noopener\">http:\/\/www.omim.org\/<\/a>.<\/p>\n<p><img loading=\"lazy\" decoding=\"async\" width=\"223\" height=\"136\" class=\"alignnone wp-image-78 aligncenter\" style=\"margin-left: auto; margin-right: auto;\" title=\"aran94.png\" src=\"https:\/\/sisu.ut.ee\/wp-content\/uploads\/sites\/156\/aran94.png\" alt=\"aran94.png\"><\/p>\n<h5><em>Amelogenesis imperfecta<\/em> on X-liiteline autosomaal- dominantne haigus, millega kaasneb puudulik emaili areng. Hambad on iseloomulikku, tavap\u00e4rasest oluliselt tumedamat v\u00e4rvi.\u00a0 Allikas: <a href=\"\/Users\/triinm\/Downloads\/medicine.academic.ru\/77256\" target=\"_blank\" rel=\"noopener\">medicine.academic.ru\/77256<\/a><\/h5>\n","protected":false},"excerpt":{"rendered":"<p>S\u00fcndroomiks nimetatakse mitmete s\u00fcmptomite kogumikku. Mitmete sundroomide p\u00f5hjus peitub muteerunud geenis v\u00f5i kromosoomianamaalias, kuid need v\u00f5ivad kaasneda ka loote arengut m\u00f5jutanud teratogeense v\u00e4lise teguriga (n\u00e4iteks alkohol, ravimid, haigused jpm) v\u00f5i kombineeruda (n\u00e4iteks l\u00f5hedel kombinatsioon geneetilisest ja v\u00e4lisest tegurist). \u00dcksikhamba anomaaliaid, &#8230;<\/p>\n","protected":false},"author":12,"featured_media":0,"parent":0,"menu_order":0,"comment_status":"closed","ping_status":"closed","template":"","meta":{"_acf_changed":false,"inline_featured_image":false,"footnotes":""},"class_list":["post-11","page","type-page","status-publish","hentry"],"acf":[],"_links":{"self":[{"href":"https:\/\/sisu.ut.ee\/hambaravi5\/wp-json\/wp\/v2\/pages\/11","targetHints":{"allow":["GET"]}}],"collection":[{"href":"https:\/\/sisu.ut.ee\/hambaravi5\/wp-json\/wp\/v2\/pages"}],"about":[{"href":"https:\/\/sisu.ut.ee\/hambaravi5\/wp-json\/wp\/v2\/types\/page"}],"author":[{"embeddable":true,"href":"https:\/\/sisu.ut.ee\/hambaravi5\/wp-json\/wp\/v2\/users\/12"}],"replies":[{"embeddable":true,"href":"https:\/\/sisu.ut.ee\/hambaravi5\/wp-json\/wp\/v2\/comments?post=11"}],"version-history":[{"count":2,"href":"https:\/\/sisu.ut.ee\/hambaravi5\/wp-json\/wp\/v2\/pages\/11\/revisions"}],"predecessor-version":[{"id":349,"href":"https:\/\/sisu.ut.ee\/hambaravi5\/wp-json\/wp\/v2\/pages\/11\/revisions\/349"}],"wp:attachment":[{"href":"https:\/\/sisu.ut.ee\/hambaravi5\/wp-json\/wp\/v2\/media?parent=11"}],"curies":[{"name":"wp","href":"https:\/\/api.w.org\/{rel}","templated":true}]}}