{"id":10,"date":"2024-04-04T01:59:41","date_gmt":"2024-04-03T22:59:41","guid":{"rendered":"https:\/\/sisu.ut.ee\/hambaravi5\/1-hambahaiguste-epidemioloogia\/"},"modified":"2025-05-22T19:02:45","modified_gmt":"2025-05-22T16:02:45","slug":"1-hambahaiguste-epidemioloogia","status":"publish","type":"page","link":"https:\/\/sisu.ut.ee\/hambaravi5\/1-hambahaiguste-epidemioloogia\/","title":{"rendered":"1. Hambahaiguste epidemioloogia"},"content":{"rendered":"<p>Suu\u00f5\u00f5nes on tuntuimaks ja levinuimaks haiguseks <strong>hambakaaries<\/strong>, kuid selle k\u00f5rval on hulk teisi t\u00f5siseid probleeme.<\/p>\n<p>Epidemioloogia uurib haiguste tekke ja leviku seadusp\u00e4rasid teatud r\u00fchmal. K\u00f5igi suu\u00f5\u00f5ne haiguste puhul on <span class=\"jCAhz ChMk0b\"><span class=\"ryNqvb\">suurem haiguskoormus<\/span><\/span><span class=\"jCAhz ChMk0b\"><span class=\"ryNqvb\"><strong>\u00a0madalama sotsiaal-majandusliku staatuse, sissetuleku v\u00f5i haridusega elanikkonnas<\/strong>, samuti \u00e4\u00e4remaadel elavate inimeste seas.<\/span><\/span><\/p>\n<p>Suu- ja hambahaiguste <strong>epidemioloogilisi andmeid<\/strong> kogutakse \u00fclemaailmselt, mis v\u00f5imaldab iga konkreetse regiooni v\u00f5i grupi suutervist vaadelda suurema pildi osana ja <strong>kavandada riiklikku tervishoiupoliitikat.<\/strong><\/p>\n","protected":false},"excerpt":{"rendered":"<p>Suu\u00f5\u00f5nes on tuntuimaks ja levinuimaks haiguseks hambakaaries, kuid selle k\u00f5rval on hulk teisi t\u00f5siseid probleeme. Epidemioloogia uurib haiguste tekke ja leviku seadusp\u00e4rasid teatud r\u00fchmal. K\u00f5igi suu\u00f5\u00f5ne haiguste puhul on suurem haiguskoormus\u00a0madalama sotsiaal-majandusliku staatuse, sissetuleku v\u00f5i haridusega elanikkonnas, samuti \u00e4\u00e4remaadel elavate &#8230;<\/p>\n","protected":false},"author":12,"featured_media":0,"parent":0,"menu_order":0,"comment_status":"closed","ping_status":"closed","template":"","meta":{"_acf_changed":false,"inline_featured_image":false,"footnotes":""},"class_list":["post-10","page","type-page","status-publish","hentry"],"acf":[],"_links":{"self":[{"href":"https:\/\/sisu.ut.ee\/hambaravi5\/wp-json\/wp\/v2\/pages\/10","targetHints":{"allow":["GET"]}}],"collection":[{"href":"https:\/\/sisu.ut.ee\/hambaravi5\/wp-json\/wp\/v2\/pages"}],"about":[{"href":"https:\/\/sisu.ut.ee\/hambaravi5\/wp-json\/wp\/v2\/types\/page"}],"author":[{"embeddable":true,"href":"https:\/\/sisu.ut.ee\/hambaravi5\/wp-json\/wp\/v2\/users\/12"}],"replies":[{"embeddable":true,"href":"https:\/\/sisu.ut.ee\/hambaravi5\/wp-json\/wp\/v2\/comments?post=10"}],"version-history":[{"count":4,"href":"https:\/\/sisu.ut.ee\/hambaravi5\/wp-json\/wp\/v2\/pages\/10\/revisions"}],"predecessor-version":[{"id":383,"href":"https:\/\/sisu.ut.ee\/hambaravi5\/wp-json\/wp\/v2\/pages\/10\/revisions\/383"}],"wp:attachment":[{"href":"https:\/\/sisu.ut.ee\/hambaravi5\/wp-json\/wp\/v2\/media?parent=10"}],"curies":[{"name":"wp","href":"https:\/\/api.w.org\/{rel}","templated":true}]}}