{"id":9,"date":"2024-04-03T23:10:32","date_gmt":"2024-04-03T20:10:32","guid":{"rendered":"https:\/\/sisu.ut.ee\/hambaravi4\/132-kaviteet-fisuurides\/"},"modified":"2024-04-09T14:14:43","modified_gmt":"2024-04-09T11:14:43","slug":"132-kaviteet-fisuurides","status":"publish","type":"page","link":"https:\/\/sisu.ut.ee\/hambaravi4\/132-kaviteet-fisuurides\/","title":{"rendered":"1.2.2. Kaviteet fisuurides"},"content":{"rendered":"<div><strong style=\"line-height: 1.6em;\">Kontuuride kujundamine ja kaviteedi esialgse s\u00fcgavuse loomine fisuurikaariese korral <\/strong>on m\u00e4\u00e4ratud kolme teguri poolt:<\/div>\n<div class=\"iDevice emphasis0\">\n<div class=\"block\">\n<ul>\n<li>Kaviteedi ulatus s\u00f5ltub sellest, kui ulatuslik on kaarieskahjustus emailis<\/li>\n<li>Kaviteeti laiendada, kuni saadakse siledad ja terved \u00e4\u00e4red<\/li>\n<li>Preparatsiooni ulatus on piiratud puuri s\u00fcgavuse poolt (vaata eelmises peat\u00fckis toodud soovitusi kaviteedi s\u00fcgavuse valikuks)<\/li>\n<\/ul>\n<p><strong style=\"line-height: 1.6em;\">Reeglid<\/strong>, mida tuleb arvestada fissuurides paikneva kaviteedi kujundamisel:<\/p>\n<ul>\n<li>Laiendada kaviteedi servasid, kuni tuleb vastu<strong> terve hambakude<\/strong> ja ei j\u00e4\u00e4 toestamata emaili servasid. Hoiduda tuleb preparatsiooni l\u00f5petamisest k\u00f5prude n\u00f5lvadel. <strong>Preparatsioon peab l\u00f5ppema <\/strong>k\u00f6prudel maksimaalselt kohas, mis paikneb pikivaost arvestades <strong>k\u00f6bru kallaku 2\/3<\/strong> ulatuses.<\/li>\n<li>\u00a0Kaviteedi <strong>servasid laiendada<\/strong> k\u00f5igisse <strong>fissuuridesse, millel on kaariese potentsiaal<\/strong> (preventiivne ehk ennetav ravi kuulub mikroinvasiivse ehk s\u00e4\u00e4stliku kaarieseravi p\u00f5him\u00f5tete hulka)<\/li>\n<li>Konservatiivse l\u00e4henemise korral peaks <strong>kaviteedi s\u00fcgavus<\/strong> olema <strong>maksimaalselt 1,5 mm<\/strong> (tsentraalsest fissuurist m\u00f5\u00f5detuna) ning 2 mm fatsiaalses ja lingvaalses seinas (m\u00f5\u00f5detuna kaviteedi \u00e4\u00e4rest)<\/li>\n<li>Kui kahe fissuuri vahele j\u00e4\u00e4b <strong>tervet emaili v\u00e4hem kui 0,5 mm<\/strong>, siis see eemaldatakse ja <strong>kaviteedid \u00fchendatakse<\/strong><\/li>\n<li><strong>Eemaldada teravad \u00fcleminekud<\/strong>, laiendades kaviteeti soovitud kuju saamiseks<\/li>\n<\/ul>\n<p><img loading=\"lazy\" decoding=\"async\" width=\"524\" height=\"429\" class=\"alignnone wp-image-62 aligncenter\" style=\"margin-left: auto; margin-right: auto;\" title=\"4016.jpg\" src=\"https:\/\/sisu.ut.ee\/wp-content\/uploads\/sites\/22\/4016.jpg\" alt=\"4016.jpg\" srcset=\"https:\/\/sisu.ut.ee\/wp-content\/uploads\/sites\/22\/4016.jpg 524w, https:\/\/sisu.ut.ee\/wp-content\/uploads\/sites\/22\/4016-300x246.jpg 300w\" sizes=\"auto, (max-width: 524px) 100vw, 524px\"><\/p>\n<p style=\"text-align: center;\"><em>S\u00e4\u00e4stlikult avatud fissuurid,\u00a0<\/em><em>\u00a0<a href=\"http:\/\/www.ijdr.in\/article.asp?issn=0970-9290;year=2010;volume=21;issue=4;spage=596;epage=599;aulast=Martos\" target=\"_blank\" rel=\"noopener\">http:\/\/www.ijdr.in\/article.asp?issn=0970-9290;year=2010;volume=21;issue=4;spage=596;epage=599;aulast=Martos<\/a><\/em><\/p>\n<\/div>\n<\/div>\n","protected":false},"excerpt":{"rendered":"<p>Kontuuride kujundamine ja kaviteedi esialgse s\u00fcgavuse loomine fisuurikaariese korral on m\u00e4\u00e4ratud kolme teguri poolt: Kaviteedi ulatus s\u00f5ltub sellest, kui ulatuslik on kaarieskahjustus emailis Kaviteeti laiendada, kuni saadakse siledad ja terved \u00e4\u00e4red Preparatsiooni ulatus on piiratud puuri s\u00fcgavuse poolt (vaata eelmises &#8230;<\/p>\n","protected":false},"author":12,"featured_media":0,"parent":0,"menu_order":0,"comment_status":"closed","ping_status":"closed","template":"","meta":{"_acf_changed":false,"inline_featured_image":false,"footnotes":""},"class_list":["post-9","page","type-page","status-publish","hentry"],"acf":[],"_links":{"self":[{"href":"https:\/\/sisu.ut.ee\/hambaravi4\/wp-json\/wp\/v2\/pages\/9","targetHints":{"allow":["GET"]}}],"collection":[{"href":"https:\/\/sisu.ut.ee\/hambaravi4\/wp-json\/wp\/v2\/pages"}],"about":[{"href":"https:\/\/sisu.ut.ee\/hambaravi4\/wp-json\/wp\/v2\/types\/page"}],"author":[{"embeddable":true,"href":"https:\/\/sisu.ut.ee\/hambaravi4\/wp-json\/wp\/v2\/users\/12"}],"replies":[{"embeddable":true,"href":"https:\/\/sisu.ut.ee\/hambaravi4\/wp-json\/wp\/v2\/comments?post=9"}],"version-history":[{"count":2,"href":"https:\/\/sisu.ut.ee\/hambaravi4\/wp-json\/wp\/v2\/pages\/9\/revisions"}],"predecessor-version":[{"id":276,"href":"https:\/\/sisu.ut.ee\/hambaravi4\/wp-json\/wp\/v2\/pages\/9\/revisions\/276"}],"wp:attachment":[{"href":"https:\/\/sisu.ut.ee\/hambaravi4\/wp-json\/wp\/v2\/media?parent=9"}],"curies":[{"name":"wp","href":"https:\/\/api.w.org\/{rel}","templated":true}]}}