{"id":8,"date":"2024-04-03T23:10:32","date_gmt":"2024-04-03T20:10:32","guid":{"rendered":"https:\/\/sisu.ut.ee\/hambaravi4\/131-pohiprintsiibid\/"},"modified":"2024-04-09T14:14:21","modified_gmt":"2024-04-09T11:14:21","slug":"131-pohiprintsiibid","status":"publish","type":"page","link":"https:\/\/sisu.ut.ee\/hambaravi4\/131-pohiprintsiibid\/","title":{"rendered":"1.2.1. P\u00f5hiprintsiibid"},"content":{"rendered":"<p>Kogu kriitjasvalge <strong style=\"line-height: 1.6em;\">demineraliseerunud ja n\u00f5rgenenud email tuleb eemaldada<\/strong>. Samuti <strong style=\"line-height: 1.6em;\">eemaldatakse\u00a0 \u00f5huke<\/strong>, v\u00e4hem kui \u00fche millimeetrise paksusega <strong style=\"line-height: 1.6em;\">emailiosa<\/strong> (murdumisohu t\u00f5ttu).<\/p>\n<p>K\u00f5ik <strong style=\"line-height: 1.6em;\">fissuurid peavad olema preparatsiooni haaratud<\/strong> (See n\u00f5ue ei kehti s\u00e4\u00e4stliku preparatsiooni korral, kus preparatsioon v\u00f5ib fissuure haarata ka ainult osaliselt, vastavalt kaarieskahjustuse paiknemisele \u2013 vaata juuresolevat <span style=\"color: #000000;\"><strong>fotot<\/strong><\/span>).<\/p>\n<p><img loading=\"lazy\" decoding=\"async\" width=\"473\" height=\"383\" class=\"alignnone wp-image-61 aligncenter\" style=\"margin-left: auto; margin-right: auto;\" title=\"4004.png\" src=\"https:\/\/sisu.ut.ee\/wp-content\/uploads\/sites\/22\/4004.png\" alt=\"4004.png\" srcset=\"https:\/\/sisu.ut.ee\/wp-content\/uploads\/sites\/22\/4004.png 473w, https:\/\/sisu.ut.ee\/wp-content\/uploads\/sites\/22\/4004-300x243.png 300w\" sizes=\"auto, (max-width: 473px) 100vw, 473px\"><\/p>\n<p style=\"text-align: center;\"><em>S\u00e4\u00e4stlik preparatsoon ei n\u00f5ua kaviteetide \u00fchendamist <\/em><br>\n<em>kui nende vahele j\u00e4\u00e4b v\u00e4hemalt 1 mm kahjustamata hambakude<\/em><\/p>\n<p>K\u00f5ik <strong style=\"color: #000000; line-height: 1.6em;\">kaviteedi servad <\/strong>peavad asetsema nii, et v\u00f5imaldaksid head <strong style=\"color: #000000; line-height: 1.6em;\">juurdep\u00e4\u00e4su t\u00e4idise servade viimistlemiseks.* <\/strong><\/p>\n<p>* S\u00e4\u00e4stlikul preparatsioonil ei ole selle n\u00f5ude j\u00e4rgimine esmat\u00e4htis.<\/p>\n<p><strong>Kaviteedi ulatust ja s\u00fcgavust m\u00f5jutavad<\/strong><span style=\"color: #000000;\"> mitmesugused lisategurid:<\/span><\/p>\n<ul>\n<li><span style=\"color: #000000;\" data-mce-mark=\"1\">Karioosse defekti ulatus<\/span><\/li>\n<li><span style=\"color: #000000;\" data-mce-mark=\"1\">Esteetilised n\u00f5uded<\/span><\/li>\n<li><span style=\"color: #000000;\" data-mce-mark=\"1\">Hambumus<\/span><\/li>\n<li><span style=\"color: #000000;\" data-mce-mark=\"1\">K\u00f5rvalolev hamba kontuur<\/span><\/li>\n<li><span style=\"color: #000000;\" data-mce-mark=\"1\">Kaviteedi servade paigutus hambapinna suhtes<\/span><\/li>\n<\/ul>\n<div id=\"accordion\" class=\"accordion\">\n<p class=\"p1\"><\/p><div class=\"accordion mb-3\">\n        <div class=\"accordion-item accordion-item--white\">\n        <h2 class=\"accordion-header\" id=\"accordion-69e07cd360f13-heading\">\n            <button class=\"accordion-button collapsed\" type=\"button\" data-bs-toggle=\"collapse\" data-bs-target=\"#accordion-69e07cd360f13-collapse\" aria-expanded=\"true\" aria-controls=\"accordion-69e07cd360f13-collapse\">Millele tuleks kaviteedi preparatsioonil t\u00e4helepanu p\u00f6\u00f6rata, et s\u00e4iliks hamba tugevus?<\/button>\n        <\/h2>\n        <div id=\"accordion-69e07cd360f13-collapse\" class=\"accordion-collapse collapse\" aria-labelledby=\"accordion-69e07cd360f13-heading\">\n            <div class=\"accordion-body\">\n<div>\n<ul>\n<li><span style=\"line-height: 1.6em;\">S\u00e4ilitada k\u00f6prude tugevus <\/span><\/li>\n<li><span style=\"line-height: 1.6em;\">S\u00e4ilitada \u00e4\u00e4reliistu tugevus <\/span><\/li>\n<li><span style=\"line-height: 1.6em;\">Kaviteeti laiendada fatsiolingvaalses suunas minimaalselt <\/span><\/li>\n<li><span style=\"line-height: 1.6em;\">Kasutada enameloplastikat (rekonstruktsioon) \u00dchendada omavahel kaviteedid, millede vahele j\u00e4\u00e4b alla 0,5 mm <\/span><\/li>\n<li><span style=\"line-height: 1.6em;\">Piirata kaviteedi s\u00fcgavust: kaviteedi ulatus dentiini maksimaalselt 0,2 mm, kui tegemist on fissuurikaariesega ja s\u00fcgavus 0,2-0,8 mm sileda\/vaba pinna kaariese korral (m\u00f5\u00f5detuna aksiaalsest seinast)<\/span><\/li>\n<\/ul>\n<p><\/p><\/div>\n        <\/div>\n        <\/div>\n    <\/div>\n<\/div>\n<\/div>\n","protected":false},"excerpt":{"rendered":"<p>Kogu kriitjasvalge demineraliseerunud ja n\u00f5rgenenud email tuleb eemaldada. Samuti eemaldatakse\u00a0 \u00f5huke, v\u00e4hem kui \u00fche millimeetrise paksusega emailiosa (murdumisohu t\u00f5ttu). K\u00f5ik fissuurid peavad olema preparatsiooni haaratud (See n\u00f5ue ei kehti s\u00e4\u00e4stliku preparatsiooni korral, kus preparatsioon v\u00f5ib fissuure haarata ka ainult osaliselt, &#8230;<\/p>\n","protected":false},"author":12,"featured_media":0,"parent":0,"menu_order":0,"comment_status":"closed","ping_status":"closed","template":"","meta":{"_acf_changed":false,"inline_featured_image":false,"footnotes":""},"class_list":["post-8","page","type-page","status-publish","hentry"],"acf":[],"_links":{"self":[{"href":"https:\/\/sisu.ut.ee\/hambaravi4\/wp-json\/wp\/v2\/pages\/8","targetHints":{"allow":["GET"]}}],"collection":[{"href":"https:\/\/sisu.ut.ee\/hambaravi4\/wp-json\/wp\/v2\/pages"}],"about":[{"href":"https:\/\/sisu.ut.ee\/hambaravi4\/wp-json\/wp\/v2\/types\/page"}],"author":[{"embeddable":true,"href":"https:\/\/sisu.ut.ee\/hambaravi4\/wp-json\/wp\/v2\/users\/12"}],"replies":[{"embeddable":true,"href":"https:\/\/sisu.ut.ee\/hambaravi4\/wp-json\/wp\/v2\/comments?post=8"}],"version-history":[{"count":2,"href":"https:\/\/sisu.ut.ee\/hambaravi4\/wp-json\/wp\/v2\/pages\/8\/revisions"}],"predecessor-version":[{"id":275,"href":"https:\/\/sisu.ut.ee\/hambaravi4\/wp-json\/wp\/v2\/pages\/8\/revisions\/275"}],"wp:attachment":[{"href":"https:\/\/sisu.ut.ee\/hambaravi4\/wp-json\/wp\/v2\/media?parent=8"}],"curies":[{"name":"wp","href":"https:\/\/api.w.org\/{rel}","templated":true}]}}