{"id":7,"date":"2024-04-03T23:10:32","date_gmt":"2024-04-03T20:10:32","guid":{"rendered":"https:\/\/sisu.ut.ee\/hambaravi4\/13-kontuuride-kujundamine\/"},"modified":"2024-04-09T14:13:15","modified_gmt":"2024-04-09T11:13:15","slug":"13-kontuuride-kujundamine","status":"publish","type":"page","link":"https:\/\/sisu.ut.ee\/hambaravi4\/13-kontuuride-kujundamine\/","title":{"rendered":"1.2. Kontuuride kujundamine"},"content":{"rendered":"<p>Kontuurid luuakse sinna, kuhu on planeeritud l\u00f5pliku kaviteedi piirid. Enamasti \u00fchtib kaviteedi asukoht karioosse kahjustuse asukohaga. K\u00f5ige lihtsamini m\u00f5istetav on fissuurikaariese paiknemine, mille korral <strong style=\"line-height: 1.6em;\">kaviteedi loomisel arvestatakse fissuuride kulgu<\/strong>.<\/p>\n<p>Esialgseks sobivaks <strong>preparatsioonis\u00fcgavuseks<\/strong> v\u00f5iks olla orienteeruvalt <strong>0,2-0,8 mm<\/strong> (s\u00fcgavus m\u00f5\u00f5detuna emaili-dentiini \u00fchendusest). Kaviteedi s\u00fcgavus v\u00f5ib olla isegi suurem v\u00e4ga \u00f5hukese v\u00f5i puuduva emaili korral, et tagada t\u00e4idismaterjali vastupidavus. Kaviteedi esmane kuju peaks olema m\u00f5ttes paika pandud <strong>enne hambakoe eemaldama hakkamist <\/strong>(vaata juuresolevat <span style=\"color: #000000;\"><strong>fotot<\/strong><\/span>).<\/p>\n<p><img loading=\"lazy\" decoding=\"async\" width=\"473\" height=\"383\" class=\"alignnone wp-image-59 aligncenter\" style=\"margin-left: auto; margin-right: auto;\" title=\"4001.png\" src=\"https:\/\/sisu.ut.ee\/wp-content\/uploads\/sites\/22\/4001.png\" alt=\"4001.png\" srcset=\"https:\/\/sisu.ut.ee\/wp-content\/uploads\/sites\/22\/4001.png 473w, https:\/\/sisu.ut.ee\/wp-content\/uploads\/sites\/22\/4001-300x243.png 300w\" sizes=\"auto, (max-width: 473px) 100vw, 473px\"><\/p>\n<p style=\"text-align: center;\"><em>Kaarieskahjustus oklusaalsel pinnal<\/em><\/p>\n<p><img loading=\"lazy\" decoding=\"async\" width=\"464\" height=\"383\" class=\"alignnone wp-image-60 aligncenter\" style=\"margin-left: auto; margin-right: auto;\" title=\"4002.png\" src=\"https:\/\/sisu.ut.ee\/wp-content\/uploads\/sites\/22\/4002.png\" alt=\"4002.png\" srcset=\"https:\/\/sisu.ut.ee\/wp-content\/uploads\/sites\/22\/4002.png 464w, https:\/\/sisu.ut.ee\/wp-content\/uploads\/sites\/22\/4002-300x248.png 300w\" sizes=\"auto, (max-width: 464px) 100vw, 464px\"><\/p>\n<p style=\"text-align: center;\"><em>Planeeritud kaviteedi piirid samal hambal<\/em><\/p>\n<div id=\"accordion\" class=\"accordion\">\n<p class=\"p1\"><\/p><div class=\"accordion mb-3\">\n        <div class=\"accordion-item accordion-item--white\">\n        <h2 class=\"accordion-header\" id=\"accordion-69e07cd397906-heading\">\n            <button class=\"accordion-button collapsed\" type=\"button\" data-bs-toggle=\"collapse\" data-bs-target=\"#accordion-69e07cd397906-collapse\" aria-expanded=\"true\" aria-controls=\"accordion-69e07cd397906-collapse\">Loe lisaks!<\/button>\n        <\/h2>\n        <div id=\"accordion-69e07cd397906-collapse\" class=\"accordion-collapse collapse\" aria-labelledby=\"accordion-69e07cd397906-heading\">\n            <div class=\"accordion-body\">\n<div>Kui soovid hiljem <strong>p\u00f5hjalikumalt kaviteedi loomisesse<\/strong> s\u00fcveneda, siis v\u00f5id tutvuda <strong>noorele hambaarstile<\/strong> m\u00f5eldud inglisekeelse veebilehega <a href=\"http:\/\/www.juniordentist.com\/outline-form-cavity-preparation.html\" target=\"_blank\" rel=\"noopener\">http:\/\/www.juniordentist.com\/outline-form-cavity-preparation.html<\/a>. Esialgu v\u00f5ib inglisekeelne terminoloogia olla veidi segadust tekitav, kuid \u00f5piobjekti l\u00e4binuna peaksid sa p\u00f5hilist m\u00f5istma, sest selgitused on l\u00fchikesed ja selged. Lehelt leiad <strong>kliiniliseks t\u00f6\u00f6ks vajalikud<\/strong> kaviteedi loomise p\u00f5him\u00f5tted, mille aluseks on nii kaviteedi paiknemine kui kasutatava restauratsioonimaterjal. <\/div>\n        <\/div>\n        <\/div>\n    <\/div><\/div>\n<\/div>\n","protected":false},"excerpt":{"rendered":"<p>Kontuurid luuakse sinna, kuhu on planeeritud l\u00f5pliku kaviteedi piirid. Enamasti \u00fchtib kaviteedi asukoht karioosse kahjustuse asukohaga. K\u00f5ige lihtsamini m\u00f5istetav on fissuurikaariese paiknemine, mille korral kaviteedi loomisel arvestatakse fissuuride kulgu. Esialgseks sobivaks preparatsioonis\u00fcgavuseks v\u00f5iks olla orienteeruvalt 0,2-0,8 mm (s\u00fcgavus m\u00f5\u00f5detuna emaili-dentiini &#8230;<\/p>\n","protected":false},"author":12,"featured_media":0,"parent":0,"menu_order":0,"comment_status":"closed","ping_status":"closed","template":"","meta":{"_acf_changed":false,"inline_featured_image":false,"footnotes":""},"class_list":["post-7","page","type-page","status-publish","hentry"],"acf":[],"_links":{"self":[{"href":"https:\/\/sisu.ut.ee\/hambaravi4\/wp-json\/wp\/v2\/pages\/7","targetHints":{"allow":["GET"]}}],"collection":[{"href":"https:\/\/sisu.ut.ee\/hambaravi4\/wp-json\/wp\/v2\/pages"}],"about":[{"href":"https:\/\/sisu.ut.ee\/hambaravi4\/wp-json\/wp\/v2\/types\/page"}],"author":[{"embeddable":true,"href":"https:\/\/sisu.ut.ee\/hambaravi4\/wp-json\/wp\/v2\/users\/12"}],"replies":[{"embeddable":true,"href":"https:\/\/sisu.ut.ee\/hambaravi4\/wp-json\/wp\/v2\/comments?post=7"}],"version-history":[{"count":2,"href":"https:\/\/sisu.ut.ee\/hambaravi4\/wp-json\/wp\/v2\/pages\/7\/revisions"}],"predecessor-version":[{"id":274,"href":"https:\/\/sisu.ut.ee\/hambaravi4\/wp-json\/wp\/v2\/pages\/7\/revisions\/274"}],"wp:attachment":[{"href":"https:\/\/sisu.ut.ee\/hambaravi4\/wp-json\/wp\/v2\/media?parent=7"}],"curies":[{"name":"wp","href":"https:\/\/api.w.org\/{rel}","templated":true}]}}