{"id":6,"date":"2024-04-03T23:10:32","date_gmt":"2024-04-03T20:10:32","guid":{"rendered":"https:\/\/sisu.ut.ee\/hambaravi4\/12-preparatsiooni-etapid\/"},"modified":"2024-04-09T14:12:07","modified_gmt":"2024-04-09T11:12:07","slug":"12-preparatsiooni-etapid","status":"publish","type":"page","link":"https:\/\/sisu.ut.ee\/hambaravi4\/12-preparatsiooni-etapid\/","title":{"rendered":"1.1. Preparatsiooni etapid"},"content":{"rendered":"<div>Kaviteedi <strong>preparatsiooni eesm\u00e4rgiks<\/strong> on eemaldada kahjustunud, karioosne hambakude ja luua ruum t\u00e4idismaterjalile, et taastada hamba esialgne anatoomia, funktsioon ja esteetika.<\/div>\n<div class=\"iDevice emphasis0\">\n<div class=\"block\">Kaviteedi loomisel on vajalik eemaldada kogu kahjustunud hambakude, v\u00e4lja arvatud kaviteedi aksiaalses ehk pulbipoolses seinas. Kaviteedi aksiaalse seina kujundamisel on esmat\u00e4htis pulbi kahjustamise v\u00e4ltimine.Kaviteedi loomisel kehtib kuldreegel: <strong>prepareerida nii palju kui vajalik ja nii v\u00e4he kui v\u00f5imalik. <\/strong>Kaviteedi loomisel p\u00fc\u00fctakse maksimaalselt s\u00e4ilitada tervet hambakude, hoides preparatsiooni ulatuse v\u00f5imalikult minimaalse. Mida v\u00e4hem kudesid eemaldada, seda enam j\u00e4\u00e4b alles tervet hammast.<strong>S\u00e4\u00e4stlik preparatsioon<\/strong> on t\u00e4nap\u00e4evase, mikroinvasiivse restauratiivse hambaravi \u00fcks peamiseid p\u00f5him\u00f5tteid. Kudesid tuleb eemaldada ainult nii palju, et kahjustunud koed oleksid eemaldatud ja kaviteedi kuju tagaks t\u00e4idisele vastupanu m\u00e4lumisj\u00f5ule.\n<p><strong>Kaviteedi preparatsioon koosneb neljast peamisest etapist:<\/strong><\/p>\n<ol>\n<li>Kontuuride kujundamine ja esialgse kaviteedi s\u00fcgavuse loomine<\/li>\n<li>Esmase vastupanukuju andmine<\/li>\n<li>Esmase retentsioonikuju loomine<\/li>\n<li><span data-mce-mark=\"1\">Kaviteedi l\u00f5plik<\/span> viimistlus<\/li>\n<\/ol>\n<p><strong>Kontuuride kujundamine ja esialgse s\u00fcgavuse loomine<\/strong><\/p>\n<p>Kontuurid luuakse sinna, kuhu on planeeritud l\u00f5pliku kaviteedi piirid. Enamasti \u00fchtib kaviteedi asukoht karioosse kahjustuse asukohaga. K\u00f5ige kergemini m\u00f5istetav on fissuurikaariese paiknemine, mille korral kaviteedi loomisel arvestatakse fissuuride kulgu.<\/p>\n<p><strong>Esmase vastupanukuju andmine<\/strong><\/p>\n<p>Seda etappi v\u00f5ib defineerida kui kaviteedi seinte kujundamist ja paigutust nii, et see oleks parima tulemusega nii hambale kui t\u00e4idisele, et need taluksid m\u00e4lumisr\u00f5hku ilma murdumata.<\/p>\n<p><strong>Esmase retentsioonikuju loomine<\/strong><\/p>\n<p>Esmane retentsioonikuju on kuju, mis antakse tavap\u00e4rase preparatsiooniga, et tagada t\u00e4idise p\u00fcsivus kaviteedis kallutavatele ja t\u00f5stvatele j\u00f5ududele.<\/p>\n<p>M\u00f5nikord lisatakse retentsiooni suurendavad elemendid hilisemas kaviteedi preparatsiooni etapis.<\/p>\n<p><span data-mce-mark=\"1\"><strong>Kaviteedi l\u00f5plik viimistlus<\/strong><\/span><\/p>\n<p>Kaviteedile antakse vorm ja kuju, mis v\u00f5imaldab adekvaatset n\u00e4htavust, juurdep\u00e4\u00e4su ja kergendab prepareerimist ning t\u00e4idise asetamist.<\/p>\n<h6>Ideaalne hamba preparatsioon t\u00e4idisele on selline, mis arvestab kaviteedi kuju, retentsiooni ning vastupanu m\u00e4lumisr\u00f5hule samaaegselt.<\/h6>\n<div id=\"accordion\" class=\"accordion\">\n<p class=\"p1\"><\/p><div class=\"accordion mb-3\">\n        <div class=\"accordion-item accordion-item--white\">\n        <h2 class=\"accordion-header\" id=\"accordion-69e07cd28019b-heading\">\n            <button class=\"accordion-button collapsed\" type=\"button\" data-bs-toggle=\"collapse\" data-bs-target=\"#accordion-69e07cd28019b-collapse\" aria-expanded=\"true\" aria-controls=\"accordion-69e07cd28019b-collapse\">Millised on preparatsiooni ja restauratsiooni eesm\u00e4rgid?<\/button>\n        <\/h2>\n        <div id=\"accordion-69e07cd28019b-collapse\" class=\"accordion-collapse collapse\" aria-labelledby=\"accordion-69e07cd28019b-heading\">\n            <div class=\"accordion-body\">\n<div>\n<ul>\n<li>Eemaldada kahjustunud hambakude<\/li>\n<li>Taastada kahjustunud ja eemaldatud hambakude<\/li>\n<li>Taastada hamba funktsioon<\/li>\n<li>Taastada hamba esteetika<\/li>\n<\/ul>\n<p><\/p><\/div>\n        <\/div>\n        <\/div>\n    <\/div>\n<\/div>\n<\/div>\n<\/div>\n<\/div>\n","protected":false},"excerpt":{"rendered":"<p>Kaviteedi preparatsiooni eesm\u00e4rgiks on eemaldada kahjustunud, karioosne hambakude ja luua ruum t\u00e4idismaterjalile, et taastada hamba esialgne anatoomia, funktsioon ja esteetika. Kaviteedi loomisel on vajalik eemaldada kogu kahjustunud hambakude, v\u00e4lja arvatud kaviteedi aksiaalses ehk pulbipoolses seinas. Kaviteedi aksiaalse seina kujundamisel on &#8230;<\/p>\n","protected":false},"author":12,"featured_media":0,"parent":0,"menu_order":0,"comment_status":"closed","ping_status":"closed","template":"","meta":{"_acf_changed":false,"inline_featured_image":false,"footnotes":""},"class_list":["post-6","page","type-page","status-publish","hentry"],"acf":[],"_links":{"self":[{"href":"https:\/\/sisu.ut.ee\/hambaravi4\/wp-json\/wp\/v2\/pages\/6","targetHints":{"allow":["GET"]}}],"collection":[{"href":"https:\/\/sisu.ut.ee\/hambaravi4\/wp-json\/wp\/v2\/pages"}],"about":[{"href":"https:\/\/sisu.ut.ee\/hambaravi4\/wp-json\/wp\/v2\/types\/page"}],"author":[{"embeddable":true,"href":"https:\/\/sisu.ut.ee\/hambaravi4\/wp-json\/wp\/v2\/users\/12"}],"replies":[{"embeddable":true,"href":"https:\/\/sisu.ut.ee\/hambaravi4\/wp-json\/wp\/v2\/comments?post=6"}],"version-history":[{"count":4,"href":"https:\/\/sisu.ut.ee\/hambaravi4\/wp-json\/wp\/v2\/pages\/6\/revisions"}],"predecessor-version":[{"id":273,"href":"https:\/\/sisu.ut.ee\/hambaravi4\/wp-json\/wp\/v2\/pages\/6\/revisions\/273"}],"wp:attachment":[{"href":"https:\/\/sisu.ut.ee\/hambaravi4\/wp-json\/wp\/v2\/media?parent=6"}],"curies":[{"name":"wp","href":"https:\/\/api.w.org\/{rel}","templated":true}]}}