{"id":55,"date":"2024-04-03T23:10:34","date_gmt":"2024-04-03T20:10:34","guid":{"rendered":"https:\/\/sisu.ut.ee\/hambaravi4\/65-kokkuvote\/"},"modified":"2024-04-09T15:08:02","modified_gmt":"2024-04-09T12:08:02","slug":"65-kokkuvote","status":"publish","type":"page","link":"https:\/\/sisu.ut.ee\/hambaravi4\/65-kokkuvote\/","title":{"rendered":"6.5. Kokkuv\u00f5te"},"content":{"rendered":"<p><strong>Hambakaelal paikneva kaviteedi<\/strong> loomine ei ole enamasti keeruline, kuna nii<strong> n\u00e4htavus kui ligip\u00e4\u00e4s on head<\/strong>. Suurimaks<strong> probleemiks<\/strong> on <strong>allapoole igemepiiri ulatuv kahjustus<\/strong>. Sellisel juhul on oluline kaviteedi <strong>hea isoleerimine suukeskkonnast<\/strong> v\u00e4ltimaks niiskuse sattumist kaviteeti.<\/p>\n<p><img loading=\"lazy\" decoding=\"async\" width=\"559\" height=\"392\" class=\"alignnone wp-image-110 aligncenter\" title=\"4501.jpg\" src=\"https:\/\/sisu.ut.ee\/wp-content\/uploads\/sites\/22\/4501.jpg\" alt=\"4501.jpg\" srcset=\"https:\/\/sisu.ut.ee\/wp-content\/uploads\/sites\/22\/4501.jpg 559w, https:\/\/sisu.ut.ee\/wp-content\/uploads\/sites\/22\/4501-300x210.jpg 300w\" sizes=\"auto, (max-width: 559px) 100vw, 559px\"><\/p>\n<p><em>Kahjustus on l\u00e4htunud t\u00f5en\u00e4oliselt bukaalsele ulatuvast fissuurist, kuid selle ulatus haarab n\u00fc\u00fcdseks hamba gingivaalset 2\/3. Igeme l\u00e4heduse t\u00f5tttu k\u00e4sitletakse kaviteedi alumist serva gingivaalse kaviteedina ja sinna kaldlihvi ei tehta. <a href=\"https:\/\/www.healthtap.com\/#topics\/filling\" target=\"_blank\" rel=\"noopener\">https:\/\/www.healthtap.com\/#topics\/filling<\/a><\/em><\/p>\n<div id=\"accordion\" class=\"accordion\">\n<p class=\"p1\"><\/p><div class=\"accordion mb-3\">\n        <div class=\"accordion-item accordion-item--white\">\n        <h2 class=\"accordion-header\" id=\"accordion-69e2464bcbf46-heading\">\n            <button class=\"accordion-button collapsed\" type=\"button\" data-bs-toggle=\"collapse\" data-bs-target=\"#accordion-69e2464bcbf46-collapse\" aria-expanded=\"true\" aria-controls=\"accordion-69e2464bcbf46-collapse\">Loe lisaks!<\/button>\n        <\/h2>\n        <div id=\"accordion-69e2464bcbf46-collapse\" class=\"accordion-collapse collapse\" aria-labelledby=\"accordion-69e2464bcbf46-heading\">\n            <div class=\"accordion-body\">V\u00f5id tutvuda veebilehega, kus on kirjeldatud<strong> erinevate t\u00e4idismaterjalide<\/strong> kasutamist hambakaelal paikneva kahjustuse restauratsioonil ja nende materjalide kasutamise <strong>kaugtulemusi<\/strong> (<a href=\"http:\/\/www.rde.ac\/search.php?where=aview&amp;id=10.5395\/JKACD.2010.35.2.116&amp;code=0185JKACD&amp;vmode=PUBREADER\" target=\"_blank\" rel=\"noopener\">http:\/\/www.rde.ac\/search.php?where=aview&amp;id=10.5395\/JKACD.2010.35.2.116&amp;code=0185JKACD&amp;vmode=PUBREADER<\/a>).<\/div>\n        <\/div>\n        <\/div>\n    <\/div>\n<\/div>\n<p>T\u00e4nap\u00e4evane seisukoht <strong>eelistab<\/strong> klassikalisele tehnikale <strong>v\u00e4hesemat kudede eemaldamist<\/strong>. Ulatuslikum preparatsioon on \u00f5igustatud <strong>ulatusliku kahjustuse<\/strong> v\u00f5i <strong>korduvalt eemaldunud t\u00e4idise<\/strong> puhul. Sel juhul annavad <strong>paralleelsed kaviteediseinad<\/strong> ja <strong>retentsioonivaod<\/strong> t\u00e4idisele lisatuge ja<strong> parandavad<\/strong> selle <strong>p\u00fcsivust.<\/strong><\/p>\n<p>Riina Runnel<br>\nTartu \u00dclikooli stomatoloogia kliiniku<br>\nsuu- ja hambahaiguste \u00f5ppej\u00f5ud<br>\n<a href=\"mailto:riina.runnel@ut.ee\">riina.runnel@ut.ee<\/a><\/p>\n","protected":false},"excerpt":{"rendered":"<p>Hambakaelal paikneva kaviteedi loomine ei ole enamasti keeruline, kuna nii n\u00e4htavus kui ligip\u00e4\u00e4s on head. Suurimaks probleemiks on allapoole igemepiiri ulatuv kahjustus. Sellisel juhul on oluline kaviteedi hea isoleerimine suukeskkonnast v\u00e4ltimaks niiskuse sattumist kaviteeti. Kahjustus on l\u00e4htunud t\u00f5en\u00e4oliselt bukaalsele ulatuvast &#8230;<\/p>\n","protected":false},"author":12,"featured_media":0,"parent":0,"menu_order":0,"comment_status":"closed","ping_status":"closed","template":"","meta":{"_acf_changed":false,"inline_featured_image":false,"footnotes":""},"class_list":["post-55","page","type-page","status-publish","hentry"],"acf":[],"_links":{"self":[{"href":"https:\/\/sisu.ut.ee\/hambaravi4\/wp-json\/wp\/v2\/pages\/55","targetHints":{"allow":["GET"]}}],"collection":[{"href":"https:\/\/sisu.ut.ee\/hambaravi4\/wp-json\/wp\/v2\/pages"}],"about":[{"href":"https:\/\/sisu.ut.ee\/hambaravi4\/wp-json\/wp\/v2\/types\/page"}],"author":[{"embeddable":true,"href":"https:\/\/sisu.ut.ee\/hambaravi4\/wp-json\/wp\/v2\/users\/12"}],"replies":[{"embeddable":true,"href":"https:\/\/sisu.ut.ee\/hambaravi4\/wp-json\/wp\/v2\/comments?post=55"}],"version-history":[{"count":2,"href":"https:\/\/sisu.ut.ee\/hambaravi4\/wp-json\/wp\/v2\/pages\/55\/revisions"}],"predecessor-version":[{"id":316,"href":"https:\/\/sisu.ut.ee\/hambaravi4\/wp-json\/wp\/v2\/pages\/55\/revisions\/316"}],"wp:attachment":[{"href":"https:\/\/sisu.ut.ee\/hambaravi4\/wp-json\/wp\/v2\/media?parent=55"}],"curies":[{"name":"wp","href":"https:\/\/api.w.org\/{rel}","templated":true}]}}