{"id":54,"date":"2024-04-03T23:10:34","date_gmt":"2024-04-03T20:10:34","guid":{"rendered":"https:\/\/sisu.ut.ee\/hambaravi4\/64-preparatsioon\/"},"modified":"2024-04-09T15:06:55","modified_gmt":"2024-04-09T12:06:55","slug":"64-preparatsioon","status":"publish","type":"page","link":"https:\/\/sisu.ut.ee\/hambaravi4\/64-preparatsioon\/","title":{"rendered":"6.4. Preparatsioon"},"content":{"rendered":"<p>Hamba <strong>gingivaalses osas paiknev kaviteet<\/strong> meenutab molaaride\u00a0bukaalsele v\u00f5i palatinaalsele\u00a0k\u00fcljele ulatuvas fissuuris paiknevat kaviteeti.<\/p>\n<p>Erinev on <strong>kaviteedi kuju<\/strong>, mis <strong>j\u00e4rgib<\/strong> enamasti<strong> igeme kulgu<\/strong>. Teine erinevus tuleneb hamba <strong>pinna kumerusest<\/strong> \u2013 kaviteet peab ka seda <strong>j\u00e4rgima<\/strong>. Vajadusel <strong>korda<\/strong> hambakaelal paikneva kaviteedi prepareerimise n\u00f5udeid \u00f5piobjektist \u2018<a href=\"http:\/\/dspace.utlib.ee\/dspace\/bitstream\/handle\/10062\/25915\/index.html?sequence=360\" target=\"_blank\" rel=\"noopener\">V klassi preparatsioon komposiitt\u00e4idisele<\/a>\u2018.<\/p>\n<table class=\"table table-hover\" border=\"0\" align=\"center\">\n<tbody>\n<tr>\n<td><img loading=\"lazy\" decoding=\"async\" width=\"200\" height=\"150\" class=\"alignnone wp-image-108\" style=\"max-width: 100%;font-size: 13px;line-height: 20.796875px\" src=\"https:\/\/sisu.ut.ee\/wp-content\/uploads\/sites\/22\/4511a.jpg\" title=\"4511a.jpg\" alt=\"4511a.jpg\"><\/td>\n<td><img loading=\"lazy\" decoding=\"async\" width=\"200\" height=\"150\" class=\"alignnone wp-image-109\" src=\"https:\/\/sisu.ut.ee\/wp-content\/uploads\/sites\/22\/4511b.jpg\" title=\"4511b.jpg\" alt=\"4511b.jpg\"><\/td>\n<\/tr>\n<\/tbody>\n<\/table>\n<p style=\"text-align: center\"><em>Klassikaline preparatsioon (a), mis j\u00e4rgib igeme kuju ja on \u00fchtlase s\u00fcgavusega ning restauratsioon (b),\u00a0<a style=\"line-height: 1.6em\" href=\"http:\/\/www.dentistrytoday.com\/pediatric-dentistry\/4827-flowable-composites-aesthetics-for-tots-and-teens\" target=\"_blank\" rel=\"noopener\">http:\/\/www.dentistrytoday.com\/pediatric-dentistry\/4827-flowable-composites-aesthetics-for-tots-and-teens<\/a><\/em><\/p>\n<p>Kaviteedi loomist aitab sul visualiseerida <strong>video:<\/strong><\/p>\n<p><\/p><div class=\"ratio ratio-16x9 mb-3\"><div class=\"video-placeholder-wrapper video-placeholder-wrapper--16x9\">\n\t\t\t    <div class=\"video-placeholder d-flex justify-content-center align-items-center\">\n\t\t\t        <div class=\"overlay text-white p-2 w-100 text-center d-block justify-content-center align-items-center\">\n\t\t\t            <div>Kolmandate osapoolte sisu n\u00e4gemiseks palun n\u00f5ustu k\u00fcpsistega.<\/div>\n\t\t\t            <button class=\"btn btn-secondary btn-sm mt-1 consent-change\">Muuda n\u00f5usolekut<\/button>\n\t\t\t        <\/div>\n\t\t\t    <\/div>\n\t\t\t<\/div>\n<\/div>\n<p>Sageli esineb olukord, kus tegemist on <strong>hamba k\u00f5vakudede mittekarioosse kahjustusega<\/strong>: abrasioon, erosioon v\u00f5i m\u00f5ni muu kahjustus. Sellisel juhul <strong>erineb<\/strong> kaviteedi loomine standardtehnikast <strong>s\u00e4\u00e4stlikuma preparatsiooni<\/strong> poolest. Vaata j\u00e4rgmist <strong>videot<\/strong> <strong>modifitseeritud tehnikast:<\/strong><\/p>\n<p><\/p><div class=\"ratio ratio-16x9 mb-3\"><div class=\"video-placeholder-wrapper video-placeholder-wrapper--16x9\">\n\t\t\t    <div class=\"video-placeholder d-flex justify-content-center align-items-center\">\n\t\t\t        <div class=\"overlay text-white p-2 w-100 text-center d-block justify-content-center align-items-center\">\n\t\t\t            <div>Kolmandate osapoolte sisu n\u00e4gemiseks palun n\u00f5ustu k\u00fcpsistega.<\/div>\n\t\t\t            <button class=\"btn btn-secondary btn-sm mt-1 consent-change\">Muuda n\u00f5usolekut<\/button>\n\t\t\t        <\/div>\n\t\t\t    <\/div>\n\t\t\t<\/div>\n<\/div><br>Vajadusel saad baasteadmisi <strong>korrata<\/strong> \u00f5piobjektist \u00a0\u2018<a style=\"line-height: 1.6em\" href=\"http:\/\/dspace.utlib.ee\/dspace\/bitstream\/handle\/10062\/25915\/v_klassi_preparatsioon_abrasiivse_vi_erosiivse_kahjustuse_korral.html\" target=\"_blank\" rel=\"noopener\">V klassi preparatsioon komposiitt\u00e4idisele<\/a>\u2018.\n","protected":false},"excerpt":{"rendered":"<p>Hamba gingivaalses osas paiknev kaviteet meenutab molaaride\u00a0bukaalsele v\u00f5i palatinaalsele\u00a0k\u00fcljele ulatuvas fissuuris paiknevat kaviteeti. Erinev on kaviteedi kuju, mis j\u00e4rgib enamasti igeme kulgu. Teine erinevus tuleneb hamba pinna kumerusest \u2013 kaviteet peab ka seda j\u00e4rgima. Vajadusel korda hambakaelal paikneva kaviteedi prepareerimise &#8230;<\/p>\n","protected":false},"author":12,"featured_media":0,"parent":0,"menu_order":0,"comment_status":"closed","ping_status":"closed","template":"","meta":{"_acf_changed":false,"inline_featured_image":false,"footnotes":""},"class_list":["post-54","page","type-page","status-publish","hentry"],"acf":[],"_links":{"self":[{"href":"https:\/\/sisu.ut.ee\/hambaravi4\/wp-json\/wp\/v2\/pages\/54","targetHints":{"allow":["GET"]}}],"collection":[{"href":"https:\/\/sisu.ut.ee\/hambaravi4\/wp-json\/wp\/v2\/pages"}],"about":[{"href":"https:\/\/sisu.ut.ee\/hambaravi4\/wp-json\/wp\/v2\/types\/page"}],"author":[{"embeddable":true,"href":"https:\/\/sisu.ut.ee\/hambaravi4\/wp-json\/wp\/v2\/users\/12"}],"replies":[{"embeddable":true,"href":"https:\/\/sisu.ut.ee\/hambaravi4\/wp-json\/wp\/v2\/comments?post=54"}],"version-history":[{"count":1,"href":"https:\/\/sisu.ut.ee\/hambaravi4\/wp-json\/wp\/v2\/pages\/54\/revisions"}],"predecessor-version":[{"id":202,"href":"https:\/\/sisu.ut.ee\/hambaravi4\/wp-json\/wp\/v2\/pages\/54\/revisions\/202"}],"wp:attachment":[{"href":"https:\/\/sisu.ut.ee\/hambaravi4\/wp-json\/wp\/v2\/media?parent=54"}],"curies":[{"name":"wp","href":"https:\/\/api.w.org\/{rel}","templated":true}]}}