{"id":52,"date":"2024-04-03T23:10:34","date_gmt":"2024-04-03T20:10:34","guid":{"rendered":"https:\/\/sisu.ut.ee\/hambaravi4\/62-kaviteedi-paiknemine\/"},"modified":"2024-04-09T15:06:24","modified_gmt":"2024-04-09T12:06:24","slug":"62-kaviteedi-paiknemine","status":"publish","type":"page","link":"https:\/\/sisu.ut.ee\/hambaravi4\/62-kaviteedi-paiknemine\/","title":{"rendered":"6.2. Kaviteedi paiknemine"},"content":{"rendered":"<p>Karioosne kahjustus igeme \u00e4\u00e4res v\u00f5ib paikneda <strong style=\"font-family: verdana, geneva; font-size: small; line-height: 1.6em;\">mistahes hamba mistahes pinnal<\/strong>. Hambakaelal v\u00f5i selle l\u00e4heduses paiknev kaviteet klassifitseerub Black V klassi kaviteedi alla.<\/p>\n<p><img loading=\"lazy\" decoding=\"async\" width=\"576\" height=\"283\" class=\"alignnone wp-image-104 aligncenter\" style=\"margin-left: auto; margin-right: auto;\" title=\"4508.jpg\" src=\"https:\/\/sisu.ut.ee\/wp-content\/uploads\/sites\/22\/4508.jpg\" alt=\"4508.jpg\" srcset=\"https:\/\/sisu.ut.ee\/wp-content\/uploads\/sites\/22\/4508.jpg 576w, https:\/\/sisu.ut.ee\/wp-content\/uploads\/sites\/22\/4508-300x147.jpg 300w\" sizes=\"auto, (max-width: 576px) 100vw, 576px\"><\/p>\n<p style=\"text-align: center;\"><em>Karioosne kaviteet, mis paikneb igeme l\u00e4heduses,\u00a0<a href=\"http:\/\/www.dentaljuce.com\/fruit\/page.asp?pid=81\" target=\"_blank\" rel=\"noopener\">http:\/\/www.dentaljuce.com\/fruit\/page.asp?pid=81<\/a><\/em><\/p>\n<p>J\u00e4rjest kauem suus p\u00fcsivad hambad on toonud uued probleemid. <strong>Juurekaaries<\/strong> on probleemiks eesk\u00e4tt eakamatel. Parodondi h\u00e4vimise t\u00f5ttu <strong>igemepiir taandub<\/strong> ning <strong>paljastunud juurepind<\/strong> on vastuv\u00f5tlikum katu kinnitumisele ja koos suukuivusega soodne pinnas juurekaariese arenemiseks.<\/p>\n<p>Lisaks karioossele kahjustusele v\u00f5ib restauratsiooni vajada ka hamabakaelal paiknev <strong>mittekarioosne kahjustus<\/strong> (nt abfraktsioon, abrasioon v\u00f5i erosioon).<\/p>\n<p><img loading=\"lazy\" decoding=\"async\" width=\"464\" height=\"377\" class=\"alignnone wp-image-105 aligncenter\" style=\"margin-left: auto; margin-right: auto;\" title=\"4504.jpg\" src=\"https:\/\/sisu.ut.ee\/wp-content\/uploads\/sites\/22\/4504.jpg\" alt=\"4504.jpg\" srcset=\"https:\/\/sisu.ut.ee\/wp-content\/uploads\/sites\/22\/4504.jpg 464w, https:\/\/sisu.ut.ee\/wp-content\/uploads\/sites\/22\/4504-300x244.jpg 300w\" sizes=\"auto, (max-width: 464px) 100vw, 464px\"><\/p>\n<p style=\"text-align: center;\"><em>Mittekarioosne k\u00f5vakoe kahjustus hambakaelal,\u00a0<a href=\"http:\/\/www.rde.ac\/search.php?where=aview&amp;id=10.5395\/JKACD.2010.35.2.116&amp;code=0185JKACD&amp;vmode=PUBREADER\" target=\"_blank\" rel=\"noopener\">http:\/\/www.rde.ac\/search.php?where=aview&amp;id=10.5395\/JKACD.2010.35.2.116&amp;code=0185JKACD&amp;vmode=PUBREADER<\/a><\/em><\/p>\n<p>Hambakaela piirkond on enamasti <strong>kergesti ligip\u00e4\u00e4setav ja hea n\u00e4htavusega<\/strong>. Veidi keerulisem on kavitreedi prepareerimine <strong>lingvaalsel<\/strong> paikneva kahjustuse korral, sest t\u00f6\u00f6 toimub <strong>peeglit kasutades<\/strong>. <strong>Juurdep\u00e4\u00e4s<\/strong> v\u00f5ib olla <strong>raskendatud<\/strong> ka <strong>tagumiste molaaride bukaalsetel <\/strong>ja <strong>alumiste molaaride lingvaalsel <\/strong>k\u00fcljel t\u00f6\u00f6tades, kus pehmed koed t\u00f6\u00f6d takistavad. Sellisel juhul v\u00f5ib <strong>assistent<\/strong> peegli abil <strong>pehmeid kudesid eemal hoida<\/strong>, parandades n\u00e4htavust ja kergendades arsti t\u00f6\u00f6d.<\/p>\n<p>Peamine <strong>probleem<\/strong>\u00a0hambakaelal paiknevatel kaviteetidel ei ole siiski seotud mitte preparatsiooni, vaid <strong>t\u00e4idise halvema adhesiivsusega<\/strong>. Email on hambakaelapiirkonnas <strong>\u00f5huke v\u00f5i puudub<\/strong>\u00a0hoopis (juurepinnal). Seet\u00f5ttu v\u00f5ib kaviteet vajada lisaretentsioonielemente.<\/p>\n<p><img loading=\"lazy\" decoding=\"async\" width=\"2560\" height=\"1726\" class=\"alignnone wp-image-106\" style=\"margin-left: auto; margin-right: auto;\" title=\"4509.jpg\" src=\"https:\/\/sisu.ut.ee\/wp-content\/uploads\/sites\/22\/4509-scaled.jpg\" alt=\"4509.jpg\" srcset=\"https:\/\/sisu.ut.ee\/wp-content\/uploads\/sites\/22\/4509-scaled.jpg 2560w, https:\/\/sisu.ut.ee\/wp-content\/uploads\/sites\/22\/4509-300x202.jpg 300w, https:\/\/sisu.ut.ee\/wp-content\/uploads\/sites\/22\/4509-1024x690.jpg 1024w, https:\/\/sisu.ut.ee\/wp-content\/uploads\/sites\/22\/4509-768x518.jpg 768w, https:\/\/sisu.ut.ee\/wp-content\/uploads\/sites\/22\/4509-1536x1035.jpg 1536w, https:\/\/sisu.ut.ee\/wp-content\/uploads\/sites\/22\/4509-2048x1380.jpg 2048w, https:\/\/sisu.ut.ee\/wp-content\/uploads\/sites\/22\/4509-1920x1294.jpg 1920w\" sizes=\"auto, (max-width: 2560px) 100vw, 2560px\"><\/p>\n<p style=\"text-align: center;\"><em>Fotol on n\u00e4ha keskmise hamba vasakul pool preparatsioon t\u00e4idise jaoks. Paremalt k\u00fcljelt on sekundaarse kaariese t\u00f5ttu tekkinud ulatuslik kudede h\u00e4vimine. Sellist kahjustust on raske v\u00f5i lausa v\u00f5imatu t\u00e4idismaterjaliga ravida. <a href=\"http:\/\/renonvdentistry.com\/\" target=\"_blank\" rel=\"noopener\">http:\/\/renonvdentistry.com\/<\/a><\/em><\/p>\n","protected":false},"excerpt":{"rendered":"<p>Karioosne kahjustus igeme \u00e4\u00e4res v\u00f5ib paikneda mistahes hamba mistahes pinnal. Hambakaelal v\u00f5i selle l\u00e4heduses paiknev kaviteet klassifitseerub Black V klassi kaviteedi alla. Karioosne kaviteet, mis paikneb igeme l\u00e4heduses,\u00a0http:\/\/www.dentaljuce.com\/fruit\/page.asp?pid=81 J\u00e4rjest kauem suus p\u00fcsivad hambad on toonud uued probleemid. Juurekaaries on probleemiks &#8230;<\/p>\n","protected":false},"author":12,"featured_media":0,"parent":0,"menu_order":0,"comment_status":"closed","ping_status":"closed","template":"","meta":{"_acf_changed":false,"inline_featured_image":false,"footnotes":""},"class_list":["post-52","page","type-page","status-publish","hentry"],"acf":[],"_links":{"self":[{"href":"https:\/\/sisu.ut.ee\/hambaravi4\/wp-json\/wp\/v2\/pages\/52","targetHints":{"allow":["GET"]}}],"collection":[{"href":"https:\/\/sisu.ut.ee\/hambaravi4\/wp-json\/wp\/v2\/pages"}],"about":[{"href":"https:\/\/sisu.ut.ee\/hambaravi4\/wp-json\/wp\/v2\/types\/page"}],"author":[{"embeddable":true,"href":"https:\/\/sisu.ut.ee\/hambaravi4\/wp-json\/wp\/v2\/users\/12"}],"replies":[{"embeddable":true,"href":"https:\/\/sisu.ut.ee\/hambaravi4\/wp-json\/wp\/v2\/comments?post=52"}],"version-history":[{"count":3,"href":"https:\/\/sisu.ut.ee\/hambaravi4\/wp-json\/wp\/v2\/pages\/52\/revisions"}],"predecessor-version":[{"id":315,"href":"https:\/\/sisu.ut.ee\/hambaravi4\/wp-json\/wp\/v2\/pages\/52\/revisions\/315"}],"wp:attachment":[{"href":"https:\/\/sisu.ut.ee\/hambaravi4\/wp-json\/wp\/v2\/media?parent=52"}],"curies":[{"name":"wp","href":"https:\/\/api.w.org\/{rel}","templated":true}]}}