{"id":50,"date":"2024-04-03T23:10:34","date_gmt":"2024-04-03T20:10:34","guid":{"rendered":"https:\/\/sisu.ut.ee\/hambaravi4\/55-kokkuvote\/"},"modified":"2024-04-09T15:02:51","modified_gmt":"2024-04-09T12:02:51","slug":"55-kokkuvote","status":"publish","type":"page","link":"https:\/\/sisu.ut.ee\/hambaravi4\/55-kokkuvote\/","title":{"rendered":"5.5. Kokkuv\u00f5te"},"content":{"rendered":"<p><strong>Hamba nurga taastamisek<\/strong>s loodava kaviteedi kujundamisel tuleb <strong>arvestada m\u00e4lumisj\u00f5udu<\/strong>, kuna kahjustus ulatub hamba l\u00f5ikeservale ja t\u00e4idist m\u00f5jutavad toidu hammustamisel tekkivad j\u00f5ud. Vastupanu m\u00e4lumisj\u00f5ududele\u00a0 saavutatakse <strong>sidusaine<\/strong> adhesiooniga, kaviteedi v\u00f5imalikult <strong>p\u00fcstiste seintega, lameda gingivaalse astme<\/strong> ja\/v\u00f5i vajadusel <strong>lisaretentsioonidega.<\/strong><\/p>\n<p><img loading=\"lazy\" decoding=\"async\" width=\"450\" height=\"261\" class=\"alignnone wp-image-101 aligncenter\" style=\"margin-left: auto; margin-right: auto;\" title=\"4403.jpg\" src=\"https:\/\/sisu.ut.ee\/wp-content\/uploads\/sites\/22\/4403.jpg\" alt=\"4403.jpg\" srcset=\"https:\/\/sisu.ut.ee\/wp-content\/uploads\/sites\/22\/4403.jpg 450w, https:\/\/sisu.ut.ee\/wp-content\/uploads\/sites\/22\/4403-300x174.jpg 300w\" sizes=\"auto, (max-width: 450px) 100vw, 450px\"><\/p>\n<p style=\"text-align: center;\"><em>Fatsiaalset pinda on esmaselt avatud v\u00f5imalikult minimaalselt, et saavutada hea esteetiline tulemus,\u00a0<a href=\"http:\/\/www.pennycreeksmiles.com\/anterior-composite-case-3.html\" target=\"_blank\" rel=\"noopener\">http:\/\/www.pennycreeksmiles.com\/anterior-composite-case-3.html<\/a><\/em><\/p>\n<p style=\"text-align: center;\"><em><img loading=\"lazy\" decoding=\"async\" width=\"500\" height=\"434\" class=\"alignnone wp-image-102\" title=\"4402.jpg\" src=\"https:\/\/sisu.ut.ee\/wp-content\/uploads\/sites\/22\/4402.jpg\" alt=\"4402.jpg\" srcset=\"https:\/\/sisu.ut.ee\/wp-content\/uploads\/sites\/22\/4402.jpg 500w, https:\/\/sisu.ut.ee\/wp-content\/uploads\/sites\/22\/4402-300x260.jpg 300w\" sizes=\"auto, (max-width: 500px) 100vw, 500px\"><\/em><\/p>\n<p style=\"text-align: center;\"><em>Fotol on kaviteedid, mis arvestavad k\u00f5iki preparatsiooni n\u00f5udeid \u2013 kaviteedi seinad on perpendikulaarsed, gingivaalne osa paikneb m\u00e4lumisj\u00f5u suhtes risti ja emailiservadel on tehtud ulatuslik kaldlihv,\u00a0<a href=\"http:\/\/novadfl.com.br\/novo-site\/en\/2011\/06\/29\/direct-restoration-in-anterior-teeth\/\" target=\"_blank\" rel=\"noopener\">http:\/\/novadfl.com.br\/novo-site\/en\/2011\/06\/29\/direct-restoration-in-anterior-teeth\/<\/a><\/em><\/p>\n<p style=\"text-align: center;\"><em><img loading=\"lazy\" decoding=\"async\" width=\"500\" height=\"375\" class=\"alignnone wp-image-103\" title=\"4404.jpg\" src=\"https:\/\/sisu.ut.ee\/wp-content\/uploads\/sites\/22\/4404.jpg\" alt=\"4404.jpg\" srcset=\"https:\/\/sisu.ut.ee\/wp-content\/uploads\/sites\/22\/4404.jpg 500w, https:\/\/sisu.ut.ee\/wp-content\/uploads\/sites\/22\/4404-300x225.jpg 300w\" sizes=\"auto, (max-width: 500px) 100vw, 500px\"><\/em><\/p>\n<p style=\"text-align: center;\"><em>Lateraalsel intsisiivil on \u00fchte nurka ja m\u00f5lemat k\u00fclge haarav ulatuslik kahjustus. Kaviteedi aksiaalsesse ehk pulbipoolsesse seina on asetatud isoleeriv alusmaterjal pulbi kaitseks. Nii ulatusliku kudede kaotuse puhul v\u00f5iks m\u00f5elda proteetilise lahenduse peale. \u00a0<a style=\"line-height: 1.6em;\" href=\"http:\/\/www.greatercurve.com\/ClassIV.htm\" target=\"_blank\" rel=\"noopener\">http:\/\/www.greatercurve.com\/ClassIV.htm<\/a><\/em><\/p>\n<p>K\u00f5ik kaviteedid (fotodel) on loodud <strong>\u00f5igetel p\u00f5him\u00f5tetel,<\/strong> kuigi nende <strong>ulatus on erinev.<\/strong><\/p>\n<div id=\"accordion\" class=\"accordion\">\n<p class=\"p1\"><\/p><div class=\"accordion mb-3\">\n        <div class=\"accordion-item accordion-item--white\">\n        <h2 class=\"accordion-header\" id=\"accordion-69e26cfa43d1e-heading\">\n            <button class=\"accordion-button collapsed\" type=\"button\" data-bs-toggle=\"collapse\" data-bs-target=\"#accordion-69e26cfa43d1e-collapse\" aria-expanded=\"true\" aria-controls=\"accordion-69e26cfa43d1e-collapse\">Miks on esihamba nurga taastamisel kehtivad n\u00f5uded nii erinevad?<\/button>\n        <\/h2>\n        <div id=\"accordion-69e26cfa43d1e-collapse\" class=\"accordion-collapse collapse\" aria-labelledby=\"accordion-69e26cfa43d1e-heading\">\n            <div class=\"accordion-body\">Kaviteedi loomisel tuleb <strong>arvestada kahjustuse p\u00f5hjust<\/strong> (enamasti hamba murd v\u00f5i kaaries), <strong>m\u00e4lumisj\u00f5udu, s\u00e4ilinud kudede hulka, kahjustuse ulatust, esteetikat<\/strong> js veel palju muud. Iga juhtum on eriline ja <strong>otsus<\/strong> langetatakse <strong>situatsioonist l\u00e4htuvalt.<\/strong> Kindlasti on oluline osa hambaarsti kogemusel ja oskustel. Kui tahad <strong>algt\u00f5desid meenutada<\/strong>, vaata \u00f5piobjekti \u2018<a href=\"http:\/\/dspace.utlib.ee\/dspace\/bitstream\/handle\/10062\/25914\/index.html\" target=\"_blank\" rel=\"noopener\">IV klassi preparatsioon komposiitt\u00e4idisele<\/a>\u2018. <\/div>\n        <\/div>\n        <\/div>\n    <\/div>\n<\/div>\n<p>Riina Runnel<br>\nTartu \u00dclikooli stomatoloogia kliiniku<br>\nsuu- ja hambahaiguste \u00f5ppej\u00f5ud<br>\n<a href=\"mailto:riina.runnel@ut.ee\">riina.runnel@ut.ee<\/a><\/p>\n","protected":false},"excerpt":{"rendered":"<p>Hamba nurga taastamiseks loodava kaviteedi kujundamisel tuleb arvestada m\u00e4lumisj\u00f5udu, kuna kahjustus ulatub hamba l\u00f5ikeservale ja t\u00e4idist m\u00f5jutavad toidu hammustamisel tekkivad j\u00f5ud. Vastupanu m\u00e4lumisj\u00f5ududele\u00a0 saavutatakse sidusaine adhesiooniga, kaviteedi v\u00f5imalikult p\u00fcstiste seintega, lameda gingivaalse astme ja\/v\u00f5i vajadusel lisaretentsioonidega. Fatsiaalset pinda on esmaselt &#8230;<\/p>\n","protected":false},"author":12,"featured_media":0,"parent":0,"menu_order":0,"comment_status":"closed","ping_status":"closed","template":"","meta":{"_acf_changed":false,"inline_featured_image":false,"footnotes":""},"class_list":["post-50","page","type-page","status-publish","hentry"],"acf":[],"_links":{"self":[{"href":"https:\/\/sisu.ut.ee\/hambaravi4\/wp-json\/wp\/v2\/pages\/50","targetHints":{"allow":["GET"]}}],"collection":[{"href":"https:\/\/sisu.ut.ee\/hambaravi4\/wp-json\/wp\/v2\/pages"}],"about":[{"href":"https:\/\/sisu.ut.ee\/hambaravi4\/wp-json\/wp\/v2\/types\/page"}],"author":[{"embeddable":true,"href":"https:\/\/sisu.ut.ee\/hambaravi4\/wp-json\/wp\/v2\/users\/12"}],"replies":[{"embeddable":true,"href":"https:\/\/sisu.ut.ee\/hambaravi4\/wp-json\/wp\/v2\/comments?post=50"}],"version-history":[{"count":2,"href":"https:\/\/sisu.ut.ee\/hambaravi4\/wp-json\/wp\/v2\/pages\/50\/revisions"}],"predecessor-version":[{"id":311,"href":"https:\/\/sisu.ut.ee\/hambaravi4\/wp-json\/wp\/v2\/pages\/50\/revisions\/311"}],"wp:attachment":[{"href":"https:\/\/sisu.ut.ee\/hambaravi4\/wp-json\/wp\/v2\/media?parent=50"}],"curies":[{"name":"wp","href":"https:\/\/api.w.org\/{rel}","templated":true}]}}