{"id":49,"date":"2024-04-03T23:10:34","date_gmt":"2024-04-03T20:10:34","guid":{"rendered":"https:\/\/sisu.ut.ee\/hambaravi4\/54-preparatsioon\/"},"modified":"2024-04-09T15:01:40","modified_gmt":"2024-04-09T12:01:40","slug":"54-preparatsioon","status":"publish","type":"page","link":"https:\/\/sisu.ut.ee\/hambaravi4\/54-preparatsioon\/","title":{"rendered":"5.4. Preparatsioon"},"content":{"rendered":"<p>Kaviteedi prepareerimise etappide kirjeldusega tutvusid sa eespool. Vaata n\u00fc\u00fcd <strong>videot<\/strong> hamba <strong>nurka taastava kaviteedi kujundamisest<\/strong>.<\/p>\n<p style=\"text-align: center;\"><\/p><div class=\"ratio ratio-16x9 mb-3\"><div class=\"video-placeholder-wrapper video-placeholder-wrapper--16x9\">\n\t\t\t    <div class=\"video-placeholder d-flex justify-content-center align-items-center\">\n\t\t\t        <div class=\"overlay text-white p-2 w-100 text-center d-block justify-content-center align-items-center\">\n\t\t\t            <div>Kolmandate osapoolte sisu n\u00e4gemiseks palun n\u00f5ustu k\u00fcpsistega.<\/div>\n\t\t\t            <button class=\"btn btn-secondary btn-sm mt-1 consent-change\">Muuda n\u00f5usolekut<\/button>\n\t\t\t        <\/div>\n\t\t\t    <\/div>\n\t\t\t<\/div>\n<\/div>\n<p>Kaviteedi<strong> gingivaalne serv<\/strong> viimistletakse kas <strong>k\u00e4siinstrumentidega<\/strong> v\u00f5i kui vahe kaviteedi \u00e4\u00e4re ja k\u00f5rvalhamba vahel on piisav, siis ettevaatlikult <strong>v\u00e4heabrasiivse puuri<\/strong> abil. Nagu ikka, tuleb hoiduda k\u00f5rvalhammast kahjustamast.<\/p>\n<p>Esteetika tagamiseks on oluline <strong>labiaalne kaldlihv,<\/strong> mille soovitatav <strong>laius<\/strong> on<strong> 0,2-2 mm.<\/strong> Lingvaalselt v\u00f5i palatinaalselt piisab <strong>emailiservade tasandamisest<\/strong> ja kergest kaldlihvist.<\/p>\n<p>Veidi erinevalt k\u00e4sitletakse<strong> murdunud hambakrooni<\/strong> taastamiseks\u00a0 loodavat kaviteeti. Sellises olukorras <strong>piisab<\/strong> enamasti<strong> emailiservade kaldlihvist<\/strong>. <strong>Lisaretentsiooni vajadus<\/strong> s\u00f5ltub hambumuse ise\u00e4rasustest ja murru ulatusest ja paiknemisest.<\/p>\n<p>Vaata<strong> videot<\/strong> murdunud <strong>hambanurga taastamise ettevalmistusest<\/strong> ja <strong>erinevatest\u00a0 lisaretentsioonide v\u00f5imalustest<\/strong>.<\/p>\n<p style=\"text-align: center;\"><\/p><div class=\"ratio ratio-16x9 mb-3\"><div class=\"video-placeholder-wrapper video-placeholder-wrapper--16x9\">\n\t\t\t    <div class=\"video-placeholder d-flex justify-content-center align-items-center\">\n\t\t\t        <div class=\"overlay text-white p-2 w-100 text-center d-block justify-content-center align-items-center\">\n\t\t\t            <div>Kolmandate osapoolte sisu n\u00e4gemiseks palun n\u00f5ustu k\u00fcpsistega.<\/div>\n\t\t\t            <button class=\"btn btn-secondary btn-sm mt-1 consent-change\">Muuda n\u00f5usolekut<\/button>\n\t\t\t        <\/div>\n\t\t\t    <\/div>\n\t\t\t<\/div>\n<\/div>\n<p style=\"text-align: center;\"><\/p><div class=\"ratio ratio-16x9 mb-3\"><div class=\"video-placeholder-wrapper video-placeholder-wrapper--16x9\">\n\t\t\t    <div class=\"video-placeholder d-flex justify-content-center align-items-center\">\n\t\t\t        <div class=\"overlay text-white p-2 w-100 text-center d-block justify-content-center align-items-center\">\n\t\t\t            <div>Kolmandate osapoolte sisu n\u00e4gemiseks palun n\u00f5ustu k\u00fcpsistega.<\/div>\n\t\t\t            <button class=\"btn btn-secondary btn-sm mt-1 consent-change\">Muuda n\u00f5usolekut<\/button>\n\t\t\t        <\/div>\n\t\t\t    <\/div>\n\t\t\t<\/div>\n<\/div>\n<p><strong>Lisaretentsioonide<\/strong> vajadus m\u00e4\u00e4ratakse igal konkreetsel juhul <strong>individuaalselt<\/strong> ja neid saab soovi korral omavahel<strong> kombineerida.<\/strong> Retentsioon on <strong>n\u00e4idustatud<\/strong> <strong>ulatusliku kahjustuse<\/strong> ja <strong>korduvalt eemaldunud t\u00e4idise puhul<\/strong>.<\/p>\n","protected":false},"excerpt":{"rendered":"<p>Kaviteedi prepareerimise etappide kirjeldusega tutvusid sa eespool. Vaata n\u00fc\u00fcd videot hamba nurka taastava kaviteedi kujundamisest. Kolmandate osapoolte sisu n\u00e4gemiseks palun n\u00f5ustu k\u00fcpsistega. Muuda n\u00f5usolekut Kaviteedi gingivaalne serv viimistletakse kas k\u00e4siinstrumentidega v\u00f5i kui vahe kaviteedi \u00e4\u00e4re ja k\u00f5rvalhamba vahel on piisav, &#8230;<\/p>\n","protected":false},"author":12,"featured_media":0,"parent":0,"menu_order":0,"comment_status":"closed","ping_status":"closed","template":"","meta":{"_acf_changed":false,"inline_featured_image":false,"footnotes":""},"class_list":["post-49","page","type-page","status-publish","hentry"],"acf":[],"_links":{"self":[{"href":"https:\/\/sisu.ut.ee\/hambaravi4\/wp-json\/wp\/v2\/pages\/49","targetHints":{"allow":["GET"]}}],"collection":[{"href":"https:\/\/sisu.ut.ee\/hambaravi4\/wp-json\/wp\/v2\/pages"}],"about":[{"href":"https:\/\/sisu.ut.ee\/hambaravi4\/wp-json\/wp\/v2\/types\/page"}],"author":[{"embeddable":true,"href":"https:\/\/sisu.ut.ee\/hambaravi4\/wp-json\/wp\/v2\/users\/12"}],"replies":[{"embeddable":true,"href":"https:\/\/sisu.ut.ee\/hambaravi4\/wp-json\/wp\/v2\/comments?post=49"}],"version-history":[{"count":2,"href":"https:\/\/sisu.ut.ee\/hambaravi4\/wp-json\/wp\/v2\/pages\/49\/revisions"}],"predecessor-version":[{"id":309,"href":"https:\/\/sisu.ut.ee\/hambaravi4\/wp-json\/wp\/v2\/pages\/49\/revisions\/309"}],"wp:attachment":[{"href":"https:\/\/sisu.ut.ee\/hambaravi4\/wp-json\/wp\/v2\/media?parent=49"}],"curies":[{"name":"wp","href":"https:\/\/api.w.org\/{rel}","templated":true}]}}