{"id":48,"date":"2024-04-03T23:10:34","date_gmt":"2024-04-03T20:10:34","guid":{"rendered":"https:\/\/sisu.ut.ee\/hambaravi4\/53-instrumentaarium\/"},"modified":"2024-04-03T23:10:51","modified_gmt":"2024-04-03T20:10:51","slug":"53-instrumentaarium","status":"publish","type":"page","link":"https:\/\/sisu.ut.ee\/hambaravi4\/53-instrumentaarium\/","title":{"rendered":"5.3. Instrumentaarium"},"content":{"rendered":"<p><img loading=\"lazy\" decoding=\"async\" width=\"251\" height=\"209\" class=\"alignnone wp-image-100\" style=\"float: right\" src=\"https:\/\/sisu.ut.ee\/wp-content\/uploads\/sites\/22\/instrumendid4-5.png\" title=\"instrumendid4-5.png\" alt=\"instrumendid4-5.png\">Vajalik instrumentaarium:<\/p>\n<ul>\n<li>Peegel<\/li>\n<li>Sond<\/li>\n<li>Gingivaalne trimmer \u00a0(k\u00f5rval pildil, 6)<\/li>\n<li>Puurid:<\/li>\n<ul>\n<li>Kerapuur (1)<\/li>\n<li>\u00dcmaraotsaline fissuuripuur (2)<\/li>\n<li>Pirnikujuline puur (3)<\/li>\n<li>V\u00e4heabrasiivne leegikujuline puur (4)<\/li>\n<li>V\u00e4ikene kerapuur (5)<\/li>\n<\/ul>\n<\/ul>\n","protected":false},"excerpt":{"rendered":"<p>Vajalik instrumentaarium: Peegel Sond Gingivaalne trimmer \u00a0(k\u00f5rval pildil, 6) Puurid: Kerapuur (1) \u00dcmaraotsaline fissuuripuur (2) Pirnikujuline puur (3) V\u00e4heabrasiivne leegikujuline puur (4) V\u00e4ikene kerapuur (5)<\/p>\n","protected":false},"author":12,"featured_media":0,"parent":0,"menu_order":0,"comment_status":"closed","ping_status":"closed","template":"","meta":{"_acf_changed":false,"inline_featured_image":false,"footnotes":""},"class_list":["post-48","page","type-page","status-publish","hentry"],"acf":[],"_links":{"self":[{"href":"https:\/\/sisu.ut.ee\/hambaravi4\/wp-json\/wp\/v2\/pages\/48","targetHints":{"allow":["GET"]}}],"collection":[{"href":"https:\/\/sisu.ut.ee\/hambaravi4\/wp-json\/wp\/v2\/pages"}],"about":[{"href":"https:\/\/sisu.ut.ee\/hambaravi4\/wp-json\/wp\/v2\/types\/page"}],"author":[{"embeddable":true,"href":"https:\/\/sisu.ut.ee\/hambaravi4\/wp-json\/wp\/v2\/users\/12"}],"replies":[{"embeddable":true,"href":"https:\/\/sisu.ut.ee\/hambaravi4\/wp-json\/wp\/v2\/comments?post=48"}],"version-history":[{"count":1,"href":"https:\/\/sisu.ut.ee\/hambaravi4\/wp-json\/wp\/v2\/pages\/48\/revisions"}],"predecessor-version":[{"id":196,"href":"https:\/\/sisu.ut.ee\/hambaravi4\/wp-json\/wp\/v2\/pages\/48\/revisions\/196"}],"wp:attachment":[{"href":"https:\/\/sisu.ut.ee\/hambaravi4\/wp-json\/wp\/v2\/media?parent=48"}],"curies":[{"name":"wp","href":"https:\/\/api.w.org\/{rel}","templated":true}]}}