{"id":45,"date":"2024-04-03T23:10:34","date_gmt":"2024-04-03T20:10:34","guid":{"rendered":"https:\/\/sisu.ut.ee\/hambaravi4\/45-kokkuvote\/"},"modified":"2024-04-09T14:57:54","modified_gmt":"2024-04-09T11:57:54","slug":"45-kokkuvote","status":"publish","type":"page","link":"https:\/\/sisu.ut.ee\/hambaravi4\/45-kokkuvote\/","title":{"rendered":"4.5. Kokkuv\u00f5te"},"content":{"rendered":"<p><strong>Esihammaste kaviteetide loomisel<\/strong> peab v\u00e4hem <strong>arvestama<\/strong> m\u00e4lumisr\u00f5huga ja enam<strong> esteetikaga<\/strong>. Hea<strong> adhesioon<\/strong> saavutatakse emailipinna suurendamisel <strong>kaviteedi servade kaldlihvi<\/strong> abil.<\/p>\n<p><img loading=\"lazy\" decoding=\"async\" width=\"1072\" height=\"712\" class=\"alignnone wp-image-96\" title=\"4306.jpg\" src=\"https:\/\/sisu.ut.ee\/wp-content\/uploads\/sites\/22\/4306.jpg\" alt=\"4306.jpg\" srcset=\"https:\/\/sisu.ut.ee\/wp-content\/uploads\/sites\/22\/4306.jpg 1072w, https:\/\/sisu.ut.ee\/wp-content\/uploads\/sites\/22\/4306-300x199.jpg 300w, https:\/\/sisu.ut.ee\/wp-content\/uploads\/sites\/22\/4306-1024x680.jpg 1024w, https:\/\/sisu.ut.ee\/wp-content\/uploads\/sites\/22\/4306-768x510.jpg 768w\" sizes=\"auto, (max-width: 1072px) 100vw, 1072px\"><\/p>\n<p style=\"text-align: center;\"><em>N\u00e4ha on kontaktpindadel\u00a0paiknevad halva \u00e4\u00e4resuluga vahetamist vajavad t\u00e4idised,\u00a0<a href=\"http:\/\/clarencetam.co.nz\/see_my_work\/lower_anterior_composite_fillings_gallery.aspx\">http:\/\/clarencetam.co.nz\/see_my_work\/lower_anterior_composite_fillings_gallery.aspx<\/a><\/em><\/p>\n<p><img loading=\"lazy\" decoding=\"async\" width=\"1072\" height=\"712\" class=\"alignnone wp-image-97\" title=\"4305.jpg\" src=\"https:\/\/sisu.ut.ee\/wp-content\/uploads\/sites\/22\/4305.jpg\" alt=\"4305.jpg\" srcset=\"https:\/\/sisu.ut.ee\/wp-content\/uploads\/sites\/22\/4305.jpg 1072w, https:\/\/sisu.ut.ee\/wp-content\/uploads\/sites\/22\/4305-300x199.jpg 300w, https:\/\/sisu.ut.ee\/wp-content\/uploads\/sites\/22\/4305-1024x680.jpg 1024w, https:\/\/sisu.ut.ee\/wp-content\/uploads\/sites\/22\/4305-768x510.jpg 768w\" sizes=\"auto, (max-width: 1072px) 100vw, 1072px\"><\/p>\n<p style=\"text-align: center;\"><em>T\u00e4idised on eemaldatud ning kaviteedid ulatuvad l\u00e4bivalt lingvaalselt fatsiaalsele, \u00a0<a href=\"http:\/\/clarencetam.co.nz\/see_my_work\/lower_anterior_composite_fillings_gallery.aspx\">http:\/\/clarencetam.co.nz\/see_my_work\/lower_anterior_composite_fillings_gallery.aspx<\/a><\/em><\/p>\n<p>Mida <strong>v\u00e4iksem<\/strong> on kahjustus, seda <strong>v\u00e4hem<\/strong> peab p\u00f6\u00f6rama t\u00e4helepanu <strong>kaviteedi kujundamisele<\/strong> (piisab kerapuuriga karioosse koe eemaldamisest). Esihammaste kontaktpinnal paiknevate kaviteetide puhul enamasti <strong>t\u00e4idise p\u00fcsivusega probleeme ei ole.<\/strong><\/p>\n<p><img loading=\"lazy\" decoding=\"async\" width=\"200\" height=\"160\" class=\"alignnone wp-image-98 aligncenter\" title=\"4304.jpg\" src=\"https:\/\/sisu.ut.ee\/wp-content\/uploads\/sites\/22\/4304.jpg\" alt=\"4304.jpg\"><\/p>\n<p style=\"text-align: center;\"><em>Kaviteet on kujundatud k\u00fcllalt vabas vormis. Soovitav on kaviteedi gingivaalne osa teha veidi lamedam ja paralleelne oklusaalse tasapinnaga.\u00a0 <a href=\"http:\/\/www.styleitaliano.org\/\" target=\"_blank\" rel=\"noopener\">http:\/\/www.styleitaliano.org\/<\/a><\/em><\/p>\n<p>Riina Runnel<br>\nTartu \u00dclikooli stomatoloogia kliiniku<br>\nsuu- ja hambahaiguste \u00f5ppej\u00f5ud<em><br>\n<a href=\"mailto:riina.runnel@ut.ee\">riina.runnel@ut.ee<\/a><\/em><\/p>\n","protected":false},"excerpt":{"rendered":"<p>Esihammaste kaviteetide loomisel peab v\u00e4hem arvestama m\u00e4lumisr\u00f5huga ja enam esteetikaga. Hea adhesioon saavutatakse emailipinna suurendamisel kaviteedi servade kaldlihvi abil. N\u00e4ha on kontaktpindadel\u00a0paiknevad halva \u00e4\u00e4resuluga vahetamist vajavad t\u00e4idised,\u00a0http:\/\/clarencetam.co.nz\/see_my_work\/lower_anterior_composite_fillings_gallery.aspx T\u00e4idised on eemaldatud ning kaviteedid ulatuvad l\u00e4bivalt lingvaalselt fatsiaalsele, \u00a0http:\/\/clarencetam.co.nz\/see_my_work\/lower_anterior_composite_fillings_gallery.aspx Mida v\u00e4iksem on &#8230;<\/p>\n","protected":false},"author":12,"featured_media":0,"parent":0,"menu_order":0,"comment_status":"closed","ping_status":"closed","template":"","meta":{"_acf_changed":false,"inline_featured_image":false,"footnotes":""},"class_list":["post-45","page","type-page","status-publish","hentry"],"acf":[],"_links":{"self":[{"href":"https:\/\/sisu.ut.ee\/hambaravi4\/wp-json\/wp\/v2\/pages\/45","targetHints":{"allow":["GET"]}}],"collection":[{"href":"https:\/\/sisu.ut.ee\/hambaravi4\/wp-json\/wp\/v2\/pages"}],"about":[{"href":"https:\/\/sisu.ut.ee\/hambaravi4\/wp-json\/wp\/v2\/types\/page"}],"author":[{"embeddable":true,"href":"https:\/\/sisu.ut.ee\/hambaravi4\/wp-json\/wp\/v2\/users\/12"}],"replies":[{"embeddable":true,"href":"https:\/\/sisu.ut.ee\/hambaravi4\/wp-json\/wp\/v2\/comments?post=45"}],"version-history":[{"count":2,"href":"https:\/\/sisu.ut.ee\/hambaravi4\/wp-json\/wp\/v2\/pages\/45\/revisions"}],"predecessor-version":[{"id":305,"href":"https:\/\/sisu.ut.ee\/hambaravi4\/wp-json\/wp\/v2\/pages\/45\/revisions\/305"}],"wp:attachment":[{"href":"https:\/\/sisu.ut.ee\/hambaravi4\/wp-json\/wp\/v2\/media?parent=45"}],"curies":[{"name":"wp","href":"https:\/\/api.w.org\/{rel}","templated":true}]}}