{"id":44,"date":"2024-04-03T23:10:33","date_gmt":"2024-04-03T20:10:33","guid":{"rendered":"https:\/\/sisu.ut.ee\/hambaravi4\/44-preparatsioon\/"},"modified":"2024-04-09T14:57:11","modified_gmt":"2024-04-09T11:57:11","slug":"44-preparatsioon","status":"publish","type":"page","link":"https:\/\/sisu.ut.ee\/hambaravi4\/44-preparatsioon\/","title":{"rendered":"4.4. Preparatsioon"},"content":{"rendered":"<p><strong>Eeshammaste preparatsioon<\/strong> on veidi erinev tagumiste hammaste omast. Hamba kuju on erinev ja prepareerimisel <strong>peab arvestama<\/strong> lisaks <strong>esteetikaga<\/strong>. Seep\u00e4rast eelistatakse eeshammastele kaviteedi loomisel <strong>palatinaalset\/ lingvaalset l\u00e4henemist<\/strong> kahjustusele.<\/p>\n<p><img loading=\"lazy\" decoding=\"async\" width=\"591\" height=\"394\" class=\"alignnone wp-image-94 aligncenter\" style=\"margin-left: auto; margin-right: auto;\" title=\"4300.jpg\" src=\"https:\/\/sisu.ut.ee\/wp-content\/uploads\/sites\/22\/4300.jpg\" alt=\"4300.jpg\" srcset=\"https:\/\/sisu.ut.ee\/wp-content\/uploads\/sites\/22\/4300.jpg 591w, https:\/\/sisu.ut.ee\/wp-content\/uploads\/sites\/22\/4300-300x200.jpg 300w\" sizes=\"auto, (max-width: 591px) 100vw, 591px\"><\/p>\n<p style=\"text-align: center;\"><em>Kerapuuriga l\u00e4henetakse kahjustusele palatinaalselt,\u00a0<a style=\"line-height: 1.6em;\" href=\"http:\/\/www.intensiv.ch\/prodotti\/intensiv-minimal-invasiv-prep-set\/\" target=\"_blank\" rel=\"noopener\">http:\/\/www.intensiv.ch\/prodotti\/intensiv-minimal-invasiv-prep-set\/<\/a><\/em><\/p>\n<p>Preparatsiooni<strong> alustatakse kontaktpinna l\u00e4hedal<\/strong> kohas, mis on <strong>karioossele kahjustusele k\u00f5ige l\u00e4hemal<\/strong>. Kui m\u00f5elda, et palatinaalne (v\u00f5i lingvaalne) hambapind on sama, mis oklusaalne pind tagumistel hammastel, siis <strong>meenutab<\/strong> preparatsioon k\u00fclili p\u00f6\u00f6ratud kontaktpinnale loodavat pilujat preparatsiooni.<\/p>\n<p><img loading=\"lazy\" decoding=\"async\" width=\"480\" height=\"360\" class=\"alignnone wp-image-95 aligncenter\" style=\"margin-left: auto; margin-right: auto;\" title=\"4302.jpg\" src=\"https:\/\/sisu.ut.ee\/wp-content\/uploads\/sites\/22\/4302.jpg\" alt=\"4302.jpg\" srcset=\"https:\/\/sisu.ut.ee\/wp-content\/uploads\/sites\/22\/4302.jpg 480w, https:\/\/sisu.ut.ee\/wp-content\/uploads\/sites\/22\/4302-300x225.jpg 300w\" sizes=\"auto, (max-width: 480px) 100vw, 480px\"><\/p>\n<p style=\"text-align: center;\"><em>Kitsas kaviteet esihamba kontaktpinnal, \u00a0<a style=\"line-height: 1.6em;\" href=\"http:\/\/www.youtube.com\/watch?v=A_OnSPXP3nk\" target=\"_blank\" rel=\"noopener\">http:\/\/www.youtube.com\/watch?v=A_OnSPXP3nk<\/a><\/em><\/p>\n<p><strong>Fatsiaalsele pinnal<\/strong>e ulatuva kaviteedi <strong>servadesse<\/strong> tehakse <strong>ulatuslik kaldlihv<\/strong> v\u00e4ikese abrasiivsusega puuri abil. Puuri hoitakse hamba pinna suhtes <strong>30-45\u00b0 nurga all<\/strong>. Kaldlihv <strong>ei tohi ulatuda s\u00fcgavale<\/strong>, kuid v\u00f5ib olla<strong> k\u00fcllalt lai (0,2-2 mm)<\/strong>, s\u00f5ltuvalt kaviteedi suurusest ja lisaadhesiooni v\u00f5imaldava pinna vajalikkusest.<\/p>\n<p>T\u00e4idisele langev<strong> m\u00e4lumisr\u00f5hk<\/strong> on tavaliselt <strong>v\u00e4hene j<\/strong>a vastupanukuju andmine on teisene.\u00a0 Oluline on<strong> v\u00e4ltida k\u00f5rvalhamba kahjustamist<\/strong> ja v\u00f5imalusel <strong>hoida fatsiaalne emailipind<\/strong> puutumatu ja <strong>tervena.<\/strong><\/p>\n<p>Selgema ettekujutuse t\u00f6\u00f6etappidest saad kui vaatad <strong>\u00f5ppevideot<\/strong> kaviteedi loomisest hamba kontaktpinnal:<a href=\"http:\/\/uttv.ee\/naita?id=17376\"><br>\n<\/a><\/p>\n<p style=\"text-align: center;\"><\/p><div class=\"ratio ratio-16x9 mb-3\"><div class=\"video-placeholder-wrapper video-placeholder-wrapper--16x9\">\n\t\t\t    <div class=\"video-placeholder d-flex justify-content-center align-items-center\">\n\t\t\t        <div class=\"overlay text-white p-2 w-100 text-center d-block justify-content-center align-items-center\">\n\t\t\t            <div>Kolmandate osapoolte sisu n\u00e4gemiseks palun n\u00f5ustu k\u00fcpsistega.<\/div>\n\t\t\t            <button class=\"btn btn-secondary btn-sm mt-1 consent-change\">Muuda n\u00f5usolekut<\/button>\n\t\t\t        <\/div>\n\t\t\t    <\/div>\n\t\t\t<\/div>\n<\/div>\n<p>Kui sa tunned tarvidust <strong>prepareerimise aluseid korrata<\/strong>, siis saad seda teha \u00f5piobjektist \u201c<a href=\"http:\/\/dspace.utlib.ee\/dspace\/bitstream\/handle\/10062\/25913\/index.html\" target=\"_blank\" rel=\"noopener\">III klassi preparatsioon komposiitt\u00e4idisele<\/a>\u201c.<\/p>\n","protected":false},"excerpt":{"rendered":"<p>Eeshammaste preparatsioon on veidi erinev tagumiste hammaste omast. Hamba kuju on erinev ja prepareerimisel peab arvestama lisaks esteetikaga. Seep\u00e4rast eelistatakse eeshammastele kaviteedi loomisel palatinaalset\/ lingvaalset l\u00e4henemist kahjustusele. Kerapuuriga l\u00e4henetakse kahjustusele palatinaalselt,\u00a0http:\/\/www.intensiv.ch\/prodotti\/intensiv-minimal-invasiv-prep-set\/ Preparatsiooni alustatakse kontaktpinna l\u00e4hedal kohas, mis on karioossele kahjustusele &#8230;<\/p>\n","protected":false},"author":12,"featured_media":0,"parent":0,"menu_order":0,"comment_status":"closed","ping_status":"closed","template":"","meta":{"_acf_changed":false,"inline_featured_image":false,"footnotes":""},"class_list":["post-44","page","type-page","status-publish","hentry"],"acf":[],"_links":{"self":[{"href":"https:\/\/sisu.ut.ee\/hambaravi4\/wp-json\/wp\/v2\/pages\/44","targetHints":{"allow":["GET"]}}],"collection":[{"href":"https:\/\/sisu.ut.ee\/hambaravi4\/wp-json\/wp\/v2\/pages"}],"about":[{"href":"https:\/\/sisu.ut.ee\/hambaravi4\/wp-json\/wp\/v2\/types\/page"}],"author":[{"embeddable":true,"href":"https:\/\/sisu.ut.ee\/hambaravi4\/wp-json\/wp\/v2\/users\/12"}],"replies":[{"embeddable":true,"href":"https:\/\/sisu.ut.ee\/hambaravi4\/wp-json\/wp\/v2\/comments?post=44"}],"version-history":[{"count":2,"href":"https:\/\/sisu.ut.ee\/hambaravi4\/wp-json\/wp\/v2\/pages\/44\/revisions"}],"predecessor-version":[{"id":304,"href":"https:\/\/sisu.ut.ee\/hambaravi4\/wp-json\/wp\/v2\/pages\/44\/revisions\/304"}],"wp:attachment":[{"href":"https:\/\/sisu.ut.ee\/hambaravi4\/wp-json\/wp\/v2\/media?parent=44"}],"curies":[{"name":"wp","href":"https:\/\/api.w.org\/{rel}","templated":true}]}}