{"id":43,"date":"2024-04-03T23:10:33","date_gmt":"2024-04-03T20:10:33","guid":{"rendered":"https:\/\/sisu.ut.ee\/hambaravi4\/43-instrumentaarium\/"},"modified":"2024-04-03T23:10:51","modified_gmt":"2024-04-03T20:10:51","slug":"43-instrumentaarium","status":"publish","type":"page","link":"https:\/\/sisu.ut.ee\/hambaravi4\/43-instrumentaarium\/","title":{"rendered":"4.3. Instrumentaarium"},"content":{"rendered":"<p><img loading=\"lazy\" decoding=\"async\" width=\"222\" height=\"200\" class=\"alignnone wp-image-93\" style=\"float: right\" src=\"https:\/\/sisu.ut.ee\/wp-content\/uploads\/sites\/22\/instrumendid4-4-1.png\" title=\"instrumendid4-4.png\" alt=\"instrumendid4-4.png\">Vajalik instrumentaarium:<\/p>\n<ul>\n<li><span style=\"line-height: 1.6em\" data-mce-mark=\"1\">Peegel<\/span><\/li>\n<li><span style=\"line-height: 1.6em\" data-mce-mark=\"1\">Sond<\/span><\/li>\n<li><span style=\"line-height: 1.6em\" data-mce-mark=\"1\">Puurid:<\/span><\/li>\n<ul>\n<li><span data-mce-mark=\"1\">Kerapuur (1)<\/span><\/li>\n<li><span data-mce-mark=\"1\">Pirnikujuline puur (2) ja\/v\u00f5i \u00fcmaraotsaline fissuuripuur (3)<\/span><\/li>\n<li><span data-mce-mark=\"1\"><\/span><span data-mce-mark=\"1\">V\u00e4heabrasiivne leegikujuline puur (4)<\/span><\/li>\n<\/ul>\n<li><span style=\"line-height: 1.6em\">Gingivaalne trimmer (5)<\/span><\/li>\n<\/ul>\n","protected":false},"excerpt":{"rendered":"<p>Vajalik instrumentaarium: Peegel Sond Puurid: Kerapuur (1) Pirnikujuline puur (2) ja\/v\u00f5i \u00fcmaraotsaline fissuuripuur (3) V\u00e4heabrasiivne leegikujuline puur (4) Gingivaalne trimmer (5)<\/p>\n","protected":false},"author":12,"featured_media":0,"parent":0,"menu_order":0,"comment_status":"closed","ping_status":"closed","template":"","meta":{"_acf_changed":false,"inline_featured_image":false,"footnotes":""},"class_list":["post-43","page","type-page","status-publish","hentry"],"acf":[],"_links":{"self":[{"href":"https:\/\/sisu.ut.ee\/hambaravi4\/wp-json\/wp\/v2\/pages\/43","targetHints":{"allow":["GET"]}}],"collection":[{"href":"https:\/\/sisu.ut.ee\/hambaravi4\/wp-json\/wp\/v2\/pages"}],"about":[{"href":"https:\/\/sisu.ut.ee\/hambaravi4\/wp-json\/wp\/v2\/types\/page"}],"author":[{"embeddable":true,"href":"https:\/\/sisu.ut.ee\/hambaravi4\/wp-json\/wp\/v2\/users\/12"}],"replies":[{"embeddable":true,"href":"https:\/\/sisu.ut.ee\/hambaravi4\/wp-json\/wp\/v2\/comments?post=43"}],"version-history":[{"count":1,"href":"https:\/\/sisu.ut.ee\/hambaravi4\/wp-json\/wp\/v2\/pages\/43\/revisions"}],"predecessor-version":[{"id":225,"href":"https:\/\/sisu.ut.ee\/hambaravi4\/wp-json\/wp\/v2\/pages\/43\/revisions\/225"}],"wp:attachment":[{"href":"https:\/\/sisu.ut.ee\/hambaravi4\/wp-json\/wp\/v2\/media?parent=43"}],"curies":[{"name":"wp","href":"https:\/\/api.w.org\/{rel}","templated":true}]}}