{"id":42,"date":"2024-04-03T23:10:33","date_gmt":"2024-04-03T20:10:33","guid":{"rendered":"https:\/\/sisu.ut.ee\/hambaravi4\/42-kaviteedi-paiknemine\/"},"modified":"2024-04-03T23:10:51","modified_gmt":"2024-04-03T20:10:51","slug":"42-kaviteedi-paiknemine","status":"publish","type":"page","link":"https:\/\/sisu.ut.ee\/hambaravi4\/42-kaviteedi-paiknemine\/","title":{"rendered":"4.2. Kaviteedi paiknemine"},"content":{"rendered":"<p id=\"nodeDecoration\">Esihammaste hulka loetakse <strong style=\"font-family: verdana, geneva;font-size: small;line-height: 1.6em\">intsisiivid ehk l\u00f5ikehambad<\/strong> ja <strong style=\"font-family: verdana, geneva;font-size: small;line-height: 1.6em\">kaniinid ehk silmahambad<\/strong>. Karioosne kahjustus paikneb enamasti esihammaste kontaktpunktis v\u00f5i sellest madalamal.<\/p>\n<div class=\"iDevice emphasis0\">\n<div id=\"ta2_1\" class=\"block\">\n<p>Karioossele kahjustusele l\u00e4henetakse <strong>l\u00fchimat v\u00f5imalikku teed<\/strong> kaudu.<\/p>\n<p>Kui kahjustus <strong>ei ole ulatuslik<\/strong>, siis eelistatakse kaviteeti <strong>juurdep\u00e4\u00e4suga lingvaalselt v\u00f5i palatinaalselt.<\/strong> Selline kaviteedi loomine on k\u00fcll <strong>tehniliselt raskem<\/strong>, kuid annab parema esteetilise tulemuse, sest <strong>labiaalne hambapind s\u00e4ilib tervena<\/strong>. V\u00f5imalusel s\u00e4ilitatakse ka kontaktpunkt puutumatuna. Selline l\u00e4henemine <strong>parandab esteetikat<\/strong>, sest nii t\u00e4idise v\u00e4rvi t\u00e4pne sobivus kui selle edaspidine v\u00f5imalik v\u00e4rvumine ei j\u00e4\u00e4 n\u00e4htavale.<\/p>\n<p>Kui kahjustus on<strong> ulatuslik<\/strong>, ulatudes esihamba labiaalsele pinnale, alustatakse preparatsiooni <strong>lihtsama juurdep\u00e4\u00e4suga <\/strong>kohas. Enamasti eelistatakse sel korral <strong>labiaalset l\u00e4henemist,<\/strong> mis on tehniliselt lihtsam ja annab parema \u00fclevaate preparatsiooni piirkonnast.<\/p>\n<\/div>\n<\/div>\n","protected":false},"excerpt":{"rendered":"<p>Esihammaste hulka loetakse intsisiivid ehk l\u00f5ikehambad ja kaniinid ehk silmahambad. Karioosne kahjustus paikneb enamasti esihammaste kontaktpunktis v\u00f5i sellest madalamal. Karioossele kahjustusele l\u00e4henetakse l\u00fchimat v\u00f5imalikku teed kaudu. Kui kahjustus ei ole ulatuslik, siis eelistatakse kaviteeti juurdep\u00e4\u00e4suga lingvaalselt v\u00f5i palatinaalselt. Selline kaviteedi &#8230;<\/p>\n","protected":false},"author":12,"featured_media":0,"parent":0,"menu_order":0,"comment_status":"closed","ping_status":"closed","template":"","meta":{"_acf_changed":false,"inline_featured_image":false,"footnotes":""},"class_list":["post-42","page","type-page","status-publish","hentry"],"acf":[],"_links":{"self":[{"href":"https:\/\/sisu.ut.ee\/hambaravi4\/wp-json\/wp\/v2\/pages\/42","targetHints":{"allow":["GET"]}}],"collection":[{"href":"https:\/\/sisu.ut.ee\/hambaravi4\/wp-json\/wp\/v2\/pages"}],"about":[{"href":"https:\/\/sisu.ut.ee\/hambaravi4\/wp-json\/wp\/v2\/types\/page"}],"author":[{"embeddable":true,"href":"https:\/\/sisu.ut.ee\/hambaravi4\/wp-json\/wp\/v2\/users\/12"}],"replies":[{"embeddable":true,"href":"https:\/\/sisu.ut.ee\/hambaravi4\/wp-json\/wp\/v2\/comments?post=42"}],"version-history":[{"count":1,"href":"https:\/\/sisu.ut.ee\/hambaravi4\/wp-json\/wp\/v2\/pages\/42\/revisions"}],"predecessor-version":[{"id":224,"href":"https:\/\/sisu.ut.ee\/hambaravi4\/wp-json\/wp\/v2\/pages\/42\/revisions\/224"}],"wp:attachment":[{"href":"https:\/\/sisu.ut.ee\/hambaravi4\/wp-json\/wp\/v2\/media?parent=42"}],"curies":[{"name":"wp","href":"https:\/\/api.w.org\/{rel}","templated":true}]}}