{"id":40,"date":"2024-04-03T23:10:33","date_gmt":"2024-04-03T20:10:33","guid":{"rendered":"https:\/\/sisu.ut.ee\/hambaravi4\/35-kokkuvote\/"},"modified":"2024-04-09T14:54:19","modified_gmt":"2024-04-09T11:54:19","slug":"35-kokkuvote","status":"publish","type":"page","link":"https:\/\/sisu.ut.ee\/hambaravi4\/35-kokkuvote\/","title":{"rendered":"3.5. Kokkuv\u00f5te"},"content":{"rendered":"<p><strong>Kontaktpinnal paikneva kaviteedi ise\u00e4rasus<\/strong> on <strong>h\u00e4vinud hambak\u00fclg<\/strong>, mis tuleb taastada.Hea, tihe <strong>kontakt naaberhambaga<\/strong> on v\u00e4ga oluline.<\/p>\n<p>Nii nagu iga kaviteedi loomise korral, tuleb ka kontaktpinnal paikneva kaviteedi puhul v\u00f5imalikult v\u00e4he eemaldada oma hamba kude. <strong>S\u00e4\u00e4stlikumad tehnikad<\/strong> on v\u00f5imalikud t\u00e4nu headele siduss\u00fcsteemidele, mis tagavad t\u00e4idismaterjali kinnituse hamabakoega.<\/p>\n<p><img loading=\"lazy\" decoding=\"async\" width=\"446\" height=\"486\" class=\"alignnone wp-image-92 aligncenter\" style=\"margin-left: auto; margin-right: auto;\" title=\"4202.jpeg\" src=\"https:\/\/sisu.ut.ee\/wp-content\/uploads\/sites\/22\/4202.jpeg\" alt=\"4202.jpeg\" srcset=\"https:\/\/sisu.ut.ee\/wp-content\/uploads\/sites\/22\/4202.jpeg 446w, https:\/\/sisu.ut.ee\/wp-content\/uploads\/sites\/22\/4202-275x300.jpeg 275w\" sizes=\"auto, (max-width: 446px) 100vw, 446px\"><\/p>\n<p style=\"text-align: center;\"><em>Kaviteeti on avatud minimaalselt. Avaus on piisav karioosse koe eemaldamiseks, kuid n\u00e4htavus on piiratud. Kogu karioosse koe eemaldamist saab kontrollida kaariesmarkeriga. <a href=\"https:\/\/www.healthtap.com\/#topics\/filling\" target=\"_blank\" rel=\"noopener\">https:\/\/www.healthtap.com\/#topics\/filling<\/a><\/em><\/p>\n<p>M\u00f5ningatel juhtudel on ulatuslikum preparatsioon paratamatu. Sel juhul on eriti oluline <strong>j\u00e4rgida kaviteedi loomise n\u00f5udeid<\/strong>. Neid saad vajadusel korrata \u00f5piobjektist \u2018<a href=\"http:\/\/dspace.utlib.ee\/dspace\/bitstream\/handle\/10062\/25912\/index.html\" target=\"_blank\" rel=\"noopener\">II klassi preparatsioon komposiitt\u00e4idisele<\/a>\u2018.<\/p>\n<p>Riina Runnel<br>\nTartu \u00dclikool<br>\nSuu- ja hambahaiguste \u00f5ppej\u00f5ud<br>\n<a href=\"mailto:Riina.runnel@ut.ee\">riina.runnel@ut.ee<\/a><\/p>\n","protected":false},"excerpt":{"rendered":"<p>Kontaktpinnal paikneva kaviteedi ise\u00e4rasus on h\u00e4vinud hambak\u00fclg, mis tuleb taastada.Hea, tihe kontakt naaberhambaga on v\u00e4ga oluline. Nii nagu iga kaviteedi loomise korral, tuleb ka kontaktpinnal paikneva kaviteedi puhul v\u00f5imalikult v\u00e4he eemaldada oma hamba kude. S\u00e4\u00e4stlikumad tehnikad on v\u00f5imalikud t\u00e4nu headele &#8230;<\/p>\n","protected":false},"author":12,"featured_media":0,"parent":0,"menu_order":0,"comment_status":"closed","ping_status":"closed","template":"","meta":{"_acf_changed":false,"inline_featured_image":false,"footnotes":""},"class_list":["post-40","page","type-page","status-publish","hentry"],"acf":[],"_links":{"self":[{"href":"https:\/\/sisu.ut.ee\/hambaravi4\/wp-json\/wp\/v2\/pages\/40","targetHints":{"allow":["GET"]}}],"collection":[{"href":"https:\/\/sisu.ut.ee\/hambaravi4\/wp-json\/wp\/v2\/pages"}],"about":[{"href":"https:\/\/sisu.ut.ee\/hambaravi4\/wp-json\/wp\/v2\/types\/page"}],"author":[{"embeddable":true,"href":"https:\/\/sisu.ut.ee\/hambaravi4\/wp-json\/wp\/v2\/users\/12"}],"replies":[{"embeddable":true,"href":"https:\/\/sisu.ut.ee\/hambaravi4\/wp-json\/wp\/v2\/comments?post=40"}],"version-history":[{"count":2,"href":"https:\/\/sisu.ut.ee\/hambaravi4\/wp-json\/wp\/v2\/pages\/40\/revisions"}],"predecessor-version":[{"id":300,"href":"https:\/\/sisu.ut.ee\/hambaravi4\/wp-json\/wp\/v2\/pages\/40\/revisions\/300"}],"wp:attachment":[{"href":"https:\/\/sisu.ut.ee\/hambaravi4\/wp-json\/wp\/v2\/media?parent=40"}],"curies":[{"name":"wp","href":"https:\/\/api.w.org\/{rel}","templated":true}]}}