{"id":38,"date":"2024-04-03T23:10:33","date_gmt":"2024-04-03T20:10:33","guid":{"rendered":"https:\/\/sisu.ut.ee\/hambaravi4\/341-klassikaline-preparatsioon\/"},"modified":"2024-04-09T14:53:56","modified_gmt":"2024-04-09T11:53:56","slug":"341-klassikaline-preparatsioon","status":"publish","type":"page","link":"https:\/\/sisu.ut.ee\/hambaravi4\/341-klassikaline-preparatsioon\/","title":{"rendered":"3.4.1. Klassikaline preparatsioon"},"content":{"rendered":"<p>Klassikaline preparatsioon <strong>arvestab hambale langevat m\u00e4lumisr\u00f5hku<\/strong>. See tehnika sobib eesk\u00e4tt <strong>ulatuslikemate kahjustuste puhul<\/strong> ja juhtudel, kus <strong>m\u00e4lumisr\u00f5hk<\/strong> on tavalisest <strong>suurem<\/strong> (nt bruksistidel).<\/p>\n<p><img loading=\"lazy\" decoding=\"async\" width=\"640\" height=\"427\" class=\"alignnone wp-image-89 aligncenter\" style=\"margin-left: auto; margin-right: auto;\" title=\"4208.jpg\" src=\"https:\/\/sisu.ut.ee\/wp-content\/uploads\/sites\/22\/4208.jpg\" alt=\"4208.jpg\" srcset=\"https:\/\/sisu.ut.ee\/wp-content\/uploads\/sites\/22\/4208.jpg 640w, https:\/\/sisu.ut.ee\/wp-content\/uploads\/sites\/22\/4208-300x200.jpg 300w\" sizes=\"auto, (max-width: 640px) 100vw, 640px\"><\/p>\n<p style=\"text-align: center;\"><em>Klasikalisel preparatsioonil moodustub kaks astet \u2013 pindmisem oklusaalne, mis j\u00e4rgib fissuuride kulgu, ja s\u00fcgavam gingivaalne kontaktpinnal. Gingivaalne aste tuleb hoida v\u00f5imalikult kitsas. <a href=\"http:\/\/ucladentaliptp.wordpress.com\/category\/operative\/\" target=\"_blank\" rel=\"noopener\">http:\/\/ucladentaliptp.wordpress.com\/category\/operative\/<\/a><\/em><\/p>\n<p>Kuigi <strong>kudesid eemaldatakse ulatuslikumalt<\/strong>, on t\u00e4idisel t\u00e4nu \u00f5igele preparatsioonitehnikale <strong>suurem lisatoestus<\/strong> (lamedad pinnad, laienev kaviteet jms), mis aitavad restauratsiooni p\u00fcsivust suurendada.<\/p>\n<p><strong>Klassikalist preparatsioonitehnikaga<\/strong> saad tutvuda, vaadates <strong>videot<\/strong> \u2018II klassi preparatsioon\u2019:<\/p>\n<p style=\"text-align: center;\"><\/p><div class=\"ratio ratio-16x9 mb-3\"><div class=\"video-placeholder-wrapper video-placeholder-wrapper--16x9\">\n\t\t\t    <div class=\"video-placeholder d-flex justify-content-center align-items-center\">\n\t\t\t        <div class=\"overlay text-white p-2 w-100 text-center d-block justify-content-center align-items-center\">\n\t\t\t            <div>Kolmandate osapoolte sisu n\u00e4gemiseks palun n\u00f5ustu k\u00fcpsistega.<\/div>\n\t\t\t            <button class=\"btn btn-secondary btn-sm mt-1 consent-change\">Muuda n\u00f5usolekut<\/button>\n\t\t\t        <\/div>\n\t\t\t    <\/div>\n\t\t\t<\/div>\n<\/div>\n<p>Peamine<strong> probleem<\/strong> ulatusliku preparatsiooni korral on hilisem. T\u00e4idise asetamisel on oluline <strong>hea kontakt naaberhambaga<\/strong>. Selleks on vaja tunda matriitss\u00fcsteeme. Baasteadmised nendest saad \u00f5piobjektist <strong>\u2018Matriitss\u00fcsteem\u2019<\/strong> (<a href=\"http:\/\/sisu.ut.ee\/hambaravi3\" target=\"_blank\" rel=\"noopener\">http:\/\/sisu.ut.ee\/hambaravi3<\/a>).<\/p>\n","protected":false},"excerpt":{"rendered":"<p>Klassikaline preparatsioon arvestab hambale langevat m\u00e4lumisr\u00f5hku. See tehnika sobib eesk\u00e4tt ulatuslikemate kahjustuste puhul ja juhtudel, kus m\u00e4lumisr\u00f5hk on tavalisest suurem (nt bruksistidel). Klasikalisel preparatsioonil moodustub kaks astet \u2013 pindmisem oklusaalne, mis j\u00e4rgib fissuuride kulgu, ja s\u00fcgavam gingivaalne kontaktpinnal. Gingivaalne aste &#8230;<\/p>\n","protected":false},"author":12,"featured_media":0,"parent":0,"menu_order":0,"comment_status":"closed","ping_status":"closed","template":"","meta":{"_acf_changed":false,"inline_featured_image":false,"footnotes":""},"class_list":["post-38","page","type-page","status-publish","hentry"],"acf":[],"_links":{"self":[{"href":"https:\/\/sisu.ut.ee\/hambaravi4\/wp-json\/wp\/v2\/pages\/38","targetHints":{"allow":["GET"]}}],"collection":[{"href":"https:\/\/sisu.ut.ee\/hambaravi4\/wp-json\/wp\/v2\/pages"}],"about":[{"href":"https:\/\/sisu.ut.ee\/hambaravi4\/wp-json\/wp\/v2\/types\/page"}],"author":[{"embeddable":true,"href":"https:\/\/sisu.ut.ee\/hambaravi4\/wp-json\/wp\/v2\/users\/12"}],"replies":[{"embeddable":true,"href":"https:\/\/sisu.ut.ee\/hambaravi4\/wp-json\/wp\/v2\/comments?post=38"}],"version-history":[{"count":2,"href":"https:\/\/sisu.ut.ee\/hambaravi4\/wp-json\/wp\/v2\/pages\/38\/revisions"}],"predecessor-version":[{"id":299,"href":"https:\/\/sisu.ut.ee\/hambaravi4\/wp-json\/wp\/v2\/pages\/38\/revisions\/299"}],"wp:attachment":[{"href":"https:\/\/sisu.ut.ee\/hambaravi4\/wp-json\/wp\/v2\/media?parent=38"}],"curies":[{"name":"wp","href":"https:\/\/api.w.org\/{rel}","templated":true}]}}