{"id":37,"date":"2024-04-03T23:10:33","date_gmt":"2024-04-03T20:10:33","guid":{"rendered":"https:\/\/sisu.ut.ee\/hambaravi4\/34-preparatsioon\/"},"modified":"2024-04-09T14:53:06","modified_gmt":"2024-04-09T11:53:06","slug":"34-preparatsioon","status":"publish","type":"page","link":"https:\/\/sisu.ut.ee\/hambaravi4\/34-preparatsioon\/","title":{"rendered":"3.4. Preparatsioon"},"content":{"rendered":"<p><strong>Preparatsioon kontaktpinnal<\/strong> on<strong> keerulisem<\/strong> kui m\u00e4lumispinnal. Seda eesk\u00e4tt <strong>piiratuma n\u00e4htavuse<\/strong> ja k\u00f5rval asetseva hamba t\u00f5ttu. Pealegi <strong>puudub<\/strong> t\u00e4idisel <strong>k\u00fclgmine toestus<\/strong>.<\/p>\n<p><strong>S\u00e4\u00e4stlik<\/strong> hambakudede eemaldamine eeldab <strong>v\u00f5imalikult kitsast kaviteeti<\/strong>, mis piirab vaatev\u00e4lja. Prepareerimisel tuleb <strong>arvestada naaberhambaga,<\/strong> mida ei tohi kahjustada. Vigastamist aitab v\u00e4ltida <strong>\u00f5ige tehnika<\/strong> ja <strong>k\u00e4siinstrumentide kasutamine.<\/strong><\/p>\n<p><img loading=\"lazy\" decoding=\"async\" width=\"500\" height=\"333\" class=\"alignnone wp-image-88 aligncenter\" style=\"margin-left: auto; margin-right: auto;\" title=\"4207.jpg\" src=\"https:\/\/sisu.ut.ee\/wp-content\/uploads\/sites\/22\/4207.jpg\" alt=\"4207.jpg\" srcset=\"https:\/\/sisu.ut.ee\/wp-content\/uploads\/sites\/22\/4207.jpg 500w, https:\/\/sisu.ut.ee\/wp-content\/uploads\/sites\/22\/4207-300x200.jpg 300w\" sizes=\"auto, (max-width: 500px) 100vw, 500px\"><\/p>\n<p style=\"text-align: center;\"><em>Klassikalises tehnikas preparatsioon, millel on kaks astet. P\u00f5\u00f5ra t\u00e4helepanu oklusaalsele preparatsioonile \u2013 kaviteet laieneb ristifissuuri. See laienev osa aitab v\u00e4jhendada t\u00e4idisele m\u00f5juvaid kallutavaid j\u00f5ude m\u00e4lumise ajal. <a href=\"http:\/\/www.denmat.com\/restoratives_virtuoso-flowable\" target=\"_blank\" rel=\"noopener\">http:\/\/www.denmat.com\/restoratives_virtuoso-flowable<\/a><\/em><\/p>\n<p><strong>V\u00e4iksema<\/strong> kliinilise <strong>kogemuse<\/strong> ja eelnevalt <strong>korduvalt \u00e4ra tulnud t\u00e4idiste<\/strong> puhul on \u00f5igem valida <strong>klassikaline tehnika<\/strong>. Mida suuremad on hambaarsti kogemused, seda enam on v\u00f5imalik s\u00e4ilitada tervet hambakude. K\u00e4elise <strong>oskuse arenedes<\/strong> liigutakse <strong>s\u00e4\u00e4stlikumate tehnikate<\/strong> juurde.<\/p>\n<div id=\"accordion\" class=\"accordion\">\n<p class=\"p1\"><\/p><div class=\"accordion mb-3\">\n        <div class=\"accordion-item accordion-item--white\">\n        <h2 class=\"accordion-header\" id=\"accordion-69e281ab14898-heading\">\n            <button class=\"accordion-button collapsed\" type=\"button\" data-bs-toggle=\"collapse\" data-bs-target=\"#accordion-69e281ab14898-collapse\" aria-expanded=\"true\" aria-controls=\"accordion-69e281ab14898-collapse\">Loe lisaks!<\/button>\n        <\/h2>\n        <div id=\"accordion-69e281ab14898-collapse\" class=\"accordion-collapse collapse\" aria-labelledby=\"accordion-69e281ab14898-heading\">\n            <div class=\"accordion-body\">Soovi korral saad erinevate <strong>s\u00e4\u00e4stlike tehnikatega<\/strong> tutvuda <strong>p\u00f5hjalikumalt<\/strong> \u00f5piobjektis \u2018<a href=\"http:\/\/dspace.utlib.ee\/dspace\/bitstream\/handle\/10062\/25912\/modifitseeritud_klass_ii_preparatsioon.html\" target=\"_blank\" rel=\"noopener\">II klassi preparatsioon komposiitt\u00e4idisele<\/a>\u2018. <\/div>\n        <\/div>\n        <\/div>\n    <\/div>\n<\/div>\n","protected":false},"excerpt":{"rendered":"<p>Preparatsioon kontaktpinnal on keerulisem kui m\u00e4lumispinnal. Seda eesk\u00e4tt piiratuma n\u00e4htavuse ja k\u00f5rval asetseva hamba t\u00f5ttu. Pealegi puudub t\u00e4idisel k\u00fclgmine toestus. S\u00e4\u00e4stlik hambakudede eemaldamine eeldab v\u00f5imalikult kitsast kaviteeti, mis piirab vaatev\u00e4lja. Prepareerimisel tuleb arvestada naaberhambaga, mida ei tohi kahjustada. Vigastamist aitab &#8230;<\/p>\n","protected":false},"author":12,"featured_media":0,"parent":0,"menu_order":0,"comment_status":"closed","ping_status":"closed","template":"","meta":{"_acf_changed":false,"inline_featured_image":false,"footnotes":""},"class_list":["post-37","page","type-page","status-publish","hentry"],"acf":[],"_links":{"self":[{"href":"https:\/\/sisu.ut.ee\/hambaravi4\/wp-json\/wp\/v2\/pages\/37","targetHints":{"allow":["GET"]}}],"collection":[{"href":"https:\/\/sisu.ut.ee\/hambaravi4\/wp-json\/wp\/v2\/pages"}],"about":[{"href":"https:\/\/sisu.ut.ee\/hambaravi4\/wp-json\/wp\/v2\/types\/page"}],"author":[{"embeddable":true,"href":"https:\/\/sisu.ut.ee\/hambaravi4\/wp-json\/wp\/v2\/users\/12"}],"replies":[{"embeddable":true,"href":"https:\/\/sisu.ut.ee\/hambaravi4\/wp-json\/wp\/v2\/comments?post=37"}],"version-history":[{"count":2,"href":"https:\/\/sisu.ut.ee\/hambaravi4\/wp-json\/wp\/v2\/pages\/37\/revisions"}],"predecessor-version":[{"id":298,"href":"https:\/\/sisu.ut.ee\/hambaravi4\/wp-json\/wp\/v2\/pages\/37\/revisions\/298"}],"wp:attachment":[{"href":"https:\/\/sisu.ut.ee\/hambaravi4\/wp-json\/wp\/v2\/media?parent=37"}],"curies":[{"name":"wp","href":"https:\/\/api.w.org\/{rel}","templated":true}]}}