{"id":33,"date":"2024-04-03T23:10:33","date_gmt":"2024-04-03T20:10:33","guid":{"rendered":"https:\/\/sisu.ut.ee\/hambaravi4\/25-kokkuvote\/"},"modified":"2024-04-09T14:50:20","modified_gmt":"2024-04-09T11:50:20","slug":"25-kokkuvote","status":"publish","type":"page","link":"https:\/\/sisu.ut.ee\/hambaravi4\/25-kokkuvote\/","title":{"rendered":"2.5. Kokkuv\u00f5te"},"content":{"rendered":"<p>\u00d5piobjekt tutvustas erinevate tagahammaste m\u00e4lumispindadel paiknevate kaviteetide loomist. Tegelikust on v\u00f5imalusi enamgi, sest sarnane <strong>kaviteet v\u00f5ib paikneda<\/strong> ka <strong>isoleeritult<\/strong> <strong>molaari bukaalses v\u00f5i palatinaalses fissuuris<\/strong> v\u00f5i <strong>esihamba palatinaalsel pinnal<\/strong> (vaata <strong>videot<\/strong>).<\/p>\n<p style=\"text-align: center;\"><\/p><div class=\"ratio ratio-16x9 mb-3\"><div class=\"video-placeholder-wrapper video-placeholder-wrapper--16x9\">\n\t\t\t    <div class=\"video-placeholder d-flex justify-content-center align-items-center\">\n\t\t\t        <div class=\"overlay text-white p-2 w-100 text-center d-block justify-content-center align-items-center\">\n\t\t\t            <div>Kolmandate osapoolte sisu n\u00e4gemiseks palun n\u00f5ustu k\u00fcpsistega.<\/div>\n\t\t\t            <button class=\"btn btn-secondary btn-sm mt-1 consent-change\">Muuda n\u00f5usolekut<\/button>\n\t\t\t        <\/div>\n\t\t\t    <\/div>\n\t\t\t<\/div>\n<\/div>\n<p><img loading=\"lazy\" decoding=\"async\" width=\"620\" height=\"330\" class=\"alignnone wp-image-85 aligncenter\" style=\"margin-left: auto; margin-right: auto;\" title=\"4109.jpg\" src=\"https:\/\/sisu.ut.ee\/wp-content\/uploads\/sites\/22\/4109.jpg\" alt=\"4109.jpg\" srcset=\"https:\/\/sisu.ut.ee\/wp-content\/uploads\/sites\/22\/4109.jpg 620w, https:\/\/sisu.ut.ee\/wp-content\/uploads\/sites\/22\/4109-300x160.jpg 300w\" sizes=\"auto, (max-width: 620px) 100vw, 620px\"><\/p>\n<p style=\"text-align: center;\"><em>Vasakpoolsel molaaril n\u00e4ed gingivaalsel isoleeritult asetsevat v\u00e4ikest t\u00e4idist (kollakas ringjas ala igeme l\u00e4hedal). Parempoolsel molaaril on sama asukohaga kahjustus \u00fchendatud m\u00e4lumispinna fissuuridega. T\u00e4idis asetseb kogu fissuuri pikkuses, ulatudes oklusaalselt bukaalsele.<\/em><\/p>\n<p>Oluline on <strong>tunda hamba anatoomiat<\/strong>, sest see aitab prepareerimisel <strong>s\u00e4\u00e4sta tervet hambakude<\/strong> ja tagab v\u00f5imaluse kauakestva restauratsiooni valmistamiseks.<\/p>\n<p>Riina Runnel<br>\nTartu \u00dclikool<br>\nSuu- ja hambahaiguste \u00f5ppej\u00f5ud<br>\n<a href=\"mailto:Riina.runnel@ut.ee\">riina.runnel@ut.ee<\/a><\/p>\n","protected":false},"excerpt":{"rendered":"<p>\u00d5piobjekt tutvustas erinevate tagahammaste m\u00e4lumispindadel paiknevate kaviteetide loomist. Tegelikust on v\u00f5imalusi enamgi, sest sarnane kaviteet v\u00f5ib paikneda ka isoleeritult molaari bukaalses v\u00f5i palatinaalses fissuuris v\u00f5i esihamba palatinaalsel pinnal (vaata videot). Kolmandate osapoolte sisu n\u00e4gemiseks palun n\u00f5ustu k\u00fcpsistega. Muuda n\u00f5usolekut Vasakpoolsel &#8230;<\/p>\n","protected":false},"author":12,"featured_media":0,"parent":0,"menu_order":0,"comment_status":"closed","ping_status":"closed","template":"","meta":{"_acf_changed":false,"inline_featured_image":false,"footnotes":""},"class_list":["post-33","page","type-page","status-publish","hentry"],"acf":[],"_links":{"self":[{"href":"https:\/\/sisu.ut.ee\/hambaravi4\/wp-json\/wp\/v2\/pages\/33","targetHints":{"allow":["GET"]}}],"collection":[{"href":"https:\/\/sisu.ut.ee\/hambaravi4\/wp-json\/wp\/v2\/pages"}],"about":[{"href":"https:\/\/sisu.ut.ee\/hambaravi4\/wp-json\/wp\/v2\/types\/page"}],"author":[{"embeddable":true,"href":"https:\/\/sisu.ut.ee\/hambaravi4\/wp-json\/wp\/v2\/users\/12"}],"replies":[{"embeddable":true,"href":"https:\/\/sisu.ut.ee\/hambaravi4\/wp-json\/wp\/v2\/comments?post=33"}],"version-history":[{"count":2,"href":"https:\/\/sisu.ut.ee\/hambaravi4\/wp-json\/wp\/v2\/pages\/33\/revisions"}],"predecessor-version":[{"id":295,"href":"https:\/\/sisu.ut.ee\/hambaravi4\/wp-json\/wp\/v2\/pages\/33\/revisions\/295"}],"wp:attachment":[{"href":"https:\/\/sisu.ut.ee\/hambaravi4\/wp-json\/wp\/v2\/media?parent=33"}],"curies":[{"name":"wp","href":"https:\/\/api.w.org\/{rel}","templated":true}]}}