{"id":32,"date":"2024-04-03T23:10:33","date_gmt":"2024-04-03T20:10:33","guid":{"rendered":"https:\/\/sisu.ut.ee\/hambaravi4\/243-bukaalsesse-voi-palatinaalsesse-fissuuri-ulatuv-kaviteet\/"},"modified":"2024-04-03T23:10:51","modified_gmt":"2024-04-03T20:10:51","slug":"243-bukaalsesse-voi-palatinaalsesse-fissuuri-ulatuv-kaviteet","status":"publish","type":"page","link":"https:\/\/sisu.ut.ee\/hambaravi4\/243-bukaalsesse-voi-palatinaalsesse-fissuuri-ulatuv-kaviteet\/","title":{"rendered":"2.4.3. Bukaalsesse v\u00f5i palatinaalsesse fissuuri ulatuv kaviteet"},"content":{"rendered":"<p>M\u00f5ningatel juhtudel on <strong>lisaks m\u00e4lumispinnale<\/strong> haaratud ka hamba <strong>bukaalsele v\u00f5i palatinaalsele pinnale ulatuv fissuur<\/strong>. Sellisel puhul pikendatakse preparatsiooni piki fissuuri kulgu. Moodustub <strong>kaks astet<\/strong>, sarnaselt tagahammaste kontaktpinnal paiknevale kaviteedile.\u00a0<\/p>\n<p><img loading=\"lazy\" decoding=\"async\" width=\"1600\" height=\"902\" class=\"alignnone wp-image-83\" style=\"margin-left: auto;margin-right: auto\" src=\"https:\/\/sisu.ut.ee\/wp-content\/uploads\/sites\/22\/4108.jpg\" title=\"4108.jpg\" alt=\"4108.jpg\" srcset=\"https:\/\/sisu.ut.ee\/wp-content\/uploads\/sites\/22\/4108.jpg 1600w, https:\/\/sisu.ut.ee\/wp-content\/uploads\/sites\/22\/4108-300x169.jpg 300w, https:\/\/sisu.ut.ee\/wp-content\/uploads\/sites\/22\/4108-1024x577.jpg 1024w, https:\/\/sisu.ut.ee\/wp-content\/uploads\/sites\/22\/4108-768x433.jpg 768w, https:\/\/sisu.ut.ee\/wp-content\/uploads\/sites\/22\/4108-1536x866.jpg 1536w\" sizes=\"auto, (max-width: 1600px) 100vw, 1600px\"><\/p>\n<p style=\"text-align: center\"><em>Fantoomhambal on avatud palatinaalne fissuur. Pane t\u00e4hele kaviteedi kulgu, s\u00fcgavust \u00a0ning gingivaalsel moodustuvat astet. <a href=\"http:\/\/www.stu-dentdiaries.com\/2011_06_01_archive.html\" target=\"_blank\" rel=\"noopener\">http:\/\/www.stu-dentdiaries.com\/2011_06_01_archive.html<\/a><\/em><\/p>\n<p>Preparatsioon on sarnane eelmistele. Peamine <strong>erinevus on puuri asendis<\/strong>, kui bukaalsele v\u00f5i lingvaalsele ulauvat fissuuri avatakse. Kui kahjustus ei ole suur, v\u00f5ivad erinevatel pindadel paiknevad kaviteedid j\u00e4\u00e4da isoleerituks.<\/p>\n<p>Vaata <strong>videot<\/strong>, kus n\u00e4ed vajaminevaid t\u00f6\u00f6v\u00f5tteid:<a href=\"http:\/\/uttv.ee\/naita?id=17381\"><br><\/a><\/p>\n<p style=\"text-align: center\"><\/p><div class=\"ratio ratio-16x9 mb-3\"><div class=\"video-placeholder-wrapper video-placeholder-wrapper--16x9\">\n\t\t\t    <div class=\"video-placeholder d-flex justify-content-center align-items-center\">\n\t\t\t        <div class=\"overlay text-white p-2 w-100 text-center d-block justify-content-center align-items-center\">\n\t\t\t            <div>Kolmandate osapoolte sisu n\u00e4gemiseks palun n\u00f5ustu k\u00fcpsistega.<\/div>\n\t\t\t            <button class=\"btn btn-secondary btn-sm mt-1 consent-change\">Muuda n\u00f5usolekut<\/button>\n\t\t\t        <\/div>\n\t\t\t    <\/div>\n\t\t\t<\/div>\n<\/div>\n\n<p><img loading=\"lazy\" decoding=\"async\" width=\"945\" height=\"628\" class=\"alignnone wp-image-84\" style=\"margin-left: auto;margin-right: auto\" src=\"https:\/\/sisu.ut.ee\/wp-content\/uploads\/sites\/22\/4107.jpg\" title=\"4107.jpg\" alt=\"4107.jpg\" srcset=\"https:\/\/sisu.ut.ee\/wp-content\/uploads\/sites\/22\/4107.jpg 945w, https:\/\/sisu.ut.ee\/wp-content\/uploads\/sites\/22\/4107-300x199.jpg 300w, https:\/\/sisu.ut.ee\/wp-content\/uploads\/sites\/22\/4107-768x510.jpg 768w\" sizes=\"auto, (max-width: 945px) 100vw, 945px\"><\/p>\n<p style=\"text-align: center\"><em>Molaaril on n\u00e4ha preventiivne ehk ennetav t\u00e4idis (piimjasvalge), mis ulatub m\u00e4lumispinnalt palatinaalsele. Kuigi t\u00e4idis ulatub hamba k\u00fcljele, on siiski tegemist fissuurikaariese ennetusega.\u00a0<\/em><\/p>\n","protected":false},"excerpt":{"rendered":"<p>M\u00f5ningatel juhtudel on lisaks m\u00e4lumispinnale haaratud ka hamba bukaalsele v\u00f5i palatinaalsele pinnale ulatuv fissuur. Sellisel puhul pikendatakse preparatsiooni piki fissuuri kulgu. Moodustub kaks astet, sarnaselt tagahammaste kontaktpinnal paiknevale kaviteedile.\u00a0 Fantoomhambal on avatud palatinaalne fissuur. Pane t\u00e4hele kaviteedi kulgu, s\u00fcgavust \u00a0ning &#8230;<\/p>\n","protected":false},"author":12,"featured_media":0,"parent":0,"menu_order":0,"comment_status":"closed","ping_status":"closed","template":"","meta":{"_acf_changed":false,"inline_featured_image":false,"footnotes":""},"class_list":["post-32","page","type-page","status-publish","hentry"],"acf":[],"_links":{"self":[{"href":"https:\/\/sisu.ut.ee\/hambaravi4\/wp-json\/wp\/v2\/pages\/32","targetHints":{"allow":["GET"]}}],"collection":[{"href":"https:\/\/sisu.ut.ee\/hambaravi4\/wp-json\/wp\/v2\/pages"}],"about":[{"href":"https:\/\/sisu.ut.ee\/hambaravi4\/wp-json\/wp\/v2\/types\/page"}],"author":[{"embeddable":true,"href":"https:\/\/sisu.ut.ee\/hambaravi4\/wp-json\/wp\/v2\/users\/12"}],"replies":[{"embeddable":true,"href":"https:\/\/sisu.ut.ee\/hambaravi4\/wp-json\/wp\/v2\/comments?post=32"}],"version-history":[{"count":1,"href":"https:\/\/sisu.ut.ee\/hambaravi4\/wp-json\/wp\/v2\/pages\/32\/revisions"}],"predecessor-version":[{"id":214,"href":"https:\/\/sisu.ut.ee\/hambaravi4\/wp-json\/wp\/v2\/pages\/32\/revisions\/214"}],"wp:attachment":[{"href":"https:\/\/sisu.ut.ee\/hambaravi4\/wp-json\/wp\/v2\/media?parent=32"}],"curies":[{"name":"wp","href":"https:\/\/api.w.org\/{rel}","templated":true}]}}