{"id":30,"date":"2024-04-03T23:10:33","date_gmt":"2024-04-03T20:10:33","guid":{"rendered":"https:\/\/sisu.ut.ee\/hambaravi4\/241-molaari-malumispinna-kaviteet\/"},"modified":"2024-04-09T14:45:09","modified_gmt":"2024-04-09T11:45:09","slug":"241-molaari-malumispinna-kaviteet","status":"publish","type":"page","link":"https:\/\/sisu.ut.ee\/hambaravi4\/241-molaari-malumispinna-kaviteet\/","title":{"rendered":"2.4.1. Molaari m\u00e4lumispinna kaviteet"},"content":{"rendered":"<p>K\u00f5ige olulisem on j\u00e4lgida molaaride <strong>fissuuride kulgu<\/strong>, sest kaarieskahjustus saab alguse just sealt.<\/p>\n<p><img loading=\"lazy\" decoding=\"async\" width=\"240\" height=\"227\" class=\"alignnone wp-image-81 aligncenter\" style=\"margin-left: auto; margin-right: auto;\" title=\"4104.jpg\" src=\"https:\/\/sisu.ut.ee\/wp-content\/uploads\/sites\/22\/4104.jpg\" alt=\"4104.jpg\"><\/p>\n<p style=\"text-align: center;\"><em><a style=\"line-height: 1.6em;\" href=\"http:\/\/www.flashcardexchange.com\/cards\/operative-test-2-cavity-preparations-for-amalgam-restorations-1554641\">http:\/\/www.flashcardexchange.com\/cards\/operative-test-2-cavity-preparations-for-amalgam-restorations-1554641<\/a><\/em><\/p>\n<p><strong>Alumiste molaaride anatoomiat<\/strong> tutvustab veebileht <a style=\"line-height: 1.6em;\" href=\"http:\/\/what-when-how.com\/dental-anatomy-physiology-and-occlusion\/the-permanent-mandibular-molars-dental-anatomy-physiology-and-occlusion-part-1\/\" target=\"_blank\" rel=\"noopener\">http:\/\/what-when-how.com\/dental-anatomy-physiology-and-occlusion\/the-permanent-mandibular-molars-dental-anatomy-physiology-and-occlusion-part-1\/<\/a> ja <strong>\u00fclemiste molaaride anatoomiat<\/strong> <a style=\"line-height: 1.6em;\" href=\"http:\/\/what-when-how.com\/dental-anatomy-physiology-and-occlusion\/the-permanent-maxillary-molars-dental-anatomy-physiology-and-occlusion-part-1\/\" target=\"_blank\" rel=\"noopener\">http:\/\/what-when-how.com\/dental-anatomy-physiology-and-occlusion\/the-permanent-maxillary-molars-dental-anatomy-physiology-and-occlusion-part-1\/<\/a>. J\u00e4lgi eesk\u00e4tt fissuuride ja k\u00f6prude kuju ning paiknemist.<\/p>\n<p><img loading=\"lazy\" decoding=\"async\" width=\"234\" height=\"321\" class=\"alignnone wp-image-82 aligncenter\" style=\"margin-left: auto; margin-right: auto;\" title=\"4106.jpg\" src=\"https:\/\/sisu.ut.ee\/wp-content\/uploads\/sites\/22\/4106.jpg\" alt=\"4106.jpg\" srcset=\"https:\/\/sisu.ut.ee\/wp-content\/uploads\/sites\/22\/4106.jpg 234w, https:\/\/sisu.ut.ee\/wp-content\/uploads\/sites\/22\/4106-219x300.jpg 219w\" sizes=\"auto, (max-width: 234px) 100vw, 234px\"><\/p>\n<p style=\"text-align: center;\"><em>Fotol on m\u00e4rgitud punaste joontega fissuuride kulg. Must joon m\u00e4rgistab ristifisuuri asukoha (\u00e4\u00e4reliistu k\u00f5rval). Hamba tugevuse kindlustamiseks on kaviteedi loomisel oluline \u00e4\u00e4reliist s\u00e4ilitada v\u00f5imalikult laiana (molaaridel\u00a0 v\u00e4hemalt 1-1,2 mm). <a href=\"http:\/\/thedentalstudent.co.uk\/basic-conservative-dentistry-a-license-to-cut\/\" target=\"_blank\" rel=\"noopener\">http:\/\/thedentalstudent.co.uk\/basic-conservative-dentistry-a-license-to-cut\/<\/a><\/em><\/p>\n<p>Vaata <strong>videot<\/strong>, mis tutvustab molaari m\u00e4lumispinna kaviteedi loomist:<a style=\"line-height: 1.6em;\" href=\"http:\/\/uttv.ee\/naita?id=17527\"><br>\n<\/a><\/p>\n<p style=\"text-align: center;\"><\/p><div class=\"ratio ratio-16x9 mb-3\"><div class=\"video-placeholder-wrapper video-placeholder-wrapper--16x9\">\n\t\t\t    <div class=\"video-placeholder d-flex justify-content-center align-items-center\">\n\t\t\t        <div class=\"overlay text-white p-2 w-100 text-center d-block justify-content-center align-items-center\">\n\t\t\t            <div>Kolmandate osapoolte sisu n\u00e4gemiseks palun n\u00f5ustu k\u00fcpsistega.<\/div>\n\t\t\t            <button class=\"btn btn-secondary btn-sm mt-1 consent-change\">Muuda n\u00f5usolekut<\/button>\n\t\t\t        <\/div>\n\t\t\t    <\/div>\n\t\t\t<\/div>\n<\/div>\n","protected":false},"excerpt":{"rendered":"<p>K\u00f5ige olulisem on j\u00e4lgida molaaride fissuuride kulgu, sest kaarieskahjustus saab alguse just sealt. http:\/\/www.flashcardexchange.com\/cards\/operative-test-2-cavity-preparations-for-amalgam-restorations-1554641 Alumiste molaaride anatoomiat tutvustab veebileht http:\/\/what-when-how.com\/dental-anatomy-physiology-and-occlusion\/the-permanent-mandibular-molars-dental-anatomy-physiology-and-occlusion-part-1\/ ja \u00fclemiste molaaride anatoomiat http:\/\/what-when-how.com\/dental-anatomy-physiology-and-occlusion\/the-permanent-maxillary-molars-dental-anatomy-physiology-and-occlusion-part-1\/. J\u00e4lgi eesk\u00e4tt fissuuride ja k\u00f6prude kuju ning paiknemist. Fotol on m\u00e4rgitud punaste joontega fissuuride kulg. &#8230;<\/p>\n","protected":false},"author":12,"featured_media":0,"parent":0,"menu_order":0,"comment_status":"closed","ping_status":"closed","template":"","meta":{"_acf_changed":false,"inline_featured_image":false,"footnotes":""},"class_list":["post-30","page","type-page","status-publish","hentry"],"acf":[],"_links":{"self":[{"href":"https:\/\/sisu.ut.ee\/hambaravi4\/wp-json\/wp\/v2\/pages\/30","targetHints":{"allow":["GET"]}}],"collection":[{"href":"https:\/\/sisu.ut.ee\/hambaravi4\/wp-json\/wp\/v2\/pages"}],"about":[{"href":"https:\/\/sisu.ut.ee\/hambaravi4\/wp-json\/wp\/v2\/types\/page"}],"author":[{"embeddable":true,"href":"https:\/\/sisu.ut.ee\/hambaravi4\/wp-json\/wp\/v2\/users\/12"}],"replies":[{"embeddable":true,"href":"https:\/\/sisu.ut.ee\/hambaravi4\/wp-json\/wp\/v2\/comments?post=30"}],"version-history":[{"count":2,"href":"https:\/\/sisu.ut.ee\/hambaravi4\/wp-json\/wp\/v2\/pages\/30\/revisions"}],"predecessor-version":[{"id":293,"href":"https:\/\/sisu.ut.ee\/hambaravi4\/wp-json\/wp\/v2\/pages\/30\/revisions\/293"}],"wp:attachment":[{"href":"https:\/\/sisu.ut.ee\/hambaravi4\/wp-json\/wp\/v2\/media?parent=30"}],"curies":[{"name":"wp","href":"https:\/\/api.w.org\/{rel}","templated":true}]}}