{"id":3,"date":"2024-04-03T23:10:32","date_gmt":"2024-04-03T20:10:32","guid":{"rendered":"https:\/\/sisu.ut.ee\/hambaravi4\/loppsona\/"},"modified":"2024-04-03T23:10:51","modified_gmt":"2024-04-03T20:10:51","slug":"loppsona","status":"publish","type":"page","link":"https:\/\/sisu.ut.ee\/hambaravi4\/loppsona\/","title":{"rendered":"L\u00f5pps\u00f5na"},"content":{"rendered":"<p>N\u00fc\u00fcdseks oled sa selgeks saanud <strong>kaviteetide loomise p\u00f5him\u00f5tted<\/strong>. Nagu sa m\u00e4rkasid, ei ole k\u00f5ik juhtumid \u00fcheselt lahendatavad. Oluline on t\u00f6\u00f6s arvestada <strong>p\u00f5hin\u00f5uetega<\/strong>. \u00c4ra unusta, et mida enam sa tervet hambakude saad s\u00e4ilitada, seda pikem on hamba t\u00f5en\u00e4oline eluiga. Mida suuremaks saavad sinu kogemused ja mida paremaks k\u00e4eline oskus, seda enam on sul v\u00f5imalik kasutada modifikatsioone ja <strong>t\u00f6\u00f6v\u00f5tteid<\/strong> omavahel kombineerida. Kannatust ja leidlikkust sulle sellel pikal teel!<\/p>\n\n\n<p>Riina Runnel<br>Tartu \u00dclikooli stomatoloogia kliiniku<br>suu- ja hambahaiguste \u00f5ppej\u00f5ud<br><a href=\"mailto:riina.runnel@ut.ee\">riina.runnel@ut.ee<\/a><\/p>\n","protected":false},"excerpt":{"rendered":"<p>N\u00fc\u00fcdseks oled sa selgeks saanud kaviteetide loomise p\u00f5him\u00f5tted. Nagu sa m\u00e4rkasid, ei ole k\u00f5ik juhtumid \u00fcheselt lahendatavad. Oluline on t\u00f6\u00f6s arvestada p\u00f5hin\u00f5uetega. \u00c4ra unusta, et mida enam sa tervet hambakude saad s\u00e4ilitada, seda pikem on hamba t\u00f5en\u00e4oline eluiga. Mida suuremaks &#8230;<\/p>\n","protected":false},"author":12,"featured_media":0,"parent":0,"menu_order":0,"comment_status":"closed","ping_status":"closed","template":"","meta":{"_acf_changed":false,"inline_featured_image":false,"footnotes":""},"class_list":["post-3","page","type-page","status-publish","hentry"],"acf":[],"_links":{"self":[{"href":"https:\/\/sisu.ut.ee\/hambaravi4\/wp-json\/wp\/v2\/pages\/3","targetHints":{"allow":["GET"]}}],"collection":[{"href":"https:\/\/sisu.ut.ee\/hambaravi4\/wp-json\/wp\/v2\/pages"}],"about":[{"href":"https:\/\/sisu.ut.ee\/hambaravi4\/wp-json\/wp\/v2\/types\/page"}],"author":[{"embeddable":true,"href":"https:\/\/sisu.ut.ee\/hambaravi4\/wp-json\/wp\/v2\/users\/12"}],"replies":[{"embeddable":true,"href":"https:\/\/sisu.ut.ee\/hambaravi4\/wp-json\/wp\/v2\/comments?post=3"}],"version-history":[{"count":1,"href":"https:\/\/sisu.ut.ee\/hambaravi4\/wp-json\/wp\/v2\/pages\/3\/revisions"}],"predecessor-version":[{"id":227,"href":"https:\/\/sisu.ut.ee\/hambaravi4\/wp-json\/wp\/v2\/pages\/3\/revisions\/227"}],"wp:attachment":[{"href":"https:\/\/sisu.ut.ee\/hambaravi4\/wp-json\/wp\/v2\/media?parent=3"}],"curies":[{"name":"wp","href":"https:\/\/api.w.org\/{rel}","templated":true}]}}