{"id":29,"date":"2024-04-03T23:10:33","date_gmt":"2024-04-03T20:10:33","guid":{"rendered":"https:\/\/sisu.ut.ee\/hambaravi4\/24-preparatsioon\/"},"modified":"2024-04-18T11:15:12","modified_gmt":"2024-04-18T08:15:12","slug":"24-preparatsioon","status":"publish","type":"page","link":"https:\/\/sisu.ut.ee\/hambaravi4\/24-preparatsioon\/","title":{"rendered":"2.4. Preparatsioon"},"content":{"rendered":"<p>Preparatsiooni p\u00f5him\u00f5tted on k\u00f5igil m\u00e4lumishammastel sarnased. <strong>Erinevus<\/strong> on peamiselt <strong>kaviteedi kujus<\/strong>, mille <strong>m\u00e4\u00e4rab<\/strong> (eesk\u00e4tt v\u00e4ikeste kahjustuste puhul) <strong>hamba anatoomia.<\/strong><\/p>\n<p><strong>Suurema kahjustuse korral<\/strong> arvestatakse mitte niiv\u00f5rd hamba fissuuride kulgu, vaid t\u00e4idise p\u00fcsivuse tagamist \u2013 <strong>vastupanu ja retentsioonikuju n\u00f5udeid<\/strong>.<\/p>\n<p>J\u00e4rgnevates alapeat\u00fckkides on tutvustatud <strong>erinevatel m\u00e4lumishammastel paiknevate kaviteetide loomist<\/strong>. Enne t\u00f6\u00f6le asumist tuleta kindlasti meelde hammaste <strong>oklusaalpinna anatoomia<\/strong>. Kui oled Moodle kursusel \u2019Suu- ja hambahaiguste prepedeutika\u2019 osalenud, siis saad seda teha aine kodulehel (<a href=\"https:\/\/moodle.ut.ee\/course\/view.php?id=133\" target=\"_blank\" rel=\"noopener\">https:\/\/moodle.ut.ee\/course\/ view.php?id=133<\/a>). Kui ei, siis v\u00f5id kasutada \u00f5pikut \u2018Hammaste anatoomia, l\u00f5ualuude ja hambumuse areng ning kasv\u2019 (Tartu 2011; Saag jt) v\u00f5i eestikeelset \u00f5ppematerjali \u2018Hamba anatoomia\u2019 <a href=\"https:\/\/sisu.ut.ee\/hammaste_anatoomia_oklusioon\/hamba-krooni-struktuurid?lang=et\" target=\"_blank\" rel=\"noopener\">https:\/\/sisu.ut.ee\/ hammaste_anatoomia_oklusioon\/hamba-krooni-struktuurid<\/a> v\u00f5i inglisekeelset veebilehte <a href=\"http:\/\/www.homesteadschools.com\/dental\/courses\/Anatomy\/Chapter2.htm\" target=\"_blank\" rel=\"noopener\">http:\/\/www.homesteadschools.com\/dental\/ courses\/Anatomy\/Chapter2.htm<\/a>, mis kirjeldab p\u00f5hjalikult hamba pinnaanatoomiat.<\/p>\n<p><img loading=\"lazy\" decoding=\"async\" class=\"alignnone size-full wp-image-325 aligncenter\" src=\"https:\/\/sisu.ut.ee\/wp-content\/uploads\/sites\/22\/24pilt1.jpeg\" alt=\"\" width=\"650\" height=\"409\" srcset=\"https:\/\/sisu.ut.ee\/wp-content\/uploads\/sites\/22\/24pilt1.jpeg 650w, https:\/\/sisu.ut.ee\/wp-content\/uploads\/sites\/22\/24pilt1-300x189.jpeg 300w\" sizes=\"auto, (max-width: 650px) 100vw, 650px\"><\/p>\n<p style=\"text-align: center;\"><em>S\u00e4\u00e4stlikult avatud fissuur molaaril, <a href=\"https:\/\/pocketdentistry.com\/9-direct-composite-restorations\/\" target=\"_blank\" rel=\"noopener\">https:\/\/pocketdentistry.com\/9-direct-composite-restorations\/<\/a><\/em><\/p>\n","protected":false},"excerpt":{"rendered":"<p>Preparatsiooni p\u00f5him\u00f5tted on k\u00f5igil m\u00e4lumishammastel sarnased. Erinevus on peamiselt kaviteedi kujus, mille m\u00e4\u00e4rab (eesk\u00e4tt v\u00e4ikeste kahjustuste puhul) hamba anatoomia. Suurema kahjustuse korral arvestatakse mitte niiv\u00f5rd hamba fissuuride kulgu, vaid t\u00e4idise p\u00fcsivuse tagamist \u2013 vastupanu ja retentsioonikuju n\u00f5udeid. J\u00e4rgnevates alapeat\u00fckkides on &#8230;<\/p>\n","protected":false},"author":12,"featured_media":0,"parent":0,"menu_order":0,"comment_status":"closed","ping_status":"closed","template":"","meta":{"_acf_changed":false,"inline_featured_image":false,"footnotes":""},"class_list":["post-29","page","type-page","status-publish","hentry"],"acf":[],"_links":{"self":[{"href":"https:\/\/sisu.ut.ee\/hambaravi4\/wp-json\/wp\/v2\/pages\/29","targetHints":{"allow":["GET"]}}],"collection":[{"href":"https:\/\/sisu.ut.ee\/hambaravi4\/wp-json\/wp\/v2\/pages"}],"about":[{"href":"https:\/\/sisu.ut.ee\/hambaravi4\/wp-json\/wp\/v2\/types\/page"}],"author":[{"embeddable":true,"href":"https:\/\/sisu.ut.ee\/hambaravi4\/wp-json\/wp\/v2\/users\/12"}],"replies":[{"embeddable":true,"href":"https:\/\/sisu.ut.ee\/hambaravi4\/wp-json\/wp\/v2\/comments?post=29"}],"version-history":[{"count":3,"href":"https:\/\/sisu.ut.ee\/hambaravi4\/wp-json\/wp\/v2\/pages\/29\/revisions"}],"predecessor-version":[{"id":328,"href":"https:\/\/sisu.ut.ee\/hambaravi4\/wp-json\/wp\/v2\/pages\/29\/revisions\/328"}],"wp:attachment":[{"href":"https:\/\/sisu.ut.ee\/hambaravi4\/wp-json\/wp\/v2\/media?parent=29"}],"curies":[{"name":"wp","href":"https:\/\/api.w.org\/{rel}","templated":true}]}}