{"id":260,"date":"2024-04-09T14:03:41","date_gmt":"2024-04-09T11:03:41","guid":{"rendered":"https:\/\/sisu.ut.ee\/hambaravi4\/?page_id=260"},"modified":"2024-04-11T00:02:53","modified_gmt":"2024-04-10T21:02:53","slug":"5-6-test","status":"publish","type":"page","link":"https:\/\/sisu.ut.ee\/hambaravi4\/5-6-test\/","title":{"rendered":"5.6. Test"},"content":{"rendered":"<div id=\"watupro_quiz\" class=\"quiz-area single-page-quiz\">\n<p id=\"submittingExam11\" style=\"display:none;text-align:center;\"><img loading=\"lazy\" decoding=\"async\" src=\"https:\/\/sisu.ut.ee\/wp-content\/plugins\/watupro\/img\/loading.gif\" width=\"16\" height=\"16\"><\/p>\n\n<div class=\"watupro-exam-description\" id=\"description-quiz-11\"><p>Testi ennast. Vaata, kas oled uue info omandanud.<\/p>\n<\/div>\n\n<form action=\"\" method=\"post\" class=\"quiz-form\" id=\"quiz-11\" enctype=\"multipart\/form-data\">\n<div class=\"watu-question \" id=\"question-1\" style=\";\"><div id=\"questionWrap-1\" class=\"  watupro-required-20 watupro-question-id-20\">\n\t\t\t<div class=\"question-content\"><div><p>Leia instrumendid ja puurid mida vajad hamba nurka taastava kaviteedi loomiseks.<\/p><p><img loading=\"lazy\" decoding=\"async\" width=\"652\" height=\"255\" class=\"alignnone wp-image-128\" style=\"display: block; margin-left: auto; margin-right: auto;\" src=\"https:\/\/multisite.ut.ee\/wp-content\/uploads\/sites\/22\/instrumendid_test4-5.png\" title=\"instrumendid_test4-5.png\" alt=\"instrumendid_test4-5.png\" srcset=\"https:\/\/sisu.ut.ee\/wp-content\/uploads\/sites\/22\/instrumendid_test4-5.png 652w, https:\/\/sisu.ut.ee\/wp-content\/uploads\/sites\/22\/instrumendid_test4-5-300x117.png 300w\" sizes=\"auto, (max-width: 652px) 100vw, 652px\"><\/p><\/div><input type=\"hidden\" name=\"question_id[]\" id=\"qID_1\" value=\"20\" class=\"watupro-question-id\"><input type=\"hidden\" id=\"answerType20\" class=\"answerTypeCnt1\" value=\"checkbox\"><input type=\"hidden\" id=\"watupro-required-question-20\"><!-- end question-content--><\/div><div class=\"question-choices watupro-choices-columns \" id=\"questionChoices20\"><div class=\"watupro-question-choice  \" dir=\"auto\"><input type=\"checkbox\" name=\"answer-20[]\" id=\"answer-id-152\" class=\"answer   answerof-20 \" value=\"152\"><label for=\"answer-id-152\" id=\"answer-label-152\" class=\" answer\"><span><p>6 - pirnikujuline puur<\/p><\/span><\/label><\/div><div class=\"watupro-question-choice  \" dir=\"auto\"><input type=\"checkbox\" name=\"answer-20[]\" id=\"answer-id-159\" class=\"answer   answerof-20 \" value=\"159\"><label for=\"answer-id-159\" id=\"answer-label-159\" class=\" answer\"><span><p>13 - sond<\/p><\/span><\/label><\/div><div class=\"watupro-question-choice  \" dir=\"auto\"><input type=\"checkbox\" name=\"answer-20[]\" id=\"answer-id-147\" class=\"answer   answerof-20 \" value=\"147\"><label for=\"answer-id-147\" id=\"answer-label-147\" class=\" answer\"><span><p>1 - v\u00e4heabrasiivne leegikujuline puur<\/p><\/span><\/label><\/div><div class=\"watupro-question-choice  \" dir=\"auto\"><input type=\"checkbox\" name=\"answer-20[]\" id=\"answer-id-161\" class=\"answer   answerof-20 \" value=\"161\"><label for=\"answer-id-161\" id=\"answer-label-161\" class=\" answer\"><span><p>15 - gingivaalne trimmer<\/p><\/span><\/label><\/div><div class=\"watupro-question-choice  \" dir=\"auto\"><input type=\"checkbox\" name=\"answer-20[]\" id=\"answer-id-148\" class=\"answer   answerof-20 \" value=\"148\"><label for=\"answer-id-148\" id=\"answer-label-148\" class=\" answer\"><span><p>2 - \u00fcmaraotsaline koonuspuur<\/p><\/span><\/label><\/div><div class=\"watupro-question-choice  \" dir=\"auto\"><input type=\"checkbox\" name=\"answer-20[]\" id=\"answer-id-155\" class=\"answer   answerof-20 \" value=\"155\"><label for=\"answer-id-155\" id=\"answer-label-155\" class=\" answer\"><span><p>9 - lamedaotsaline fissuurpuur<\/p><\/span><\/label><\/div><div class=\"watupro-question-choice  \" dir=\"auto\"><input type=\"checkbox\" name=\"answer-20[]\" id=\"answer-id-150\" class=\"answer   answerof-20 \" value=\"150\"><label for=\"answer-id-150\" id=\"answer-label-150\" class=\" answer\"><span><p>4 - leegikujuline puur<\/p><\/span><\/label><\/div><div class=\"watupro-question-choice  \" dir=\"auto\"><input type=\"checkbox\" name=\"answer-20[]\" id=\"answer-id-151\" class=\"answer   answerof-20 \" value=\"151\"><label for=\"answer-id-151\" id=\"answer-label-151\" class=\" answer\"><span><p>5 - n\u00f5elakujuline puur<\/p><\/span><\/label><\/div><div class=\"watupro-question-choice  \" dir=\"auto\"><input type=\"checkbox\" name=\"answer-20[]\" id=\"answer-id-156\" class=\"answer   answerof-20 \" value=\"156\"><label for=\"answer-id-156\" id=\"answer-label-156\" class=\" answer\"><span><p>10 - \u00fcmaraotsaline fissuurpuur<\/p><\/span><\/label><\/div><div class=\"watupro-question-choice  \" dir=\"auto\"><input type=\"checkbox\" name=\"answer-20[]\" id=\"answer-id-157\" class=\"answer   answerof-20 \" value=\"157\"><label for=\"answer-id-157\" id=\"answer-label-157\" class=\" answer\"><span><p>11 - lamedaotsaline koonuspuur<\/p><\/span><\/label><\/div><div class=\"watupro-question-choice  \" dir=\"auto\"><input type=\"checkbox\" name=\"answer-20[]\" id=\"answer-id-158\" class=\"answer   answerof-20 \" value=\"158\"><label for=\"answer-id-158\" id=\"answer-label-158\" class=\" answer\"><span><p>12 - pintsetid<\/p><\/span><\/label><\/div><div class=\"watupro-question-choice  \" dir=\"auto\"><input type=\"checkbox\" name=\"answer-20[]\" id=\"answer-id-154\" class=\"answer   answerof-20 \" value=\"154\"><label for=\"answer-id-154\" id=\"answer-label-154\" class=\" answer\"><span><p>8 - v\u00e4ikene kerapuur<\/p><\/span><\/label><\/div><div class=\"watupro-question-choice  \" dir=\"auto\"><input type=\"checkbox\" name=\"answer-20[]\" id=\"answer-id-149\" class=\"answer   answerof-20 \" value=\"149\"><label for=\"answer-id-149\" id=\"answer-label-149\" class=\" answer\"><span><p>3 - torpeedokujuline puur<\/p><\/span><\/label><\/div><div class=\"watupro-question-choice  \" dir=\"auto\"><input type=\"checkbox\" name=\"answer-20[]\" id=\"answer-id-160\" class=\"answer   answerof-20 \" value=\"160\"><label for=\"answer-id-160\" id=\"answer-label-160\" class=\" answer\"><span><p>14 - peegel<\/p><\/span><\/label><\/div><div class=\"watupro-question-choice  \" dir=\"auto\"><input type=\"checkbox\" name=\"answer-20[]\" id=\"answer-id-153\" class=\"answer   answerof-20 \" value=\"153\"><label for=\"answer-id-153\" id=\"answer-label-153\" class=\" answer\"><span><p>7 - kerapuur<\/p><\/span><\/label><\/div><!-- end question-choices--><\/div><!-- end questionWrap--><\/div><\/div><div class=\"watu-question \" id=\"question-2\" style=\";\"><div id=\"questionWrap-2\" class=\"  watupro-required-21 watupro-question-id-21\">\n\t\t\t<div class=\"question-content\"><div><p>Vaata hoolikalt fotot murdunud nurgaga hambast (\u00fclemised fotod) ja v\u00f5rdle neid alumiste fotodega, kus on tehtud ettevalmistus retauraratsiooni asetamiseks. Milliseid muutuseid n\u00e4ed? Vali loetelust sobivad variandid.<\/p><p><img loading=\"lazy\" decoding=\"async\" width=\"610\" height=\"329\" class=\"alignnone wp-image-129\" style=\"display: block; margin-left: auto; margin-right: auto;\" src=\"https:\/\/multisite.ut.ee\/wp-content\/uploads\/sites\/22\/4401.jpg\" title=\"4401.jpg\" alt=\"4401.jpg\" srcset=\"https:\/\/sisu.ut.ee\/wp-content\/uploads\/sites\/22\/4401.jpg 610w, https:\/\/sisu.ut.ee\/wp-content\/uploads\/sites\/22\/4401-300x162.jpg 300w\" sizes=\"auto, (max-width: 610px) 100vw, 610px\"><\/p><\/div><input type=\"hidden\" name=\"question_id[]\" id=\"qID_2\" value=\"21\" class=\"watupro-question-id\"><input type=\"hidden\" id=\"answerType21\" class=\"answerTypeCnt2\" value=\"checkbox\"><input type=\"hidden\" id=\"watupro-required-question-21\"><!-- end question-content--><\/div><div class=\"question-choices watupro-choices-columns \" id=\"questionChoices21\"><div class=\"watupro-question-choice  \" dir=\"auto\"><input type=\"checkbox\" name=\"answer-21[]\" id=\"answer-id-164\" class=\"answer   answerof-21 \" value=\"164\"><label for=\"answer-id-164\" id=\"answer-label-164\" class=\" answer\"><span><p>Ulatuslik emailiservade kaldlihv<\/p><\/span><\/label><\/div><div class=\"watupro-question-choice  \" dir=\"auto\"><input type=\"checkbox\" name=\"answer-21[]\" id=\"answer-id-165\" class=\"answer   answerof-21 \" value=\"165\"><label for=\"answer-id-165\" id=\"answer-label-165\" class=\" answer\"><span><p>Tapp\u00fchendus<\/p><\/span><\/label><\/div><div class=\"watupro-question-choice  \" dir=\"auto\"><input type=\"checkbox\" name=\"answer-21[]\" id=\"answer-id-166\" class=\"answer   answerof-21 \" value=\"166\"><label for=\"answer-id-166\" id=\"answer-label-166\" class=\" answer\"><span><p>Gingivaalne vagu<\/p><\/span><\/label><\/div><div class=\"watupro-question-choice  \" dir=\"auto\"><input type=\"checkbox\" name=\"answer-21[]\" id=\"answer-id-163\" class=\"answer   answerof-21 \" value=\"163\"><label for=\"answer-id-163\" id=\"answer-label-163\" class=\" answer\"><span><p>Labiaalselt eemaldatud emailikiht<\/p><\/span><\/label><\/div><div class=\"watupro-question-choice  \" dir=\"auto\"><input type=\"checkbox\" name=\"answer-21[]\" id=\"answer-id-162\" class=\"answer   answerof-21 \" value=\"162\"><label for=\"answer-id-162\" id=\"answer-label-162\" class=\" answer\"><span><p>Kerge kaviteediservade kaldlihv\u00a0<\/p><\/span><\/label><\/div><!-- end question-choices--><\/div><!-- end questionWrap--><\/div><\/div><div style=\"display:none\" id=\"question-3\">\n\t<div class=\"question-content\">\n\t\t<img loading=\"lazy\" decoding=\"async\" src=\"https:\/\/sisu.ut.ee\/wp-content\/plugins\/watupro\/img\/loading.gif\" width=\"16\" height=\"16\" alt=\"Loading...\" title=\"Loading...\">\u00a0Loading...\t<\/div>\n<\/div>\n\n<br>\n\t\n\t\t\t<div class=\"watupro_buttons flex \" id=\"watuPROButtons11\">\n\t\t  <div id=\"prev-question\" style=\"display:none;\"><input type=\"button\" value=\"&lt; Previous\" onclick=\"WatuPRO.nextQuestion(event, 'previous');\"><\/div>\t\t  \t\t  \t\t   \n\t\t   \t  \t\t<div><input type=\"button\" name=\"action\" class=\"watupro-submit-button\" onclick=\"WatuPRO.submitResult(event)\" id=\"action-button\" value=\"View Results\">\n\t\t<\/div>\n\t\t<\/div>\n\t\t\n\t<input type=\"hidden\" name=\"quiz_id\" value=\"11\" id=\"watuPROExamID\">\n\t<input type=\"hidden\" name=\"start_time\" id=\"startTime\" value=\"2026-04-16 12:45:26\">\n\t<input type=\"hidden\" name=\"start_timestamp\" id=\"startTimeStamp\" value=\"1776343526\">\n\t<input type=\"hidden\" name=\"question_ids\" value=\"\">\n\t<input type=\"hidden\" name=\"watupro_questions\" value=\"20:152,159,147,161,148,155,150,151,156,157,158,154,149,160,153 | 21:164,165,166,163,162\">\n\t<input type=\"hidden\" name=\"no_ajax\" value=\"0\">\t\t\t<\/form>\n\t<p>\u00a0<\/p>\n<\/div>\n\n<script type=\"text\/javascript\">\n\/\/jQuery(document).ready(function(){\ndocument.addEventListener(\"DOMContentLoaded\", function(event) { \t\nvar question_ids = \"20,21\";\nWatuPROSettings[11] = {};\nWatuPRO.qArr = question_ids.split(',');\nWatuPRO.exam_id = 11;\t    \nWatuPRO.post_id = 260;\nWatuPRO.store_progress = 0;\nWatuPRO.curCatPage = 1;\nWatuPRO.requiredIDs=\"0,20,21\".split(\",\");\nWatuPRO.hAppID = \"0.98888500 1776332726\";\nvar url = \"https:\/\/sisu.ut.ee\/wp-content\/plugins\/watupro\/show_exam.php\";\nWatuPRO.examMode = 1;\nWatuPRO.siteURL=\"https:\/\/sisu.ut.ee\/hambaravi4\/wp-admin\/admin-ajax.php\";\nWatuPRO.emailIsNotRequired = 0;\nWatuPRO.perDecade = 10;\nWatuPROIntel.init(11);\nWatuPRO.inCategoryPages=1;});    \t \n<\/script>\n\n","protected":false},"excerpt":{"rendered":"","protected":false},"author":9,"featured_media":0,"parent":0,"menu_order":0,"comment_status":"closed","ping_status":"closed","template":"","meta":{"_acf_changed":false,"inline_featured_image":false,"footnotes":""},"class_list":["post-260","page","type-page","status-publish","hentry"],"acf":[],"_links":{"self":[{"href":"https:\/\/sisu.ut.ee\/hambaravi4\/wp-json\/wp\/v2\/pages\/260","targetHints":{"allow":["GET"]}}],"collection":[{"href":"https:\/\/sisu.ut.ee\/hambaravi4\/wp-json\/wp\/v2\/pages"}],"about":[{"href":"https:\/\/sisu.ut.ee\/hambaravi4\/wp-json\/wp\/v2\/types\/page"}],"author":[{"embeddable":true,"href":"https:\/\/sisu.ut.ee\/hambaravi4\/wp-json\/wp\/v2\/users\/9"}],"replies":[{"embeddable":true,"href":"https:\/\/sisu.ut.ee\/hambaravi4\/wp-json\/wp\/v2\/comments?post=260"}],"version-history":[{"count":2,"href":"https:\/\/sisu.ut.ee\/hambaravi4\/wp-json\/wp\/v2\/pages\/260\/revisions"}],"predecessor-version":[{"id":321,"href":"https:\/\/sisu.ut.ee\/hambaravi4\/wp-json\/wp\/v2\/pages\/260\/revisions\/321"}],"wp:attachment":[{"href":"https:\/\/sisu.ut.ee\/hambaravi4\/wp-json\/wp\/v2\/media?parent=260"}],"curies":[{"name":"wp","href":"https:\/\/api.w.org\/{rel}","templated":true}]}}