{"id":26,"date":"2024-04-03T23:10:33","date_gmt":"2024-04-03T20:10:33","guid":{"rendered":"https:\/\/sisu.ut.ee\/hambaravi4\/21-kaviteedi-paiknemine\/"},"modified":"2024-04-03T23:10:51","modified_gmt":"2024-04-03T20:10:51","slug":"21-kaviteedi-paiknemine","status":"publish","type":"page","link":"https:\/\/sisu.ut.ee\/hambaravi4\/21-kaviteedi-paiknemine\/","title":{"rendered":"2.1. Kaviteedi paiknemine"},"content":{"rendered":"<p>Tagahammaste m\u00e4lumispinnal paiknev kaviteet klassifitseerub Black I t\u00fc\u00fcpi kaviteedi alla. Kaarieskahjustus paikneb <strong style=\"line-height: 1.6em\">molaaride v\u00f5i premolaaride fissuurides ja\/v\u00f5i lohkudes<\/strong>. Kaviteedi loomine tagahammaste m\u00e4lumispinnale on lihtne, sest <strong style=\"line-height: 1.6em\">kaviteedi kuju j\u00e4lgib fissuuride kulgu<\/strong>.<\/p>\n<div class=\"iDevice emphasis0\">\n<div class=\"block\">\n<p>Kaviteedi ulatuse m\u00e4\u00e4rab \u00e4ra karioosse koe ulatus. T\u00e4nap\u00e4evase seisukoha j\u00e4rgi ei ole k\u00f5igi fissuuride avamine vajalik. Avatakse ainult see fissuuriosa, kus karioosne kahjustus paikneb. Siiski tuleks kaviteedid, mille vahele j\u00e4\u00e4b v\u00e4hem kui pool millimeetrit kahjustamata kudet, omavahel \u00fchendada.<\/p>\n<p>Hamba vastupidavuse s\u00e4ilitamiseks tuleb hamba <strong>k\u00f6prusid prepareerida v\u00f5imalikult v\u00e4he<\/strong>. Kaviteeti luues p\u00fc\u00fctakse <strong>v\u00e4ltida kaviteedi laiendamist orolingvaalsuunas<\/strong> (suu\u00f5\u00f5ne ja p\u00f5se poole). <strong>Ei tohi <\/strong><strong>prepareerida <\/strong><strong>\u00e4\u00e4reliiste<\/strong> \u2013 need tagavad hamba vastupidavuse. K\u00f5ik kaviteedi \u00fcleminekud peaksid olema sujuvad \u2013 see aitab v\u00e4ltida hilisemate pingete teket hambas ja v\u00e4ldib hamba v\u00f5i t\u00e4idise kahjustust v\u00f5i murdumist.<\/p>\n<p style=\"text-align: center\"><img loading=\"lazy\" decoding=\"async\" width=\"845\" height=\"558\" class=\"alignnone wp-image-79\" src=\"https:\/\/sisu.ut.ee\/wp-content\/uploads\/sites\/22\/4101.png\" title=\"4101.png\" alt=\"4101.png\" srcset=\"https:\/\/sisu.ut.ee\/wp-content\/uploads\/sites\/22\/4101.png 845w, https:\/\/sisu.ut.ee\/wp-content\/uploads\/sites\/22\/4101-300x198.png 300w, https:\/\/sisu.ut.ee\/wp-content\/uploads\/sites\/22\/4101-768x507.png 768w\" sizes=\"auto, (max-width: 845px) 100vw, 845px\"><\/p>\n<p style=\"text-align: center\"><em>Kaviteedi loomisel on j\u00e4lgitud fissuuride kulgu, kuid s\u00e4\u00e4stlikult prepareeritud kaviteet v\u00f5inuks olla kitsam. \u00a0<\/em><em><a style=\"line-height: 1.6em\" href=\"http:\/\/www.adenturesolution.com\/ways-to-tell-if-you-have-a-cavity\/\" target=\"_blank\" rel=\"noopener\">http:\/\/www.adenturesolution.com\/ways-to-tell-if-you-have-a-cavity\/<\/a><\/em><\/p>\n<p>Eraldi tuleb vaadelda fissuuri, mis ulatub <strong>\u00fclemiste molaaride palatinaalsele ja alumiste molaaride bukaalsele k\u00fcljele<\/strong>. Kuigi fissuur ulatub m\u00e4lumispinnast kaugemale, k\u00e4sitletakse seda samuti kui m\u00e4lumispinnal paiknevat fissuuri ja k\u00f5ik n\u00f5uded kehtivad ka siin.<\/p>\n<\/div>\n<\/div>\n","protected":false},"excerpt":{"rendered":"<p>Tagahammaste m\u00e4lumispinnal paiknev kaviteet klassifitseerub Black I t\u00fc\u00fcpi kaviteedi alla. Kaarieskahjustus paikneb molaaride v\u00f5i premolaaride fissuurides ja\/v\u00f5i lohkudes. Kaviteedi loomine tagahammaste m\u00e4lumispinnale on lihtne, sest kaviteedi kuju j\u00e4lgib fissuuride kulgu. Kaviteedi ulatuse m\u00e4\u00e4rab \u00e4ra karioosse koe ulatus. T\u00e4nap\u00e4evase seisukoha j\u00e4rgi &#8230;<\/p>\n","protected":false},"author":12,"featured_media":0,"parent":0,"menu_order":0,"comment_status":"closed","ping_status":"closed","template":"","meta":{"_acf_changed":false,"inline_featured_image":false,"footnotes":""},"class_list":["post-26","page","type-page","status-publish","hentry"],"acf":[],"_links":{"self":[{"href":"https:\/\/sisu.ut.ee\/hambaravi4\/wp-json\/wp\/v2\/pages\/26","targetHints":{"allow":["GET"]}}],"collection":[{"href":"https:\/\/sisu.ut.ee\/hambaravi4\/wp-json\/wp\/v2\/pages"}],"about":[{"href":"https:\/\/sisu.ut.ee\/hambaravi4\/wp-json\/wp\/v2\/types\/page"}],"author":[{"embeddable":true,"href":"https:\/\/sisu.ut.ee\/hambaravi4\/wp-json\/wp\/v2\/users\/12"}],"replies":[{"embeddable":true,"href":"https:\/\/sisu.ut.ee\/hambaravi4\/wp-json\/wp\/v2\/comments?post=26"}],"version-history":[{"count":1,"href":"https:\/\/sisu.ut.ee\/hambaravi4\/wp-json\/wp\/v2\/pages\/26\/revisions"}],"predecessor-version":[{"id":208,"href":"https:\/\/sisu.ut.ee\/hambaravi4\/wp-json\/wp\/v2\/pages\/26\/revisions\/208"}],"wp:attachment":[{"href":"https:\/\/sisu.ut.ee\/hambaravi4\/wp-json\/wp\/v2\/media?parent=26"}],"curies":[{"name":"wp","href":"https:\/\/api.w.org\/{rel}","templated":true}]}}