{"id":258,"date":"2024-04-09T14:03:20","date_gmt":"2024-04-09T11:03:20","guid":{"rendered":"https:\/\/sisu.ut.ee\/hambaravi4\/?page_id=258"},"modified":"2024-04-11T00:02:28","modified_gmt":"2024-04-10T21:02:28","slug":"4-6-test","status":"publish","type":"page","link":"https:\/\/sisu.ut.ee\/hambaravi4\/4-6-test\/","title":{"rendered":"4.6. Test"},"content":{"rendered":"<div id=\"watupro_quiz\" class=\"quiz-area single-page-quiz\">\n<p id=\"submittingExam10\" style=\"display:none;text-align:center;\"><img loading=\"lazy\" decoding=\"async\" src=\"https:\/\/sisu.ut.ee\/wp-content\/plugins\/watupro\/img\/loading.gif\" width=\"16\" height=\"16\"><\/p>\n\n<div class=\"watupro-exam-description\" id=\"description-quiz-10\"><p>Testi ennast ja hinda, kuidas oled uue materjali omandanud.<\/p>\n<\/div>\n\n<form action=\"\" method=\"post\" class=\"quiz-form\" id=\"quiz-10\" enctype=\"multipart\/form-data\">\n<div class=\"watu-question \" id=\"question-1\" style=\";\"><div id=\"questionWrap-1\" class=\"  watupro-required-19 watupro-question-id-19\">\n\t\t\t<div class=\"question-content\"><p>Vali rippmen\u00fc\u00fcst \u00f5ige vastus|mis kirjeldaks esihamba kontaktpinna kaviteedi loomist. Preparatsiooni alustatakse <select name=\"gap_19_1\" class=\"watupro-gap answer answerof-19\"><option value=\"\"><\/option><option value=\"palatinaalselt\/lingvaalselt\">palatinaalselt\/lingvaalselt<\/option><option value=\"fatsiaalselt\/labiaalselt\">fatsiaalselt\/labiaalselt<\/option><option value=\"bukaalselt\/vestibulaarselt\">bukaalselt\/vestibulaarselt<\/option><\/select> pinnalt|kohas mis j\u00e4\u00e4b karioossele kahjustusele k\u00f5ige l\u00e4hemale. <select name=\"gap_19_2\" class=\"watupro-gap answer answerof-19\"><option value=\"\"><\/option><option value=\"Leegikujulise puuriga\">Leegikujulise puuriga<\/option><option value=\"Koonuspuuriga\">Koonuspuuriga<\/option><option value=\"Kerapuuriga\">Kerapuuriga<\/option><\/select> l\u00e4bistatakse email. Puuri hoitakse <select name=\"gap_19_3\" class=\"watupro-gap answer answerof-19\"><option value=\"\"><\/option><option value=\"suunaga naaberhamba poole\">suunaga naaberhamba poole<\/option><option value=\"hamba pikitelje suunas\">hamba pikitelje suunas<\/option><option value=\"hamba pinna suhtes risti\">hamba pinna suhtes risti<\/option><\/select>. Sama puuriga eemaldatakse karioosne dentiin. V\u00e4ikese kahjustuse puhul sellest piisab|suuremal kahjustusel kujundatakse kaviteedi seinad kasutades <select name=\"gap_19_4\" class=\"watupro-gap answer answerof-19\"><option value=\"\"><\/option><option value=\"\u00e4raspidist koonuspuuri\">\u00e4raspidist koonuspuuri<\/option><option value=\"kerapuuri\">kerapuuri<\/option><option value=\"\u00fcmaraotsalist fissuuripuuri\/pirnikujulist puuri\">\u00fcmaraotsalist fissuuripuuri\/pirnikujulist puuri<\/option><\/select>. Kaviteedi \u00e4\u00e4rtele tehakse kaldlihv kasutades <select name=\"gap_19_5\" class=\"watupro-gap answer answerof-19\"><option value=\"\"><\/option><option value=\"kerapuuri\">kerapuuri<\/option><option value=\"madala abrasiivsusega leegikujulist puuri\">madala abrasiivsusega leegikujulist puuri<\/option><option value=\"suure abrasiivsusega fissuuripuuri\">suure abrasiivsusega fissuuripuuri<\/option><\/select>. Kaldlihv tehakse hoides puuri hamba pinna suhtes <select name=\"gap_19_6\" class=\"watupro-gap answer answerof-19\"><option value=\"\"><\/option><option value=\"30-45\u00b0\">30-45\u00b0<\/option><option value=\"90\u00b0\">90\u00b0<\/option><option value=\"90-180\u00b0\">90-180\u00b0<\/option><\/select> nurga all. Kaldlihvi laius labiaalsel pinnal v\u00f5iks|lingvaalsel pinnal olla <select name=\"gap_19_7\" class=\"watupro-gap answer answerof-19\"><option value=\"\"><\/option><option value=\"0.2-2 mm\">0.2-2 mm<\/option><option value=\"kuni 0.1 mm\">kuni 0.1 mm<\/option><option value=\"0.5 cm\">0.5 cm<\/option><\/select>.<\/p>\n<input type=\"hidden\" name=\"question_id[]\" id=\"qID_1\" value=\"19\" class=\"watupro-question-id\"><input type=\"hidden\" id=\"answerType19\" class=\"answerTypeCnt1\" value=\"gaps\"><input type=\"hidden\" id=\"watupro-required-question-19\"><!-- end question-content--><\/div><!-- end questionWrap--><\/div><\/div><div class=\"watu-question \" id=\"question-2\" style=\";\"><div id=\"questionWrap-2\" class=\"  watupro-required-17 watupro-question-id-17\">\n\t\t\t<div class=\"question-content\"><div><p>Leia esihamba kontaktpinnal paikneva kaviteedi prepareerimiseks vajaminevad instrumendid ja puurid.<\/p><p><img loading=\"lazy\" decoding=\"async\" width=\"600\" height=\"255\" class=\"alignnone wp-image-123\" style=\"display: block; margin-left: auto; margin-right: auto;\" src=\"https:\/\/multisite.ut.ee\/wp-content\/uploads\/sites\/22\/instrumendid4-3test.png\" title=\"instrumendid4-3test.png\" alt=\"instrumendid4-3test.png\" srcset=\"https:\/\/sisu.ut.ee\/wp-content\/uploads\/sites\/22\/instrumendid4-3test.png 600w, https:\/\/sisu.ut.ee\/wp-content\/uploads\/sites\/22\/instrumendid4-3test-300x128.png 300w\" sizes=\"auto, (max-width: 600px) 100vw, 600px\"><\/p><\/div><input type=\"hidden\" name=\"question_id[]\" id=\"qID_2\" value=\"17\" class=\"watupro-question-id\"><input type=\"hidden\" id=\"answerType17\" class=\"answerTypeCnt2\" value=\"checkbox\"><input type=\"hidden\" id=\"watupro-required-question-17\"><!-- end question-content--><\/div><div class=\"question-choices watupro-choices-columns \" id=\"questionChoices17\"><div class=\"watupro-question-choice  \" dir=\"auto\"><input type=\"checkbox\" name=\"answer-17[]\" id=\"answer-id-133\" class=\"answer   answerof-17 \" value=\"133\"><label for=\"answer-id-133\" id=\"answer-label-133\" class=\" answer\"><span><p>5 - n\u00f5elakujuline puur<\/p><\/span><\/label><\/div><div class=\"watupro-question-choice  \" dir=\"auto\"><input type=\"checkbox\" name=\"answer-17[]\" id=\"answer-id-130\" class=\"answer   answerof-17 \" value=\"130\"><label for=\"answer-id-130\" id=\"answer-label-130\" class=\" answer\"><span><p>2 - \u00fcmaraotsaline koonuspuur<\/p><\/span><\/label><\/div><div class=\"watupro-question-choice  \" dir=\"auto\"><input type=\"checkbox\" name=\"answer-17[]\" id=\"answer-id-136\" class=\"answer   answerof-17 \" value=\"136\"><label for=\"answer-id-136\" id=\"answer-label-136\" class=\" answer\"><span><p>8 - lamedaotsaline fissuurpuur<\/p><\/span><\/label><\/div><div class=\"watupro-question-choice  \" dir=\"auto\"><input type=\"checkbox\" name=\"answer-17[]\" id=\"answer-id-138\" class=\"answer   answerof-17 \" value=\"138\"><label for=\"answer-id-138\" id=\"answer-label-138\" class=\" answer\"><span><p>10 - lamedaotsaline koonuspuur<\/p><\/span><\/label><\/div><div class=\"watupro-question-choice  \" dir=\"auto\"><input type=\"checkbox\" name=\"answer-17[]\" id=\"answer-id-129\" class=\"answer   answerof-17 \" value=\"129\"><label for=\"answer-id-129\" id=\"answer-label-129\" class=\" answer\"><span><p>1 - v\u00e4heabrasiivne leegikujuline puur<\/p><\/span><\/label><\/div><div class=\"watupro-question-choice  \" dir=\"auto\"><input type=\"checkbox\" name=\"answer-17[]\" id=\"answer-id-137\" class=\"answer   answerof-17 \" value=\"137\"><label for=\"answer-id-137\" id=\"answer-label-137\" class=\" answer\"><span><p>9 - \u00fcmaraotsaline fissuurpuur<\/p><\/span><\/label><\/div><div class=\"watupro-question-choice  \" dir=\"auto\"><input type=\"checkbox\" name=\"answer-17[]\" id=\"answer-id-142\" class=\"answer   answerof-17 \" value=\"142\"><label for=\"answer-id-142\" id=\"answer-label-142\" class=\" answer\"><span><p>14 - gingivaalne trimmer<\/p><\/span><\/label><\/div><div class=\"watupro-question-choice  \" dir=\"auto\"><input type=\"checkbox\" name=\"answer-17[]\" id=\"answer-id-140\" class=\"answer   answerof-17 \" value=\"140\"><label for=\"answer-id-140\" id=\"answer-label-140\" class=\" answer\"><span><p>12 - sond<\/p><\/span><\/label><\/div><div class=\"watupro-question-choice  \" dir=\"auto\"><input type=\"checkbox\" name=\"answer-17[]\" id=\"answer-id-139\" class=\"answer   answerof-17 \" value=\"139\"><label for=\"answer-id-139\" id=\"answer-label-139\" class=\" answer\"><span><p>11 - pintsetid<\/p><\/span><\/label><\/div><div class=\"watupro-question-choice  \" dir=\"auto\"><input type=\"checkbox\" name=\"answer-17[]\" id=\"answer-id-132\" class=\"answer   answerof-17 \" value=\"132\"><label for=\"answer-id-132\" id=\"answer-label-132\" class=\" answer\"><span><p>4 - leegikujuline puur<\/p><\/span><\/label><\/div><div class=\"watupro-question-choice  \" dir=\"auto\"><input type=\"checkbox\" name=\"answer-17[]\" id=\"answer-id-135\" class=\"answer   answerof-17 \" value=\"135\"><label for=\"answer-id-135\" id=\"answer-label-135\" class=\" answer\"><span><p>7 - kerapuur<\/p><\/span><\/label><\/div><div class=\"watupro-question-choice  \" dir=\"auto\"><input type=\"checkbox\" name=\"answer-17[]\" id=\"answer-id-134\" class=\"answer   answerof-17 \" value=\"134\"><label for=\"answer-id-134\" id=\"answer-label-134\" class=\" answer\"><span><p>6 - pirnikujuline puur<\/p><\/span><\/label><\/div><div class=\"watupro-question-choice  \" dir=\"auto\"><input type=\"checkbox\" name=\"answer-17[]\" id=\"answer-id-131\" class=\"answer   answerof-17 \" value=\"131\"><label for=\"answer-id-131\" id=\"answer-label-131\" class=\" answer\"><span><p>3 - torpeedokujuline puur<\/p><\/span><\/label><\/div><div class=\"watupro-question-choice  \" dir=\"auto\"><input type=\"checkbox\" name=\"answer-17[]\" id=\"answer-id-141\" class=\"answer   answerof-17 \" value=\"141\"><label for=\"answer-id-141\" id=\"answer-label-141\" class=\" answer\"><span><p>13 - peegel<\/p><\/span><\/label><\/div><!-- end question-choices--><\/div><!-- end questionWrap--><\/div><\/div><div class=\"watu-question \" id=\"question-3\" style=\";\"><div id=\"questionWrap-3\" class=\"  watupro-required-18 watupro-question-id-18\">\n\t\t\t<div class=\"question-content\"><p>Leia igale fotole sobiv kirjeldus.<\/p><p><img loading=\"lazy\" decoding=\"async\" width=\"590\" height=\"264\" class=\"alignnone wp-image-127\" style=\"display: block; margin-left: auto; margin-right: auto;\" src=\"https:\/\/multisite.ut.ee\/wp-content\/uploads\/sites\/22\/4301.jpg\" title=\"4301.jpg\" alt=\"4301.jpg\" srcset=\"https:\/\/sisu.ut.ee\/wp-content\/uploads\/sites\/22\/4301.jpg 590w, https:\/\/sisu.ut.ee\/wp-content\/uploads\/sites\/22\/4301-300x134.jpg 300w\" sizes=\"auto, (max-width: 590px) 100vw, 590px\"><\/p><div class=\"question-choices\"><table class=\"question-choices watupro-matrix-droppable\" id=\"watuPROMatrixDroppable_18\"><tr><td class=\"watupro-matrix-left-cell\">A<\/td>\n\t\t\t\t\t\t<td class=\"watupro-matrix-right-cell watuPRODroppable18\" id=\"watuPRODroppableCell143\"><div class=\"question-choices\"><div class=\"watupro-matrix-right\"><div id=\"watuproNMatrixSelection-0-0\" class=\" watupro-matrix-draggable watupro-nmatrix-answer-0\" onclick=\"WatuPROINMatrix.sel(this, 'watuPRODroppableCell143', 0);return false;\">Proksimaalpinnal on n\u00e4ha hallikas rant, mis n\u00e4itab dentiinikoesse ulatuvat karioosset kahjustust.<!--WTPMD594f78a27c3ea6fe06914e3b9d3724bb1--><p class=\"watupro-nmatrix-unselect\">Unselect<\/p><\/div><div id=\"watuproNMatrixSelection-0-1\" class=\" watupro-matrix-draggable watupro-nmatrix-answer-1\" onclick=\"WatuPROINMatrix.sel(this, 'watuPRODroppableCell143', 1);return false;\">Karioosne kude on eemaldatud ja kaviteet kujundatud. Tegemata on veel kaldlihv kaviteedi servadele. <!--WTPMD533bc6d94450332a5cd549d432f90912e--><p class=\"watupro-nmatrix-unselect\">Unselect<\/p><\/div><div id=\"watuproNMatrixSelection-0-2\" class=\" watupro-matrix-draggable watupro-nmatrix-answer-2\" onclick=\"WatuPROINMatrix.sel(this, 'watuPRODroppableCell143', 2);return false;\">Komposiitt\u00e4idis on kaviteedis ja viimistletud.<!--WTPMD544ef0b31daa9e5f817d2fdf7b195da69--><p class=\"watupro-nmatrix-unselect\">Unselect<\/p><\/div><\/div><\/div><input type=\"hidden\" class=\"answerof-18 watupro-nmatrix-answer-field\" id=\"field-watuPRODroppableCell143\" name=\"matrix-left-143\" value=\"\"><\/td><\/tr><tr><td class=\"watupro-matrix-left-cell\">B<\/td>\n\t\t\t\t\t\t<td class=\"watupro-matrix-right-cell watuPRODroppable18\" id=\"watuPRODroppableCell144\"><div class=\"question-choices\"><div class=\"watupro-matrix-right\"><div id=\"watuproNMatrixSelection-1-0\" class=\" watupro-matrix-draggable watupro-nmatrix-answer-0\" onclick=\"WatuPROINMatrix.sel(this, 'watuPRODroppableCell144', 0);return false;\">Proksimaalpinnal on n\u00e4ha hallikas rant, mis n\u00e4itab dentiinikoesse ulatuvat karioosset kahjustust.<!--WTPMD594f78a27c3ea6fe06914e3b9d3724bb1--><p class=\"watupro-nmatrix-unselect\">Unselect<\/p><\/div><div id=\"watuproNMatrixSelection-1-1\" class=\" watupro-matrix-draggable watupro-nmatrix-answer-1\" onclick=\"WatuPROINMatrix.sel(this, 'watuPRODroppableCell144', 1);return false;\">Karioosne kude on eemaldatud ja kaviteet kujundatud. Tegemata on veel kaldlihv kaviteedi servadele. <!--WTPMD533bc6d94450332a5cd549d432f90912e--><p class=\"watupro-nmatrix-unselect\">Unselect<\/p><\/div><div id=\"watuproNMatrixSelection-1-2\" class=\" watupro-matrix-draggable watupro-nmatrix-answer-2\" onclick=\"WatuPROINMatrix.sel(this, 'watuPRODroppableCell144', 2);return false;\">Komposiitt\u00e4idis on kaviteedis ja viimistletud.<!--WTPMD544ef0b31daa9e5f817d2fdf7b195da69--><p class=\"watupro-nmatrix-unselect\">Unselect<\/p><\/div><\/div><\/div><input type=\"hidden\" class=\"answerof-18 watupro-nmatrix-answer-field\" id=\"field-watuPRODroppableCell144\" name=\"matrix-left-144\" value=\"\"><\/td><\/tr><tr><td class=\"watupro-matrix-left-cell\">C<\/td>\n\t\t\t\t\t\t<td class=\"watupro-matrix-right-cell watuPRODroppable18\" id=\"watuPRODroppableCell145\"><div class=\"question-choices\"><div class=\"watupro-matrix-right\"><div id=\"watuproNMatrixSelection-2-0\" class=\" watupro-matrix-draggable watupro-nmatrix-answer-0\" onclick=\"WatuPROINMatrix.sel(this, 'watuPRODroppableCell145', 0);return false;\">Proksimaalpinnal on n\u00e4ha hallikas rant, mis n\u00e4itab dentiinikoesse ulatuvat karioosset kahjustust.<!--WTPMD594f78a27c3ea6fe06914e3b9d3724bb1--><p class=\"watupro-nmatrix-unselect\">Unselect<\/p><\/div><div id=\"watuproNMatrixSelection-2-1\" class=\" watupro-matrix-draggable watupro-nmatrix-answer-1\" onclick=\"WatuPROINMatrix.sel(this, 'watuPRODroppableCell145', 1);return false;\">Karioosne kude on eemaldatud ja kaviteet kujundatud. Tegemata on veel kaldlihv kaviteedi servadele. <!--WTPMD533bc6d94450332a5cd549d432f90912e--><p class=\"watupro-nmatrix-unselect\">Unselect<\/p><\/div><div id=\"watuproNMatrixSelection-2-2\" class=\" watupro-matrix-draggable watupro-nmatrix-answer-2\" onclick=\"WatuPROINMatrix.sel(this, 'watuPRODroppableCell145', 2);return false;\">Komposiitt\u00e4idis on kaviteedis ja viimistletud.<!--WTPMD544ef0b31daa9e5f817d2fdf7b195da69--><p class=\"watupro-nmatrix-unselect\">Unselect<\/p><\/div><\/div><\/div><input type=\"hidden\" class=\"answerof-18 watupro-nmatrix-answer-field\" id=\"field-watuPRODroppableCell145\" name=\"matrix-left-145\" value=\"\"><\/td><\/tr><\/table><\/div><input type=\"hidden\" name=\"question_id[]\" id=\"qID_3\" value=\"18\" class=\"watupro-question-id\"><input type=\"hidden\" id=\"answerType18\" class=\"answerTypeCnt3\" value=\"nmatrix\"><input type=\"hidden\" id=\"watupro-required-question-18\"><!-- end question-content--><\/div><!-- end questionWrap--><\/div><\/div><div style=\"display:none\" id=\"question-4\">\n\t<div class=\"question-content\">\n\t\t<img loading=\"lazy\" decoding=\"async\" src=\"https:\/\/sisu.ut.ee\/wp-content\/plugins\/watupro\/img\/loading.gif\" width=\"16\" height=\"16\" alt=\"Loading...\" title=\"Loading...\">\u00a0Loading...\t<\/div>\n<\/div>\n\n<br>\n\t\n\t\t\t<div class=\"watupro_buttons flex \" id=\"watuPROButtons10\">\n\t\t  <div id=\"prev-question\" style=\"display:none;\"><input type=\"button\" value=\"&lt; Previous\" onclick=\"WatuPRO.nextQuestion(event, 'previous');\"><\/div>\t\t  \t\t  \t\t   \n\t\t   \t  \t\t<div><input type=\"button\" name=\"action\" class=\"watupro-submit-button\" onclick=\"WatuPRO.submitResult(event)\" id=\"action-button\" value=\"View Results\">\n\t\t<\/div>\n\t\t<\/div>\n\t\t\n\t<input type=\"hidden\" name=\"quiz_id\" value=\"10\" id=\"watuPROExamID\">\n\t<input type=\"hidden\" name=\"start_time\" id=\"startTime\" value=\"2026-04-16 12:44:45\">\n\t<input type=\"hidden\" name=\"start_timestamp\" id=\"startTimeStamp\" value=\"1776343485\">\n\t<input type=\"hidden\" name=\"question_ids\" value=\"\">\n\t<input type=\"hidden\" name=\"watupro_questions\" value=\"19:146 | 17:133,130,136,138,129,137,142,140,139,132,135,134,131,141 | 18:143,144,145\">\n\t<input type=\"hidden\" name=\"no_ajax\" value=\"0\">\t\t\t<\/form>\n\t<p>\u00a0<\/p>\n<\/div>\n\n<script type=\"text\/javascript\">\n\/\/jQuery(document).ready(function(){\ndocument.addEventListener(\"DOMContentLoaded\", function(event) { \t\nvar question_ids = \"19,17,18\";\nWatuPROSettings[10] = {};\nWatuPRO.qArr = question_ids.split(',');\nWatuPRO.exam_id = 10;\t    \nWatuPRO.post_id = 258;\nWatuPRO.store_progress = 0;\nWatuPRO.curCatPage = 1;\nWatuPRO.requiredIDs=\"0,19,17,18\".split(\",\");\nWatuPRO.hAppID = \"0.69729500 1776332685\";\nvar url = \"https:\/\/sisu.ut.ee\/wp-content\/plugins\/watupro\/show_exam.php\";\nWatuPRO.examMode = 1;\nWatuPRO.siteURL=\"https:\/\/sisu.ut.ee\/hambaravi4\/wp-admin\/admin-ajax.php\";\nWatuPRO.emailIsNotRequired = 0;\nWatuPRO.perDecade = 10;\nWatuPROIntel.init(10);\nWatuPRO.inCategoryPages=1;});    \t \n<\/script>\n\n","protected":false},"excerpt":{"rendered":"","protected":false},"author":9,"featured_media":0,"parent":0,"menu_order":0,"comment_status":"closed","ping_status":"closed","template":"","meta":{"_acf_changed":false,"inline_featured_image":false,"footnotes":""},"class_list":["post-258","page","type-page","status-publish","hentry"],"acf":[],"_links":{"self":[{"href":"https:\/\/sisu.ut.ee\/hambaravi4\/wp-json\/wp\/v2\/pages\/258","targetHints":{"allow":["GET"]}}],"collection":[{"href":"https:\/\/sisu.ut.ee\/hambaravi4\/wp-json\/wp\/v2\/pages"}],"about":[{"href":"https:\/\/sisu.ut.ee\/hambaravi4\/wp-json\/wp\/v2\/types\/page"}],"author":[{"embeddable":true,"href":"https:\/\/sisu.ut.ee\/hambaravi4\/wp-json\/wp\/v2\/users\/9"}],"replies":[{"embeddable":true,"href":"https:\/\/sisu.ut.ee\/hambaravi4\/wp-json\/wp\/v2\/comments?post=258"}],"version-history":[{"count":2,"href":"https:\/\/sisu.ut.ee\/hambaravi4\/wp-json\/wp\/v2\/pages\/258\/revisions"}],"predecessor-version":[{"id":320,"href":"https:\/\/sisu.ut.ee\/hambaravi4\/wp-json\/wp\/v2\/pages\/258\/revisions\/320"}],"wp:attachment":[{"href":"https:\/\/sisu.ut.ee\/hambaravi4\/wp-json\/wp\/v2\/media?parent=258"}],"curies":[{"name":"wp","href":"https:\/\/api.w.org\/{rel}","templated":true}]}}