{"id":256,"date":"2024-04-09T14:02:57","date_gmt":"2024-04-09T11:02:57","guid":{"rendered":"https:\/\/sisu.ut.ee\/hambaravi4\/?page_id=256"},"modified":"2024-04-11T00:02:12","modified_gmt":"2024-04-10T21:02:12","slug":"3-6-test","status":"publish","type":"page","link":"https:\/\/sisu.ut.ee\/hambaravi4\/3-6-test\/","title":{"rendered":"3.6. Test"},"content":{"rendered":"<div id=\"watupro_quiz\" class=\"quiz-area single-page-quiz\">\n<p id=\"submittingExam9\" style=\"display:none;text-align:center;\"><img loading=\"lazy\" decoding=\"async\" src=\"https:\/\/sisu.ut.ee\/wp-content\/plugins\/watupro\/img\/loading.gif\" width=\"16\" height=\"16\"><\/p>\n\n<div class=\"watupro-exam-description\" id=\"description-quiz-9\"><p>Testi ennast ja hinda, kuidas oled uue materjali omandanud.<\/p>\n<\/div>\n\n<form action=\"\" method=\"post\" class=\"quiz-form\" id=\"quiz-9\" enctype=\"multipart\/form-data\">\n<div class=\"watu-question \" id=\"question-1\" style=\";\"><div id=\"questionWrap-1\" class=\"  watupro-required-15 watupro-question-id-15\">\n\t\t\t<div class=\"question-content\"><div><p>Leia tagahammaste kontaktpinnale loodava kaviteedi tegemiseks vaja minevad instrumendid ja puurid.<\/p><p><img loading=\"lazy\" decoding=\"async\" width=\"600\" height=\"255\" class=\"alignnone wp-image-123\" style=\"display: block; margin-left: auto; margin-right: auto;\" src=\"https:\/\/multisite.ut.ee\/wp-content\/uploads\/sites\/22\/instrumendid4-3test.png\" title=\"instrumendid4-3test.png\" alt=\"instrumendid4-3test.png\" srcset=\"https:\/\/sisu.ut.ee\/wp-content\/uploads\/sites\/22\/instrumendid4-3test.png 600w, https:\/\/sisu.ut.ee\/wp-content\/uploads\/sites\/22\/instrumendid4-3test-300x128.png 300w\" sizes=\"auto, (max-width: 600px) 100vw, 600px\"><\/p><\/div><input type=\"hidden\" name=\"question_id[]\" id=\"qID_1\" value=\"15\" class=\"watupro-question-id\"><input type=\"hidden\" id=\"answerType15\" class=\"answerTypeCnt1\" value=\"checkbox\"><input type=\"hidden\" id=\"watupro-required-question-15\"><!-- end question-content--><\/div><div class=\"question-choices watupro-choices-columns \" id=\"questionChoices15\"><div class=\"watupro-question-choice  \" dir=\"auto\"><input type=\"checkbox\" name=\"answer-15[]\" id=\"answer-id-119\" class=\"answer   answerof-15 \" value=\"119\"><label for=\"answer-id-119\" id=\"answer-label-119\" class=\" answer\"><span><p>9 - \u00fcmaraotsaline fissuurpuur<\/p><\/span><\/label><\/div><div class=\"watupro-question-choice  \" dir=\"auto\"><input type=\"checkbox\" name=\"answer-15[]\" id=\"answer-id-123\" class=\"answer   answerof-15 \" value=\"123\"><label for=\"answer-id-123\" id=\"answer-label-123\" class=\" answer\"><span><p>13 - peegel<\/p><\/span><\/label><\/div><div class=\"watupro-question-choice  \" dir=\"auto\"><input type=\"checkbox\" name=\"answer-15[]\" id=\"answer-id-116\" class=\"answer   answerof-15 \" value=\"116\"><label for=\"answer-id-116\" id=\"answer-label-116\" class=\" answer\"><span><p>6 - pirnikujuline puur<\/p><\/span><\/label><\/div><div class=\"watupro-question-choice  \" dir=\"auto\"><input type=\"checkbox\" name=\"answer-15[]\" id=\"answer-id-117\" class=\"answer   answerof-15 \" value=\"117\"><label for=\"answer-id-117\" id=\"answer-label-117\" class=\" answer\"><span><p>7 - kerapuur<\/p><\/span><\/label><\/div><div class=\"watupro-question-choice  \" dir=\"auto\"><input type=\"checkbox\" name=\"answer-15[]\" id=\"answer-id-122\" class=\"answer   answerof-15 \" value=\"122\"><label for=\"answer-id-122\" id=\"answer-label-122\" class=\" answer\"><span><p>12 - sond<\/p><\/span><\/label><\/div><div class=\"watupro-question-choice  \" dir=\"auto\"><input type=\"checkbox\" name=\"answer-15[]\" id=\"answer-id-121\" class=\"answer   answerof-15 \" value=\"121\"><label for=\"answer-id-121\" id=\"answer-label-121\" class=\" answer\"><span><p>11 - pintsetid<\/p><\/span><\/label><\/div><div class=\"watupro-question-choice  \" dir=\"auto\"><input type=\"checkbox\" name=\"answer-15[]\" id=\"answer-id-113\" class=\"answer   answerof-15 \" value=\"113\"><label for=\"answer-id-113\" id=\"answer-label-113\" class=\" answer\"><span><p>3 - torpeedokujuline puur<\/p><\/span><\/label><\/div><div class=\"watupro-question-choice  \" dir=\"auto\"><input type=\"checkbox\" name=\"answer-15[]\" id=\"answer-id-118\" class=\"answer   answerof-15 \" value=\"118\"><label for=\"answer-id-118\" id=\"answer-label-118\" class=\" answer\"><span><p>8 - lamedaotsaline fissuurpuur<\/p><\/span><\/label><\/div><div class=\"watupro-question-choice  \" dir=\"auto\"><input type=\"checkbox\" name=\"answer-15[]\" id=\"answer-id-124\" class=\"answer   answerof-15 \" value=\"124\"><label for=\"answer-id-124\" id=\"answer-label-124\" class=\" answer\"><span><p>14 - g<span>ingivaalne trimmer<\/span><\/p><\/span><\/label><\/div><div class=\"watupro-question-choice  \" dir=\"auto\"><input type=\"checkbox\" name=\"answer-15[]\" id=\"answer-id-112\" class=\"answer   answerof-15 \" value=\"112\"><label for=\"answer-id-112\" id=\"answer-label-112\" class=\" answer\"><span><p>2 - \u00fcmaraotsaline koonuspuur<\/p><\/span><\/label><\/div><div class=\"watupro-question-choice  \" dir=\"auto\"><input type=\"checkbox\" name=\"answer-15[]\" id=\"answer-id-115\" class=\"answer   answerof-15 \" value=\"115\"><label for=\"answer-id-115\" id=\"answer-label-115\" class=\" answer\"><span><p>5 - n\u00f5elakujuline puur<\/p><\/span><\/label><\/div><div class=\"watupro-question-choice  \" dir=\"auto\"><input type=\"checkbox\" name=\"answer-15[]\" id=\"answer-id-111\" class=\"answer   answerof-15 \" value=\"111\"><label for=\"answer-id-111\" id=\"answer-label-111\" class=\" answer\"><span><p>1 - v\u00e4heabrasiivne leegikujuline puur<\/p><\/span><\/label><\/div><div class=\"watupro-question-choice  \" dir=\"auto\"><input type=\"checkbox\" name=\"answer-15[]\" id=\"answer-id-114\" class=\"answer   answerof-15 \" value=\"114\"><label for=\"answer-id-114\" id=\"answer-label-114\" class=\" answer\"><span><p>4 - leegikujuline puur<\/p><\/span><\/label><\/div><div class=\"watupro-question-choice  \" dir=\"auto\"><input type=\"checkbox\" name=\"answer-15[]\" id=\"answer-id-120\" class=\"answer   answerof-15 \" value=\"120\"><label for=\"answer-id-120\" id=\"answer-label-120\" class=\" answer\"><span><p>10 - lamedaotsaline koonuspuur<\/p><\/span><\/label><\/div><!-- end question-choices--><\/div><!-- end questionWrap--><\/div><\/div><div class=\"watu-question \" id=\"question-2\" style=\";\"><div id=\"questionWrap-2\" class=\"  watupro-required-16 watupro-question-id-16\">\n\t\t\t<div class=\"question-content\"><p>Milliseid kaviteedi loomise etappe on fotodel kujutatud? Pane t\u00e4hele, et\u00a0fotod ei ole \u00f5iges (t\u00f6\u00f6)j\u00e4rjekorras.<\/p><p><img loading=\"lazy\" decoding=\"async\" width=\"500\" height=\"300\" class=\"alignnone wp-image-124\" style=\"display: block; margin-left: auto; margin-right: auto;\" src=\"https:\/\/multisite.ut.ee\/wp-content\/uploads\/sites\/22\/test4-3-2.png\" title=\"test4-3-2.png\" alt=\"test4-3-2.png\" srcset=\"https:\/\/sisu.ut.ee\/wp-content\/uploads\/sites\/22\/test4-3-2.png 500w, https:\/\/sisu.ut.ee\/wp-content\/uploads\/sites\/22\/test4-3-2-300x180.png 300w\" sizes=\"auto, (max-width: 500px) 100vw, 500px\"><\/p><div class=\"question-choices\"><table class=\"question-choices watupro-matrix-droppable\" id=\"watuPROMatrixDroppable_16\"><tr><td class=\"watupro-matrix-left-cell\">A<\/td>\n\t\t\t\t\t\t<td class=\"watupro-matrix-right-cell watuPRODroppable16\" id=\"watuPRODroppableCell125\"><div class=\"question-choices\"><div class=\"watupro-matrix-right\"><div id=\"watuproNMatrixSelection-0-0\" class=\" watupro-matrix-draggable watupro-nmatrix-answer-0\" onclick=\"WatuPROINMatrix.sel(this, 'watuPRODroppableCell125', 0);return false;\">Kaviteedi gingivaalset astet on laiendatud ja viimistletud<!--WTPMD5f1a32ab73da214caa0ce8263ba40c56b--><p class=\"watupro-nmatrix-unselect\">Unselect<\/p><\/div><div id=\"watuproNMatrixSelection-0-1\" class=\" watupro-matrix-draggable watupro-nmatrix-answer-1\" onclick=\"WatuPROINMatrix.sel(this, 'watuPRODroppableCell125', 1);return false;\">Kaviteet on valmis t\u00e4idise asetamiseks<!--WTPMD5a0838b582e82c244822861212f1a893e--><p class=\"watupro-nmatrix-unselect\">Unselect<\/p><\/div><div id=\"watuproNMatrixSelection-0-2\" class=\" watupro-matrix-draggable watupro-nmatrix-answer-2\" onclick=\"WatuPROINMatrix.sel(this, 'watuPRODroppableCell125', 2);return false;\">Hambas on defektne, asendamist vajav t\u00e4idis<!--WTPMD5c69139e89a07d1dfe913d31c8def233c--><p class=\"watupro-nmatrix-unselect\">Unselect<\/p><\/div><div id=\"watuproNMatrixSelection-0-3\" class=\" watupro-matrix-draggable watupro-nmatrix-answer-3\" onclick=\"WatuPROINMatrix.sel(this, 'watuPRODroppableCell125', 3);return false;\">Vana t\u00e4idismaterjal on eemaldatud<!--WTPMD52a89935a862fc3758660ec183e8ccd29--><p class=\"watupro-nmatrix-unselect\">Unselect<\/p><\/div><\/div><\/div><input type=\"hidden\" class=\"answerof-16 watupro-nmatrix-answer-field\" id=\"field-watuPRODroppableCell125\" name=\"matrix-left-125\" value=\"\"><\/td><\/tr><tr><td class=\"watupro-matrix-left-cell\">B<\/td>\n\t\t\t\t\t\t<td class=\"watupro-matrix-right-cell watuPRODroppable16\" id=\"watuPRODroppableCell126\"><div class=\"question-choices\"><div class=\"watupro-matrix-right\"><div id=\"watuproNMatrixSelection-1-0\" class=\" watupro-matrix-draggable watupro-nmatrix-answer-0\" onclick=\"WatuPROINMatrix.sel(this, 'watuPRODroppableCell126', 0);return false;\">Kaviteedi gingivaalset astet on laiendatud ja viimistletud<!--WTPMD5f1a32ab73da214caa0ce8263ba40c56b--><p class=\"watupro-nmatrix-unselect\">Unselect<\/p><\/div><div id=\"watuproNMatrixSelection-1-1\" class=\" watupro-matrix-draggable watupro-nmatrix-answer-1\" onclick=\"WatuPROINMatrix.sel(this, 'watuPRODroppableCell126', 1);return false;\">Kaviteet on valmis t\u00e4idise asetamiseks<!--WTPMD5a0838b582e82c244822861212f1a893e--><p class=\"watupro-nmatrix-unselect\">Unselect<\/p><\/div><div id=\"watuproNMatrixSelection-1-2\" class=\" watupro-matrix-draggable watupro-nmatrix-answer-2\" onclick=\"WatuPROINMatrix.sel(this, 'watuPRODroppableCell126', 2);return false;\">Hambas on defektne, asendamist vajav t\u00e4idis<!--WTPMD5c69139e89a07d1dfe913d31c8def233c--><p class=\"watupro-nmatrix-unselect\">Unselect<\/p><\/div><div id=\"watuproNMatrixSelection-1-3\" class=\" watupro-matrix-draggable watupro-nmatrix-answer-3\" onclick=\"WatuPROINMatrix.sel(this, 'watuPRODroppableCell126', 3);return false;\">Vana t\u00e4idismaterjal on eemaldatud<!--WTPMD52a89935a862fc3758660ec183e8ccd29--><p class=\"watupro-nmatrix-unselect\">Unselect<\/p><\/div><\/div><\/div><input type=\"hidden\" class=\"answerof-16 watupro-nmatrix-answer-field\" id=\"field-watuPRODroppableCell126\" name=\"matrix-left-126\" value=\"\"><\/td><\/tr><tr><td class=\"watupro-matrix-left-cell\">C<\/td>\n\t\t\t\t\t\t<td class=\"watupro-matrix-right-cell watuPRODroppable16\" id=\"watuPRODroppableCell127\"><div class=\"question-choices\"><div class=\"watupro-matrix-right\"><div id=\"watuproNMatrixSelection-2-0\" class=\" watupro-matrix-draggable watupro-nmatrix-answer-0\" onclick=\"WatuPROINMatrix.sel(this, 'watuPRODroppableCell127', 0);return false;\">Kaviteedi gingivaalset astet on laiendatud ja viimistletud<!--WTPMD5f1a32ab73da214caa0ce8263ba40c56b--><p class=\"watupro-nmatrix-unselect\">Unselect<\/p><\/div><div id=\"watuproNMatrixSelection-2-1\" class=\" watupro-matrix-draggable watupro-nmatrix-answer-1\" onclick=\"WatuPROINMatrix.sel(this, 'watuPRODroppableCell127', 1);return false;\">Kaviteet on valmis t\u00e4idise asetamiseks<!--WTPMD5a0838b582e82c244822861212f1a893e--><p class=\"watupro-nmatrix-unselect\">Unselect<\/p><\/div><div id=\"watuproNMatrixSelection-2-2\" class=\" watupro-matrix-draggable watupro-nmatrix-answer-2\" onclick=\"WatuPROINMatrix.sel(this, 'watuPRODroppableCell127', 2);return false;\">Hambas on defektne, asendamist vajav t\u00e4idis<!--WTPMD5c69139e89a07d1dfe913d31c8def233c--><p class=\"watupro-nmatrix-unselect\">Unselect<\/p><\/div><div id=\"watuproNMatrixSelection-2-3\" class=\" watupro-matrix-draggable watupro-nmatrix-answer-3\" onclick=\"WatuPROINMatrix.sel(this, 'watuPRODroppableCell127', 3);return false;\">Vana t\u00e4idismaterjal on eemaldatud<!--WTPMD52a89935a862fc3758660ec183e8ccd29--><p class=\"watupro-nmatrix-unselect\">Unselect<\/p><\/div><\/div><\/div><input type=\"hidden\" class=\"answerof-16 watupro-nmatrix-answer-field\" id=\"field-watuPRODroppableCell127\" name=\"matrix-left-127\" value=\"\"><\/td><\/tr><tr><td class=\"watupro-matrix-left-cell\">D<\/td>\n\t\t\t\t\t\t<td class=\"watupro-matrix-right-cell watuPRODroppable16\" id=\"watuPRODroppableCell128\"><div class=\"question-choices\"><div class=\"watupro-matrix-right\"><div id=\"watuproNMatrixSelection-3-0\" class=\" watupro-matrix-draggable watupro-nmatrix-answer-0\" onclick=\"WatuPROINMatrix.sel(this, 'watuPRODroppableCell128', 0);return false;\">Kaviteedi gingivaalset astet on laiendatud ja viimistletud<!--WTPMD5f1a32ab73da214caa0ce8263ba40c56b--><p class=\"watupro-nmatrix-unselect\">Unselect<\/p><\/div><div id=\"watuproNMatrixSelection-3-1\" class=\" watupro-matrix-draggable watupro-nmatrix-answer-1\" onclick=\"WatuPROINMatrix.sel(this, 'watuPRODroppableCell128', 1);return false;\">Kaviteet on valmis t\u00e4idise asetamiseks<!--WTPMD5a0838b582e82c244822861212f1a893e--><p class=\"watupro-nmatrix-unselect\">Unselect<\/p><\/div><div id=\"watuproNMatrixSelection-3-2\" class=\" watupro-matrix-draggable watupro-nmatrix-answer-2\" onclick=\"WatuPROINMatrix.sel(this, 'watuPRODroppableCell128', 2);return false;\">Hambas on defektne, asendamist vajav t\u00e4idis<!--WTPMD5c69139e89a07d1dfe913d31c8def233c--><p class=\"watupro-nmatrix-unselect\">Unselect<\/p><\/div><div id=\"watuproNMatrixSelection-3-3\" class=\" watupro-matrix-draggable watupro-nmatrix-answer-3\" onclick=\"WatuPROINMatrix.sel(this, 'watuPRODroppableCell128', 3);return false;\">Vana t\u00e4idismaterjal on eemaldatud<!--WTPMD52a89935a862fc3758660ec183e8ccd29--><p class=\"watupro-nmatrix-unselect\">Unselect<\/p><\/div><\/div><\/div><input type=\"hidden\" class=\"answerof-16 watupro-nmatrix-answer-field\" id=\"field-watuPRODroppableCell128\" name=\"matrix-left-128\" value=\"\"><\/td><\/tr><\/table><\/div><input type=\"hidden\" name=\"question_id[]\" id=\"qID_2\" value=\"16\" class=\"watupro-question-id\"><input type=\"hidden\" id=\"answerType16\" class=\"answerTypeCnt2\" value=\"nmatrix\"><input type=\"hidden\" id=\"watupro-required-question-16\"><!-- end question-content--><\/div><!-- end questionWrap--><\/div><\/div><div style=\"display:none\" id=\"question-3\">\n\t<div class=\"question-content\">\n\t\t<img loading=\"lazy\" decoding=\"async\" src=\"https:\/\/sisu.ut.ee\/wp-content\/plugins\/watupro\/img\/loading.gif\" width=\"16\" height=\"16\" alt=\"Loading...\" title=\"Loading...\">\u00a0Loading...\t<\/div>\n<\/div>\n\n<br>\n\t\n\t\t\t<div class=\"watupro_buttons flex \" id=\"watuPROButtons9\">\n\t\t  <div id=\"prev-question\" style=\"display:none;\"><input type=\"button\" value=\"&lt; Previous\" onclick=\"WatuPRO.nextQuestion(event, 'previous');\"><\/div>\t\t  \t\t  \t\t   \n\t\t   \t  \t\t<div><input type=\"button\" name=\"action\" class=\"watupro-submit-button\" onclick=\"WatuPRO.submitResult(event)\" id=\"action-button\" value=\"View Results\">\n\t\t<\/div>\n\t\t<\/div>\n\t\t\n\t<input type=\"hidden\" name=\"quiz_id\" value=\"9\" id=\"watuPROExamID\">\n\t<input type=\"hidden\" name=\"start_time\" id=\"startTime\" value=\"2026-04-16 12:44:47\">\n\t<input type=\"hidden\" name=\"start_timestamp\" id=\"startTimeStamp\" value=\"1776343487\">\n\t<input type=\"hidden\" name=\"question_ids\" value=\"\">\n\t<input type=\"hidden\" name=\"watupro_questions\" value=\"15:119,123,116,117,122,121,113,118,124,112,115,111,114,120 | 16:125,126,127,128\">\n\t<input type=\"hidden\" name=\"no_ajax\" value=\"0\">\t\t\t<\/form>\n\t<p>\u00a0<\/p>\n<\/div>\n\n<script type=\"text\/javascript\">\n\/\/jQuery(document).ready(function(){\ndocument.addEventListener(\"DOMContentLoaded\", function(event) { \t\nvar question_ids = \"15,16\";\nWatuPROSettings[9] = {};\nWatuPRO.qArr = question_ids.split(',');\nWatuPRO.exam_id = 9;\t    \nWatuPRO.post_id = 256;\nWatuPRO.store_progress = 0;\nWatuPRO.curCatPage = 1;\nWatuPRO.requiredIDs=\"0,15,16\".split(\",\");\nWatuPRO.hAppID = \"0.49159900 1776332687\";\nvar url = \"https:\/\/sisu.ut.ee\/wp-content\/plugins\/watupro\/show_exam.php\";\nWatuPRO.examMode = 1;\nWatuPRO.siteURL=\"https:\/\/sisu.ut.ee\/hambaravi4\/wp-admin\/admin-ajax.php\";\nWatuPRO.emailIsNotRequired = 0;\nWatuPRO.perDecade = 10;\nWatuPROIntel.init(9);\nWatuPRO.inCategoryPages=1;});    \t \n<\/script>\n\n","protected":false},"excerpt":{"rendered":"","protected":false},"author":9,"featured_media":0,"parent":0,"menu_order":0,"comment_status":"closed","ping_status":"closed","template":"","meta":{"_acf_changed":false,"inline_featured_image":false,"footnotes":""},"class_list":["post-256","page","type-page","status-publish","hentry"],"acf":[],"_links":{"self":[{"href":"https:\/\/sisu.ut.ee\/hambaravi4\/wp-json\/wp\/v2\/pages\/256","targetHints":{"allow":["GET"]}}],"collection":[{"href":"https:\/\/sisu.ut.ee\/hambaravi4\/wp-json\/wp\/v2\/pages"}],"about":[{"href":"https:\/\/sisu.ut.ee\/hambaravi4\/wp-json\/wp\/v2\/types\/page"}],"author":[{"embeddable":true,"href":"https:\/\/sisu.ut.ee\/hambaravi4\/wp-json\/wp\/v2\/users\/9"}],"replies":[{"embeddable":true,"href":"https:\/\/sisu.ut.ee\/hambaravi4\/wp-json\/wp\/v2\/comments?post=256"}],"version-history":[{"count":2,"href":"https:\/\/sisu.ut.ee\/hambaravi4\/wp-json\/wp\/v2\/pages\/256\/revisions"}],"predecessor-version":[{"id":319,"href":"https:\/\/sisu.ut.ee\/hambaravi4\/wp-json\/wp\/v2\/pages\/256\/revisions\/319"}],"wp:attachment":[{"href":"https:\/\/sisu.ut.ee\/hambaravi4\/wp-json\/wp\/v2\/media?parent=256"}],"curies":[{"name":"wp","href":"https:\/\/api.w.org\/{rel}","templated":true}]}}