{"id":25,"date":"2024-04-03T23:10:33","date_gmt":"2024-04-03T20:10:33","guid":{"rendered":"https:\/\/sisu.ut.ee\/hambaravi4\/6-kaviteedi-loomine-hambakaela-piirkonda\/"},"modified":"2024-04-03T23:10:51","modified_gmt":"2024-04-03T20:10:51","slug":"6-kaviteedi-loomine-hambakaela-piirkonda","status":"publish","type":"page","link":"https:\/\/sisu.ut.ee\/hambaravi4\/6-kaviteedi-loomine-hambakaela-piirkonda\/","title":{"rendered":"6. Kaviteedi loomine hambakaela piirkonda"},"content":{"rendered":"<p><img loading=\"lazy\" decoding=\"async\" width=\"392\" height=\"270\" class=\"alignnone wp-image-78\" style=\"float: right;margin-left: 10px;margin-right: 10px\" src=\"https:\/\/sisu.ut.ee\/wp-content\/uploads\/sites\/22\/4513.gif\" title=\"4513.gif\" alt=\"4513.gif\">Hambaarsti\u00f5pingute oluline osa on hammaste restauratiivne taastamine ehk kaariesest tingitud kahjustuste parandamine t\u00e4idismaterjalidega.<\/p>\n<p>Eelneval kursusel oled sa omandanud teoreetilised teadmised n\u00f5uetest prepareeritavale kaviteedile. N\u00fc\u00fcd alustad sa patsientide hammaste ravimist ja on aeg teooria rakendada praktikasse.<\/p>\n<p>\u00d5piobjekt <strong>\u2018Kaviteedi loomine hambakaela piirkonda\u2019<\/strong>\u00a0on m\u00f5eldud sulle iseseisvaks l\u00e4bimiseks. Loe l\u00e4bi \u00f5ppematerjalid, vaata videot ja p\u00fc\u00fca vastata k\u00fcsimustele, mis aitavad sul materjali omandamist hinnata. Aega kogu materjali l\u00e4bimiseks kulub umbes neli tundi.<\/p>\n<p>K\u00e4esolev \u00f5ppematerjal aitab sul m\u00f5ista ja visualiseerida hambakaela piirkonnas loodava kaviteedi erinevaid t\u00f6\u00f6etappe. Head praktiseerimist!<\/p>\n<p>Riina Runnel<br> Tartu \u00dclikooli stomatoloogia kliiniku<br> suu- ja hambahaiguste \u00f5ppej\u00f5ud<br> <a href=\"mailto:riina.runnel@ut.ee\">riina.runnel@ut.ee<\/a><\/p>\n<p><span style=\"font-size: xx-small\">Foto allikas:\u00a0<a href=\"http:\/\/dc341.4shared.com\/doc\/-ckl95fX\/preview.html\" target=\"_blank\" rel=\"noopener\">http:\/\/dc341.4shared.com\/doc\/-ckl95fX\/preview.html<\/a><\/span><\/p>\n","protected":false},"excerpt":{"rendered":"<p>Hambaarsti\u00f5pingute oluline osa on hammaste restauratiivne taastamine ehk kaariesest tingitud kahjustuste parandamine t\u00e4idismaterjalidega. Eelneval kursusel oled sa omandanud teoreetilised teadmised n\u00f5uetest prepareeritavale kaviteedile. N\u00fc\u00fcd alustad sa patsientide hammaste ravimist ja on aeg teooria rakendada praktikasse. \u00d5piobjekt \u2018Kaviteedi loomine hambakaela piirkonda\u2019\u00a0on &#8230;<\/p>\n","protected":false},"author":12,"featured_media":0,"parent":0,"menu_order":0,"comment_status":"closed","ping_status":"closed","template":"","meta":{"_acf_changed":false,"inline_featured_image":false,"footnotes":""},"class_list":["post-25","page","type-page","status-publish","hentry"],"acf":[],"_links":{"self":[{"href":"https:\/\/sisu.ut.ee\/hambaravi4\/wp-json\/wp\/v2\/pages\/25","targetHints":{"allow":["GET"]}}],"collection":[{"href":"https:\/\/sisu.ut.ee\/hambaravi4\/wp-json\/wp\/v2\/pages"}],"about":[{"href":"https:\/\/sisu.ut.ee\/hambaravi4\/wp-json\/wp\/v2\/types\/page"}],"author":[{"embeddable":true,"href":"https:\/\/sisu.ut.ee\/hambaravi4\/wp-json\/wp\/v2\/users\/12"}],"replies":[{"embeddable":true,"href":"https:\/\/sisu.ut.ee\/hambaravi4\/wp-json\/wp\/v2\/comments?post=25"}],"version-history":[{"count":1,"href":"https:\/\/sisu.ut.ee\/hambaravi4\/wp-json\/wp\/v2\/pages\/25\/revisions"}],"predecessor-version":[{"id":207,"href":"https:\/\/sisu.ut.ee\/hambaravi4\/wp-json\/wp\/v2\/pages\/25\/revisions\/207"}],"wp:attachment":[{"href":"https:\/\/sisu.ut.ee\/hambaravi4\/wp-json\/wp\/v2\/media?parent=25"}],"curies":[{"name":"wp","href":"https:\/\/api.w.org\/{rel}","templated":true}]}}