{"id":20,"date":"2024-04-03T23:10:32","date_gmt":"2024-04-03T20:10:32","guid":{"rendered":"https:\/\/sisu.ut.ee\/hambaravi4\/112-kokkuvote\/"},"modified":"2024-04-03T23:10:52","modified_gmt":"2024-04-03T20:10:52","slug":"112-kokkuvote","status":"publish","type":"page","link":"https:\/\/sisu.ut.ee\/hambaravi4\/112-kokkuvote\/","title":{"rendered":"1.11. Kokkuv\u00f5te"},"content":{"rendered":"<p>Eelnev \u00f5ppematerjal annab sulle <strong>\u00fclevaate hamba kaviteedi preparatsiooni etappidest<\/strong> ja <strong>nende j\u00e4rjekorrast<\/strong>, mis on k\u00f5igest <strong>sissejuhatus preparatsiooni\u00f5petusse<\/strong>. Selleks, et kliinilist ravit\u00f6\u00f6d edukalt teha, peaksid sul siiski olema p\u00f5hjalikumad teadmised. Selleks <strong>tutvu j\u00e4rgnevate peat\u00fckkidega<\/strong>, kus on kirjeldatud samu t\u00f6\u00f6v\u00f5tteid, kuid juba p\u00f5hjalikumalt, v\u00f5ttes aluseks kaviteedi paiknemise. Sealt saad t\u00e4psemad<strong> tegevusjuhised<\/strong> mida oma ravit\u00f6\u00f6ks vajad.\u00a0<\/p>\n<p>Riina Runnel<br>Tartu \u00dclikool<br>Suu- ja hambahaiguste \u00f5ppej\u00f5ud<br><a href=\"mailto:Riina.runnel@ut.ee\">riina.runnel@ut.ee<\/a><\/p>\n","protected":false},"excerpt":{"rendered":"<p>Eelnev \u00f5ppematerjal annab sulle \u00fclevaate hamba kaviteedi preparatsiooni etappidest ja nende j\u00e4rjekorrast, mis on k\u00f5igest sissejuhatus preparatsiooni\u00f5petusse. Selleks, et kliinilist ravit\u00f6\u00f6d edukalt teha, peaksid sul siiski olema p\u00f5hjalikumad teadmised. Selleks tutvu j\u00e4rgnevate peat\u00fckkidega, kus on kirjeldatud samu t\u00f6\u00f6v\u00f5tteid, kuid juba &#8230;<\/p>\n","protected":false},"author":12,"featured_media":0,"parent":0,"menu_order":0,"comment_status":"closed","ping_status":"closed","template":"","meta":{"_acf_changed":false,"inline_featured_image":false,"footnotes":""},"class_list":["post-20","page","type-page","status-publish","hentry"],"acf":[],"_links":{"self":[{"href":"https:\/\/sisu.ut.ee\/hambaravi4\/wp-json\/wp\/v2\/pages\/20","targetHints":{"allow":["GET"]}}],"collection":[{"href":"https:\/\/sisu.ut.ee\/hambaravi4\/wp-json\/wp\/v2\/pages"}],"about":[{"href":"https:\/\/sisu.ut.ee\/hambaravi4\/wp-json\/wp\/v2\/types\/page"}],"author":[{"embeddable":true,"href":"https:\/\/sisu.ut.ee\/hambaravi4\/wp-json\/wp\/v2\/users\/12"}],"replies":[{"embeddable":true,"href":"https:\/\/sisu.ut.ee\/hambaravi4\/wp-json\/wp\/v2\/comments?post=20"}],"version-history":[{"count":1,"href":"https:\/\/sisu.ut.ee\/hambaravi4\/wp-json\/wp\/v2\/pages\/20\/revisions"}],"predecessor-version":[{"id":244,"href":"https:\/\/sisu.ut.ee\/hambaravi4\/wp-json\/wp\/v2\/pages\/20\/revisions\/244"}],"wp:attachment":[{"href":"https:\/\/sisu.ut.ee\/hambaravi4\/wp-json\/wp\/v2\/media?parent=20"}],"curies":[{"name":"wp","href":"https:\/\/api.w.org\/{rel}","templated":true}]}}