{"id":19,"date":"2024-04-03T23:10:32","date_gmt":"2024-04-03T20:10:32","guid":{"rendered":"https:\/\/sisu.ut.ee\/hambaravi4\/111-puhastamine-ja-kontroll\/"},"modified":"2024-04-09T14:35:05","modified_gmt":"2024-04-09T11:35:05","slug":"111-puhastamine-ja-kontroll","status":"publish","type":"page","link":"https:\/\/sisu.ut.ee\/hambaravi4\/111-puhastamine-ja-kontroll\/","title":{"rendered":"1.10. Puhastamine ja kontroll"},"content":{"rendered":"<p>Enne adhesiivs\u00fcsteemi kasutamist ja t\u00e4idise asetamist <strong>pestakse<\/strong> kaviteet vee v\u00f5i n\u00f5rga desinfitseeriva lahusega.<\/p>\n<div class=\"iDevice emphasis0\">\n<div class=\"block\">\n<p>Kaviteedi <strong>kuivatamisel<\/strong> soovitatakse kasutada kas imus\u00fcsteemi, vatikuuli v\u00f5i kerget \u00f5hupustliga kuivatamist. Hea adhesiivsuse saavutamiseks on oluline <strong>v\u00e4ltida kaviteedi \u00fclekuivatamist<\/strong>. \u00dclekuivatamisel dentiinituubulid kollabeeruvad ehk langevad kokku, adhesiiv ei saa tungida dentiinituubulitesse, ei teki \u00fchendust dentiini ja adhesiivs\u00fcsteemi vahel ning adhesioon halveneb.<\/p>\n<p>*Adhesiivs\u00fcsteemist on p\u00f5hjalikumalt juttu \u00f5piobjektis \u2018<a href=\"http:\/\/sisu.ut.ee\/hambaravi1\" target=\"_blank\" rel=\"noopener\">Adhesiivs\u00fcsteemi kasutamine<\/a>\u2018.<\/p>\n<p>Kaviteet <strong>kontrollitakse <\/strong>veel kord ja on seej\u00e4rel valmis adhesiivs\u00fcsteemi ja restauratiivse materjali kasutamiseks.<\/p>\n<\/div>\n<\/div>\n","protected":false},"excerpt":{"rendered":"<p>Enne adhesiivs\u00fcsteemi kasutamist ja t\u00e4idise asetamist pestakse kaviteet vee v\u00f5i n\u00f5rga desinfitseeriva lahusega. Kaviteedi kuivatamisel soovitatakse kasutada kas imus\u00fcsteemi, vatikuuli v\u00f5i kerget \u00f5hupustliga kuivatamist. Hea adhesiivsuse saavutamiseks on oluline v\u00e4ltida kaviteedi \u00fclekuivatamist. \u00dclekuivatamisel dentiinituubulid kollabeeruvad ehk langevad kokku, adhesiiv ei &#8230;<\/p>\n","protected":false},"author":12,"featured_media":0,"parent":0,"menu_order":0,"comment_status":"closed","ping_status":"closed","template":"","meta":{"_acf_changed":false,"inline_featured_image":false,"footnotes":""},"class_list":["post-19","page","type-page","status-publish","hentry"],"acf":[],"_links":{"self":[{"href":"https:\/\/sisu.ut.ee\/hambaravi4\/wp-json\/wp\/v2\/pages\/19","targetHints":{"allow":["GET"]}}],"collection":[{"href":"https:\/\/sisu.ut.ee\/hambaravi4\/wp-json\/wp\/v2\/pages"}],"about":[{"href":"https:\/\/sisu.ut.ee\/hambaravi4\/wp-json\/wp\/v2\/types\/page"}],"author":[{"embeddable":true,"href":"https:\/\/sisu.ut.ee\/hambaravi4\/wp-json\/wp\/v2\/users\/12"}],"replies":[{"embeddable":true,"href":"https:\/\/sisu.ut.ee\/hambaravi4\/wp-json\/wp\/v2\/comments?post=19"}],"version-history":[{"count":2,"href":"https:\/\/sisu.ut.ee\/hambaravi4\/wp-json\/wp\/v2\/pages\/19\/revisions"}],"predecessor-version":[{"id":287,"href":"https:\/\/sisu.ut.ee\/hambaravi4\/wp-json\/wp\/v2\/pages\/19\/revisions\/287"}],"wp:attachment":[{"href":"https:\/\/sisu.ut.ee\/hambaravi4\/wp-json\/wp\/v2\/media?parent=19"}],"curies":[{"name":"wp","href":"https:\/\/api.w.org\/{rel}","templated":true}]}}