{"id":18,"date":"2024-04-03T23:10:32","date_gmt":"2024-04-03T20:10:32","guid":{"rendered":"https:\/\/sisu.ut.ee\/hambaravi4\/110-servade-viimistlus\/"},"modified":"2024-04-09T14:34:36","modified_gmt":"2024-04-09T11:34:36","slug":"110-servade-viimistlus","status":"publish","type":"page","link":"https:\/\/sisu.ut.ee\/hambaravi4\/110-servade-viimistlus\/","title":{"rendered":"1.9. Servade viimistlus"},"content":{"rendered":"<p><strong style=\"line-height: 1.6em;\">Kaviteedi servade viimistlus <\/strong><span style=\"line-height: 1.6em;\">on oluline etapp, mis annab t\u00e4idise <\/span><strong style=\"line-height: 1.6em;\">hea \u00fchenduse <\/strong><span style=\"line-height: 1.6em;\">hambakudedega. <\/span><strong style=\"line-height: 1.6em;\">Eesm\u00e4rgiks <\/strong><span style=\"line-height: 1.6em;\">on saada t\u00e4idise hea \u00e4\u00e4resulg ja saavutada parim hambakudede ja t\u00e4idismaterjali tugevus.<\/span><\/p>\n<div class=\"iDevice emphasis0\">\n<div class=\"block\">\n<p>Kaviteedi servade viimistlemisel on mitmeid <strong>tegureid<\/strong>, mida tuleb arvestada:<\/p>\n<ul>\n<li>T\u00e4idismaterjali liik<\/li>\n<li>Emailiprismade suund<\/li>\n<li>Emailiprismade toestus<\/li>\n<li>Servade paiknemine<\/li>\n<li>\u00dcleminekute sujuvuse m\u00e4\u00e4r<\/li>\n<\/ul>\n<p>Emailiservade j\u00e4rsud <strong style=\"line-height: 1.6em;\">\u00fcleminekud \u00fcmardatakse<\/strong> kergelt. Seda tehakse, et v\u00e4ltida teravaid nurki, mis t\u00f5stavad murdude tekke riski isegi siis, kui emalil on piisavalt dentiinitoetust. Seet\u00f5ttu on vajalik kujundada kaviteedi kontuurid <strong style=\"line-height: 1.6em;\">sujuvad<\/strong>.<\/p>\n<p><strong>Email<\/strong> peaks murdumise v\u00e4ltimiseks olema <strong>toestatud dentiinikoega.<\/strong> T\u00e4nap\u00e4evase s\u00e4\u00e4stva preparatsiooni p\u00f5him\u00f5tted lubavad emaili s\u00e4ilitamise eesm\u00e4rgil komposiitt\u00e4idise preparatsioonis j\u00e4tta eemaldamata ka toestamata, alt \u00f5\u00f5nsat emaili. Tingimuseks on piisava paksusega terve email ja komposiitmaterjali kasutamine hamba restauratsioonil.<\/p>\n<p>Infitseerunud dentiin <strong>eemaldatakse emaili-dentiini piirilt <\/strong>kerapuuriga, j\u00e4ttes alles toetuseta emaili\u00e4\u00e4re. Eemaldatud <strong>dentiiniosa asendatakse komposiitmaterjaliga<\/strong>, mis taastab emailile vajaliku toetuse.<\/p>\n<p>Kaviteedi nurkade ja servade viimistlemisel tuleb <strong>arvestada<\/strong> <strong>kasutatavat restauratsioonimaterjali<\/strong>.<\/p>\n<p>Proteetilistel lahendustel (n\u00e4iteks hamba taastamisel panustega) on vajalikud kaviteedi sees t\u00e4isnurksed \u00fcleminekud. Komposiitmaterjal n\u00f5uab sujuvaid \u00fcleminekuid.<\/p>\n<p>Kaviteedi servade <strong>kaldlihv suurendab emailiservade tugevust<\/strong> ja suurendab <strong>t\u00e4idismaterjali adhesiooni <\/strong>hambaga. Eriti esihammaste ravis aitab kaviteedi serva kaldlihv saavutada sujuvat t\u00e4idise \u00fcleminekut hambale ja parandab seel\u00e4bi <strong>esteetikat<\/strong>.<\/p>\n<p><img loading=\"lazy\" decoding=\"async\" width=\"617\" height=\"422\" class=\"alignnone wp-image-73 aligncenter\" style=\"margin-left: auto; margin-right: auto;\" title=\"4019.jpg\" src=\"https:\/\/sisu.ut.ee\/wp-content\/uploads\/sites\/22\/4019.jpg\" alt=\"4019.jpg\" srcset=\"https:\/\/sisu.ut.ee\/wp-content\/uploads\/sites\/22\/4019.jpg 617w, https:\/\/sisu.ut.ee\/wp-content\/uploads\/sites\/22\/4019-300x205.jpg 300w\" sizes=\"auto, (max-width: 617px) 100vw, 617px\"><\/p>\n<p style=\"text-align: center;\"><em>Intsisiivi kaviteedi servale tehakse ulatuslik kaldlihv.<\/em><br>\n<em><a href=\"http:\/\/www.intensiv.ch\/prodotti\/intensiv-bevelshape-set\/\" target=\"_blank\" rel=\"noopener\">http:\/\/www.intensiv.ch\/prodotti\/intensiv-bevelshape-set\/<\/a><\/em><\/p>\n<p>Kaviteedi servade <strong>kaldlihv tehakse<\/strong> madala abrasiivsusega v\u00f5i sileda l\u00f5ikeservaga puure kasutades, et saavutada v\u00f5imalikult sile emailiservade pind. Proksimaalses osas v\u00f5ib k\u00f5rvalhamba vigastamise v\u00e4ltimiseks emailiserva viimistlemisel kasutada k\u00e4siinstrumente.<\/p>\n<div id=\"accordion\" class=\"accordion\">\n<p class=\"p1\"><\/p><div class=\"accordion mb-3\">\n        <div class=\"accordion-item accordion-item--white\">\n        <h2 class=\"accordion-header\" id=\"accordion-69e07ccfc544e-heading\">\n            <button class=\"accordion-button collapsed\" type=\"button\" data-bs-toggle=\"collapse\" data-bs-target=\"#accordion-69e07ccfc544e-collapse\" aria-expanded=\"true\" aria-controls=\"accordion-69e07ccfc544e-collapse\">Loe lisaks!<\/button>\n        <\/h2>\n        <div id=\"accordion-69e07ccfc544e-collapse\" class=\"accordion-collapse collapse\" aria-labelledby=\"accordion-69e07ccfc544e-heading\">\n            <div class=\"accordion-body\">P\u00f5hjalikumalt saad <strong>emailiservade kaldlihvi<\/strong> kohta lugeda inglisekeelselt veebilehelt <a href=\"http:\/\/www.juniordentist.com\/types-of-bevels.html\" target=\"_blank\" rel=\"noopener\">http:\/\/www.juniordentist.com\/types-of-bevels.html<\/a>.<\/div>\n        <\/div>\n        <\/div>\n    <\/div>\n<\/div>\n<\/div>\n<\/div>\n","protected":false},"excerpt":{"rendered":"<p>Kaviteedi servade viimistlus on oluline etapp, mis annab t\u00e4idise hea \u00fchenduse hambakudedega. Eesm\u00e4rgiks on saada t\u00e4idise hea \u00e4\u00e4resulg ja saavutada parim hambakudede ja t\u00e4idismaterjali tugevus. Kaviteedi servade viimistlemisel on mitmeid tegureid, mida tuleb arvestada: T\u00e4idismaterjali liik Emailiprismade suund Emailiprismade toestus &#8230;<\/p>\n","protected":false},"author":12,"featured_media":0,"parent":0,"menu_order":0,"comment_status":"closed","ping_status":"closed","template":"","meta":{"_acf_changed":false,"inline_featured_image":false,"footnotes":""},"class_list":["post-18","page","type-page","status-publish","hentry"],"acf":[],"_links":{"self":[{"href":"https:\/\/sisu.ut.ee\/hambaravi4\/wp-json\/wp\/v2\/pages\/18","targetHints":{"allow":["GET"]}}],"collection":[{"href":"https:\/\/sisu.ut.ee\/hambaravi4\/wp-json\/wp\/v2\/pages"}],"about":[{"href":"https:\/\/sisu.ut.ee\/hambaravi4\/wp-json\/wp\/v2\/types\/page"}],"author":[{"embeddable":true,"href":"https:\/\/sisu.ut.ee\/hambaravi4\/wp-json\/wp\/v2\/users\/12"}],"replies":[{"embeddable":true,"href":"https:\/\/sisu.ut.ee\/hambaravi4\/wp-json\/wp\/v2\/comments?post=18"}],"version-history":[{"count":2,"href":"https:\/\/sisu.ut.ee\/hambaravi4\/wp-json\/wp\/v2\/pages\/18\/revisions"}],"predecessor-version":[{"id":286,"href":"https:\/\/sisu.ut.ee\/hambaravi4\/wp-json\/wp\/v2\/pages\/18\/revisions\/286"}],"wp:attachment":[{"href":"https:\/\/sisu.ut.ee\/hambaravi4\/wp-json\/wp\/v2\/media?parent=18"}],"curies":[{"name":"wp","href":"https:\/\/api.w.org\/{rel}","templated":true}]}}