{"id":17,"date":"2024-04-03T23:10:32","date_gmt":"2024-04-03T20:10:32","guid":{"rendered":"https:\/\/sisu.ut.ee\/hambaravi4\/19-lisaretentsioonid\/"},"modified":"2024-04-03T23:10:51","modified_gmt":"2024-04-03T20:10:51","slug":"19-lisaretentsioonid","status":"publish","type":"page","link":"https:\/\/sisu.ut.ee\/hambaravi4\/19-lisaretentsioonid\/","title":{"rendered":"1.8. Lisaretentsioonid"},"content":{"rendered":"<p>\n\t<strong style=\"line-height: 1.6em\">Sekundaarsete ehk teisaste lisaretentsioonide <\/strong>saavutamise v\u00f5imalusi on palju. Siia alla kuuluvad n\u00e4iteks vaod, tapp\u00fchendused, astmed ja parapulpaarsed tihvtid, mis<strong style=\"line-height: 1.6em\"> suurendavad<\/strong> restauratsiooni <strong style=\"line-height: 1.6em\">mehhaanilist retentsiooni.<\/strong>\n<\/p>\n<div class=\"iDevice emphasis0\">\n<div class=\"block\">\n<p>\n\t\t\tMehaaniliste lisaretentsioonide <strong>vajadus <\/strong>peab olema p\u00f5hjendatud ja h\u00e4sti l\u00e4bim\u00f5eldud, sest nende loomisega eemaldatakse terveid hambakudesid. Lisaretentsioon on \u00f5igustatud ulatuslike, <strong>m\u00e4lumisr\u00f5hku kandvate t\u00e4idiste <\/strong>kaviteetide loomisel ja <strong>bruksismi<\/strong> korral.\n\t\t<\/p>\n<p>\n\t\t\tMehhaanilisteks <strong>lisaretentsioonielementideks<\/strong> v\u00f5ivad olla vaod, sooned ja s\u00fcvendid. Enamasti prepareeritakse need pikisuunas, hamba <strong>pikiteljega paralleelselt.<\/strong> III ja V klassi t\u00fc\u00fcpi preparatsioonil paikneb retentsioonivagu hamba pikiteljega <strong>risti <\/strong>(transversaalselt).\n\t\t<\/p>\n<p>\n\t\t\t<strong>T\u00fc\u00fcpiliseks<\/strong> lisaretentsiooni preparatsiooniks kasutatakse molaari v\u00f5i premolaari proksimaalse kaviteedi fatsiaalsesse ja lingvaalsesse seina rajatud rennikujulist soont (vaata fotot).\n\t\t<\/p>\n<p>\n\t\t\t<img loading=\"lazy\" decoding=\"async\" width=\"1384\" height=\"674\" class=\"alignnone wp-image-72\" style=\"margin-left: auto;margin-right: auto\" src=\"https:\/\/sisu.ut.ee\/wp-content\/uploads\/sites\/22\/4018.jpg\" title=\"4018.jpg\" alt=\"4018.jpg\" srcset=\"https:\/\/sisu.ut.ee\/wp-content\/uploads\/sites\/22\/4018.jpg 1384w, https:\/\/sisu.ut.ee\/wp-content\/uploads\/sites\/22\/4018-300x146.jpg 300w, https:\/\/sisu.ut.ee\/wp-content\/uploads\/sites\/22\/4018-1024x499.jpg 1024w, https:\/\/sisu.ut.ee\/wp-content\/uploads\/sites\/22\/4018-768x374.jpg 768w\" sizes=\"auto, (max-width: 1384px) 100vw, 1384px\">\n\t\t<\/p>\n<p style=\"text-align: center\">\n\t\t\t<em>Premolaari proksimaalpinnal oleva kaviteetide servade vaheline kaugus on kaviteedi \u00e4\u00e4rtel v\u00e4iksem kui kaviteedi keskosas. Selline kaviteedi kuju annab t\u00e4idisele lisatuge m\u00e4lumisel tekkivate kallutavate j\u00f5udude korral.\u00a0 <a href=\"http:\/\/www.dentaljuce.com\/fruit\/page.asp?pid=772\">http:\/\/www.dentaljuce.com\/fruit\/page.asp?pid=772<\/a><\/em>\n\t\t<\/p>\n<p>\n\t\t\tT\u00e4nap\u00e4evased <strong>adhesiivsed s\u00fcsteemid<\/strong> on <strong>v\u00e4hendanud vajadust <\/strong>teiseste retentsioonielementide j\u00e4rele.\n\t\t<\/p>\n<p>\n\t\t\tKomposiitmaterjali puhul annab adhesiivile lisa kinnituspinda emailiservade kaldlihv.\n\t\t<\/p>\n<\/div>\n<\/div>\n","protected":false},"excerpt":{"rendered":"<p>Sekundaarsete ehk teisaste lisaretentsioonide saavutamise v\u00f5imalusi on palju. Siia alla kuuluvad n\u00e4iteks vaod, tapp\u00fchendused, astmed ja parapulpaarsed tihvtid, mis suurendavad restauratsiooni mehhaanilist retentsiooni. Mehaaniliste lisaretentsioonide vajadus peab olema p\u00f5hjendatud ja h\u00e4sti l\u00e4bim\u00f5eldud, sest nende loomisega eemaldatakse terveid hambakudesid. Lisaretentsioon on &#8230;<\/p>\n","protected":false},"author":12,"featured_media":0,"parent":0,"menu_order":0,"comment_status":"closed","ping_status":"closed","template":"","meta":{"_acf_changed":false,"inline_featured_image":false,"footnotes":""},"class_list":["post-17","page","type-page","status-publish","hentry"],"acf":[],"_links":{"self":[{"href":"https:\/\/sisu.ut.ee\/hambaravi4\/wp-json\/wp\/v2\/pages\/17","targetHints":{"allow":["GET"]}}],"collection":[{"href":"https:\/\/sisu.ut.ee\/hambaravi4\/wp-json\/wp\/v2\/pages"}],"about":[{"href":"https:\/\/sisu.ut.ee\/hambaravi4\/wp-json\/wp\/v2\/types\/page"}],"author":[{"embeddable":true,"href":"https:\/\/sisu.ut.ee\/hambaravi4\/wp-json\/wp\/v2\/users\/12"}],"replies":[{"embeddable":true,"href":"https:\/\/sisu.ut.ee\/hambaravi4\/wp-json\/wp\/v2\/comments?post=17"}],"version-history":[{"count":1,"href":"https:\/\/sisu.ut.ee\/hambaravi4\/wp-json\/wp\/v2\/pages\/17\/revisions"}],"predecessor-version":[{"id":241,"href":"https:\/\/sisu.ut.ee\/hambaravi4\/wp-json\/wp\/v2\/pages\/17\/revisions\/241"}],"wp:attachment":[{"href":"https:\/\/sisu.ut.ee\/hambaravi4\/wp-json\/wp\/v2\/media?parent=17"}],"curies":[{"name":"wp","href":"https:\/\/api.w.org\/{rel}","templated":true}]}}