{"id":14,"date":"2024-04-03T23:10:32","date_gmt":"2024-04-03T20:10:32","guid":{"rendered":"https:\/\/sisu.ut.ee\/hambaravi4\/16-kaviteedi-kohandamine\/"},"modified":"2024-04-09T14:28:08","modified_gmt":"2024-04-09T11:28:08","slug":"16-kaviteedi-kohandamine","status":"publish","type":"page","link":"https:\/\/sisu.ut.ee\/hambaravi4\/16-kaviteedi-kohandamine\/","title":{"rendered":"1.5. Kaviteedi kohandamine"},"content":{"rendered":"<p>Kaviteeti kohandades antakse kaviteedile kuju, mis <strong>v\u00f5imaldab adekvaatset n\u00e4htavust, juurdep\u00e4\u00e4su ja kergendab prepareerimist ning t\u00e4idise asetamist.<\/strong><\/p>\n<p>Kaviteedi kohandamiseks ja mugavamiseks on mitmeid <strong>v\u00f5imalusi:<\/strong><\/p>\n<ul>\n<li>K\u00f5ige efektiivsem on prepareerida n\u00e4hes ja <strong>kontrollides <\/strong>kogu <strong>preparatsiooni piirkonda<\/strong>.<\/li>\n<\/ul>\n<p>*Selline olukord on vastuolus s\u00e4\u00e4stliku preparatsiooni p\u00f5him\u00f5tetega ja siin tuleb vajadusel teha m\u00f6\u00f6ndusi. Otseselt mitten\u00e4htavaid kaviteedi osasid saab kontrollida suupeegli abil.<\/p>\n<p><img loading=\"lazy\" decoding=\"async\" width=\"250\" height=\"166\" class=\"alignnone wp-image-68 aligncenter\" title=\"4010asendus.jpg\" src=\"https:\/\/sisu.ut.ee\/wp-content\/uploads\/sites\/22\/4010asendus.jpg\" alt=\"4010asendus.jpg\"><\/p>\n<p><em>Ulatuslikult puhastatud ja avatud kaviteet. Kuigi n\u00e4htavus on v\u00e4ga hea ja j\u00e4rgitud on k\u00f5iki prepartsioonin\u00f5udeid, oleks saanud prepareerides enam s\u00e4ilitada kahjustamata hambakudesid.\u00a0<\/em><br>\n<em><a href=\"http:\/\/www.jcda.ca\/article\/b86\" target=\"_blank\" rel=\"noopener\">http:\/\/www.jcda.ca\/article\/b86<\/a><\/em><\/p>\n<ul>\n<li>II klassi kaviteedi <strong>vertikaalsete seinte divergeerumine<\/strong> ehk laienemine oklusaalse pinna suunas parandab juurdep\u00e4\u00e4su ja n\u00e4htavust<\/li>\n<li>Kaviteedi <strong>laiendamine proksimaalsele<\/strong> \u00fcle kontakti on samuti mugavdamine<\/li>\n<li><strong>Modifitseeritud instrumendid<\/strong> (n\u00e4iteks kontranurga all olevad) v\u00f5imaldavad paremat juurdep\u00e4\u00e4su kaviteedi raskemini ligip\u00e4\u00e4setavatele osadele<\/li>\n<li>Hammaste eelnev <strong>separatsioon<\/strong> aitab kaasa interproksimaalsel preparatsioonil juurdep\u00e4\u00e4suks.<\/li>\n<\/ul>\n<div id=\"accordion\" class=\"accordion\">\n<p class=\"p1\"><\/p><div class=\"accordion mb-3\">\n        <div class=\"accordion-item accordion-item--white\">\n        <h2 class=\"accordion-header\" id=\"accordion-69e0af8c40f05-heading\">\n            <button class=\"accordion-button collapsed\" type=\"button\" data-bs-toggle=\"collapse\" data-bs-target=\"#accordion-69e0af8c40f05-collapse\" aria-expanded=\"true\" aria-controls=\"accordion-69e0af8c40f05-collapse\">Miks peaks kaviteeti prepareerides mitte liialdama siin peat\u00fckis toodud n\u00f5uannete kasutamisega?<\/button>\n        <\/h2>\n        <div id=\"accordion-69e0af8c40f05-collapse\" class=\"accordion-collapse collapse\" aria-labelledby=\"accordion-69e0af8c40f05-heading\">\n            <div class=\"accordion-body\">\n<div>Kuigi parem n\u00e4htavus ja juurdep\u00e4\u00e4s kergendavad preparatsiooni tegemist, tuleb see kudede eemaldamise arvelt. See on vastuolus s\u00e4\u00e4stva preparatsiooni p\u00f5him\u00f5tetega.<\/div>\n        <\/div>\n        <\/div>\n    <\/div><\/div>\n<\/div>\n","protected":false},"excerpt":{"rendered":"<p>Kaviteeti kohandades antakse kaviteedile kuju, mis v\u00f5imaldab adekvaatset n\u00e4htavust, juurdep\u00e4\u00e4su ja kergendab prepareerimist ning t\u00e4idise asetamist. Kaviteedi kohandamiseks ja mugavamiseks on mitmeid v\u00f5imalusi: K\u00f5ige efektiivsem on prepareerida n\u00e4hes ja kontrollides kogu preparatsiooni piirkonda. *Selline olukord on vastuolus s\u00e4\u00e4stliku preparatsiooni p\u00f5him\u00f5tetega &#8230;<\/p>\n","protected":false},"author":12,"featured_media":0,"parent":0,"menu_order":0,"comment_status":"closed","ping_status":"closed","template":"","meta":{"_acf_changed":false,"inline_featured_image":false,"footnotes":""},"class_list":["post-14","page","type-page","status-publish","hentry"],"acf":[],"_links":{"self":[{"href":"https:\/\/sisu.ut.ee\/hambaravi4\/wp-json\/wp\/v2\/pages\/14","targetHints":{"allow":["GET"]}}],"collection":[{"href":"https:\/\/sisu.ut.ee\/hambaravi4\/wp-json\/wp\/v2\/pages"}],"about":[{"href":"https:\/\/sisu.ut.ee\/hambaravi4\/wp-json\/wp\/v2\/types\/page"}],"author":[{"embeddable":true,"href":"https:\/\/sisu.ut.ee\/hambaravi4\/wp-json\/wp\/v2\/users\/12"}],"replies":[{"embeddable":true,"href":"https:\/\/sisu.ut.ee\/hambaravi4\/wp-json\/wp\/v2\/comments?post=14"}],"version-history":[{"count":2,"href":"https:\/\/sisu.ut.ee\/hambaravi4\/wp-json\/wp\/v2\/pages\/14\/revisions"}],"predecessor-version":[{"id":284,"href":"https:\/\/sisu.ut.ee\/hambaravi4\/wp-json\/wp\/v2\/pages\/14\/revisions\/284"}],"wp:attachment":[{"href":"https:\/\/sisu.ut.ee\/hambaravi4\/wp-json\/wp\/v2\/media?parent=14"}],"curies":[{"name":"wp","href":"https:\/\/api.w.org\/{rel}","templated":true}]}}