{"id":11,"date":"2024-04-03T23:10:32","date_gmt":"2024-04-03T20:10:32","guid":{"rendered":"https:\/\/sisu.ut.ee\/hambaravi4\/134-vaba-pinna-kaviteet-gingivaalsel\/"},"modified":"2024-04-09T14:16:14","modified_gmt":"2024-04-09T11:16:14","slug":"134-vaba-pinna-kaviteet-gingivaalsel","status":"publish","type":"page","link":"https:\/\/sisu.ut.ee\/hambaravi4\/134-vaba-pinna-kaviteet-gingivaalsel\/","title":{"rendered":"1.2.4. Vaba pinna kaviteet gingivaalsel"},"content":{"rendered":"<p><strong style=\"line-height: 1.6em;\">Klass V<\/strong> v\u00e4lise kuju m\u00e4\u00e4rab peamiselt kaariese ulatus, v\u00e4lja arvatud pulbipoolselt. Pulbi poole ei tohiks kaviteedi s\u00fcgavus olla enam kui 0,8-1,25 mm hambapinnast. Seega on kaviteedi s\u00fcgavus dentiinis soovitavalt mitte \u00fcle 0,5 mm.<\/p>\n<p><strong>Piiratud laiendus<\/strong> tehakse vabadel pindadel j\u00e4rgmistel <strong>n\u00e4idustustel<\/strong>:<\/p>\n<ul>\n<li>Kaviteet paikneb hambajuure l\u00e4heduses<\/li>\n<li>Esteetilistel kaalutlustel<\/li>\n<li>Kasutatakse modifitseeritud kaviteedi preparatsiooni komposiitt\u00e4idise jaoks<\/li>\n<\/ul>\n<p><strong>Suurem kaviteedi ulatus<\/strong> on \u00f5igustatud \u00fcksikutel erandjuhtudel nagu:<\/p>\n<ul>\n<li>Patsiendid, kellel on vaimsed ja f\u00fc\u00fcsilised puuded<\/li>\n<li>Eakad patsiendid<\/li>\n<li>Hambat\u00e4idis on osalise proteesi kinnituseks<\/li>\n<li>On vaja saada lisakinnitust ja vastupanu m\u00e4lumisj\u00f5ule<\/li>\n<li>Vajadus kohandada hamba kontuure<\/li>\n<\/ul>\n<h2>Emailiplastika<\/h2>\n<p>Seda kudesid s\u00e4\u00e4stvat protseduuri soovitatakse juhul kui kahjustav protsess haarab <strong>emailist 1\/3 v\u00f5i v\u00e4hem.<\/strong> Peamiselt on selline kahjustus mittekarioosset t\u00fc\u00fcpi (erosioon, abrasioon) v\u00f5i on tegemist algava kaarieskahjustusega.<\/p>\n<p><strong>Kaviteeti ei s\u00fcvendata ega laiendata alale<\/strong>, kuhu t\u00e4idismaterjali ei asetata. Emaili pind puhastatakse kahjustatud alal kergelt puuriga, et eemaldada enne adhesiivi asetamist biofilm.<\/p>\n<p><img loading=\"lazy\" decoding=\"async\" width=\"250\" height=\"223\" class=\"alignnone wp-image-64 aligncenter\" style=\"margin-left: auto; margin-right: auto;\" title=\"4006.jpg\" src=\"https:\/\/sisu.ut.ee\/wp-content\/uploads\/sites\/22\/4006.jpg\" alt=\"4006.jpg\"><\/p>\n<p style=\"text-align: center;\"><em>Hambakaela piirkonnas\u00a0 paiknev abrasioon\u00a0<\/em><\/p>\n<p style=\"text-align: center;\"><em><img loading=\"lazy\" decoding=\"async\" width=\"250\" height=\"223\" class=\"alignnone wp-image-65\" title=\"4007.jpg\" src=\"https:\/\/sisu.ut.ee\/wp-content\/uploads\/sites\/22\/4007.jpg\" alt=\"4007.jpg\"><\/em><\/p>\n<p style=\"text-align: center;\"><em>Sama hammas peale skleroseerunud dentiini eemaldamist ja dentiinipinna puhastamist,\u00a0<\/em><em><a style=\"line-height: 1.6em;\" href=\"http:\/\/www.dentalaegis.com\/id\/2006\/06\/an-improved-bonding-system-and-flowable-composite-for-fast-effective-class-v-restorations\" target=\"_blank\" rel=\"noopener\">http:\/\/www.dentalaegis.com\/id\/2006\/06\/an-improved-bonding-system-and-flowable-composite-for-fast-effective-class-v-restorations<\/a><\/em><\/p>\n","protected":false},"excerpt":{"rendered":"<p>Klass V v\u00e4lise kuju m\u00e4\u00e4rab peamiselt kaariese ulatus, v\u00e4lja arvatud pulbipoolselt. Pulbi poole ei tohiks kaviteedi s\u00fcgavus olla enam kui 0,8-1,25 mm hambapinnast. Seega on kaviteedi s\u00fcgavus dentiinis soovitavalt mitte \u00fcle 0,5 mm. Piiratud laiendus tehakse vabadel pindadel j\u00e4rgmistel n\u00e4idustustel: &#8230;<\/p>\n","protected":false},"author":12,"featured_media":0,"parent":0,"menu_order":0,"comment_status":"closed","ping_status":"closed","template":"","meta":{"_acf_changed":false,"inline_featured_image":false,"footnotes":""},"class_list":["post-11","page","type-page","status-publish","hentry"],"acf":[],"_links":{"self":[{"href":"https:\/\/sisu.ut.ee\/hambaravi4\/wp-json\/wp\/v2\/pages\/11","targetHints":{"allow":["GET"]}}],"collection":[{"href":"https:\/\/sisu.ut.ee\/hambaravi4\/wp-json\/wp\/v2\/pages"}],"about":[{"href":"https:\/\/sisu.ut.ee\/hambaravi4\/wp-json\/wp\/v2\/types\/page"}],"author":[{"embeddable":true,"href":"https:\/\/sisu.ut.ee\/hambaravi4\/wp-json\/wp\/v2\/users\/12"}],"replies":[{"embeddable":true,"href":"https:\/\/sisu.ut.ee\/hambaravi4\/wp-json\/wp\/v2\/comments?post=11"}],"version-history":[{"count":2,"href":"https:\/\/sisu.ut.ee\/hambaravi4\/wp-json\/wp\/v2\/pages\/11\/revisions"}],"predecessor-version":[{"id":278,"href":"https:\/\/sisu.ut.ee\/hambaravi4\/wp-json\/wp\/v2\/pages\/11\/revisions\/278"}],"wp:attachment":[{"href":"https:\/\/sisu.ut.ee\/hambaravi4\/wp-json\/wp\/v2\/media?parent=11"}],"curies":[{"name":"wp","href":"https:\/\/api.w.org\/{rel}","templated":true}]}}