{"id":10,"date":"2024-04-03T23:10:32","date_gmt":"2024-04-03T20:10:32","guid":{"rendered":"https:\/\/sisu.ut.ee\/hambaravi4\/133-vaba-pinna-kaviteet-proksimaalsel\/"},"modified":"2024-04-09T14:15:44","modified_gmt":"2024-04-09T11:15:44","slug":"133-vaba-pinna-kaviteet-proksimaalsel","status":"publish","type":"page","link":"https:\/\/sisu.ut.ee\/hambaravi4\/133-vaba-pinna-kaviteet-proksimaalsel\/","title":{"rendered":"1.2.3. Vaba pinna kaviteet proksimaalsel"},"content":{"rendered":"<div><strong style=\"line-height: 1.6em;\">Vaba pinna kaviteet <\/strong>v\u00f5ib paikneda:<\/div>\n<div class=\"iDevice emphasis0\">\n<div class=\"block\">\n<ul>\n<li>proksimaalsetel pindadel;<\/li>\n<li>fatsiaalsete ja\/v\u00f5i lingvaalsete pindade gingivaalses osas.<\/li>\n<\/ul>\n<p><strong style=\"line-height: 1.6em;\">K<\/strong><strong style=\"line-height: 1.6em;\">aviteedi kontuuride kujundamine ja esialgse s\u00fcgavuse loomine vaba pinna kaariese korral proksimaalsel pinnal<\/strong> (Blacki klassid II, III ja IV).<\/p>\n<p>Proksimaalsel pinnal paikneval kaviteedil on \u00fcks <strong>lisategur<\/strong>, milleks on <strong>kontakt k\u00f5rvalasetseva hambaga.<\/strong><\/p>\n<p><strong>Reeglid,<\/strong> mis kehtivad vaba pinna kaariese kaviteedi kuju loomisel:<\/p>\n<ul>\n<li><strong>Laiendada kaviteedi servasid<\/strong>, kuni j\u00f5utakse <strong>terve hambastruktuurini<\/strong> ja ilma toetuseta emailiservasid ei ole j\u00e4\u00e4nud. Hoiduda tuleks kaviteeti l\u00f5petamast k\u00f6bruharjal. Kaviteedi piirid peaks ulatuma k\u00f6brul peafissuurist arvestades <strong>mitte kaugemale kui k\u00f6bru kallaku 2\/3-ni<\/strong>.<\/li>\n<li>Laiendada kaviteedi servasid nii, et oleksid v\u00f5imalikud j\u00e4rgnevad protseduurid (peab olema tagatud ligip\u00e4\u00e4s k\u00f5igile kaviteedi osadele).<\/li>\n<li>Preparatsioon peaks <strong>ulatuma dentiini maksimaalselt 0,2-0,8 mm s\u00fcgavusele<\/strong>.<\/li>\n<li>Laiendada kaviteedi gingivaalset serva apikaalsele, j\u00e4ttes <strong>minimaalselt 0,5 mm <\/strong>vahekauguse<strong> gingivaalse serva ja k\u00fclgnevate hambastruktuuride vahele<\/strong>.<\/li>\n<li>Laiendada fatsiaalseid ja lingvaalseid servasid proksimaalses kaviteedi osas nii, et j\u00e4\u00e4ks <strong>vaba ruum kaviteedi servade ja k\u00fclgneva hamba vahele. <\/strong>Seda tehakse, et serv oleks paremini n\u00e4htav, instrumentidega t\u00f6\u00f6deldav ja puhastatav.<\/li>\n<\/ul>\n<p style=\"text-align: center;\"><span style=\"color: #ff0000;\"><strong><img loading=\"lazy\" decoding=\"async\" width=\"336\" height=\"205\" class=\"alignnone wp-image-63\" title=\"4005.jpg\" src=\"https:\/\/sisu.ut.ee\/wp-content\/uploads\/sites\/22\/4005.jpg\" alt=\"4005.jpg\" srcset=\"https:\/\/sisu.ut.ee\/wp-content\/uploads\/sites\/22\/4005.jpg 336w, https:\/\/sisu.ut.ee\/wp-content\/uploads\/sites\/22\/4005-300x183.jpg 300w\" sizes=\"auto, (max-width: 336px) 100vw, 336px\"><\/strong><\/span><\/p>\n<p style=\"text-align: center;\"><em>Kitsana hoitud kontaktpinna kaviteet, mille \u00fcks serv on toodud kontaktpunktist eemale,\u00a0<a href=\"http:\/\/walser-dental.com\/index.php?id=81&amp;L=3&amp;tx_ttnews%5Btt_news%5D=63&amp;cHash=e038d98d34\" target=\"_blank\" rel=\"noopener\">http:\/\/walser-dental.com\/index.php?id=81&amp;L=3&amp;tx_ttnews[tt_news]=63&amp;cHash=e038d98d34<\/a><\/em><\/p>\n<p>* Mikroinvasiivne tehnika sellist kaviteedi laiendamist ei n\u00f5ua, kuid kaviteedi servade viimistlemisel ei tohi naaberhammast kahjustada.<\/p>\n<p><strong>Klass II<\/strong> preparatsioonil on kaviteedi preparatsioonin\u00f5uded on samad, mis kehtivad ka fissuurikaariesese korral.<\/p>\n<div id=\"accordion\" class=\"accordion\">\n<p class=\"p1\"><\/p><div class=\"accordion mb-3\">\n        <div class=\"accordion-item accordion-item--white\">\n        <h2 class=\"accordion-header\" id=\"accordion-69e07ccfc8125-heading\">\n            <button class=\"accordion-button collapsed\" type=\"button\" data-bs-toggle=\"collapse\" data-bs-target=\"#accordion-69e07ccfc8125-collapse\" aria-expanded=\"true\" aria-controls=\"accordion-69e07ccfc8125-collapse\">Miks n\u00f5uavad reeglid vaba ruumi j\u00e4tmist kaviteedi proksimaalse osa seinte ja k\u00fclgneva hamba struktuuride vahele?<\/button>\n        <\/h2>\n        <div id=\"accordion-69e07ccfc8125-collapse\" class=\"accordion-collapse collapse\" aria-labelledby=\"accordion-69e07ccfc8125-heading\">\n            <div class=\"accordion-body\">\n<div>Selline vahe v\u00f5imaldab kaviteedi servade viimistlemist <strong>ilma k\u00f5rvalhammast kahjustamata.<\/strong> Kui kaviteedi servad on kontaktis k\u00f5rvalhambaga, peab proksimaalset osa viimistledes hammaste vahele asetama <strong>lisakaitse<\/strong> (nt matriitsiriba). <\/div>\n        <\/div>\n        <\/div>\n    <\/div><\/div>\n<\/div>\n<\/div>\n<\/div>\n","protected":false},"excerpt":{"rendered":"<p>Vaba pinna kaviteet v\u00f5ib paikneda: proksimaalsetel pindadel; fatsiaalsete ja\/v\u00f5i lingvaalsete pindade gingivaalses osas. Kaviteedi kontuuride kujundamine ja esialgse s\u00fcgavuse loomine vaba pinna kaariese korral proksimaalsel pinnal (Blacki klassid II, III ja IV). Proksimaalsel pinnal paikneval kaviteedil on \u00fcks lisategur, milleks &#8230;<\/p>\n","protected":false},"author":12,"featured_media":0,"parent":0,"menu_order":0,"comment_status":"closed","ping_status":"closed","template":"","meta":{"_acf_changed":false,"inline_featured_image":false,"footnotes":""},"class_list":["post-10","page","type-page","status-publish","hentry"],"acf":[],"_links":{"self":[{"href":"https:\/\/sisu.ut.ee\/hambaravi4\/wp-json\/wp\/v2\/pages\/10","targetHints":{"allow":["GET"]}}],"collection":[{"href":"https:\/\/sisu.ut.ee\/hambaravi4\/wp-json\/wp\/v2\/pages"}],"about":[{"href":"https:\/\/sisu.ut.ee\/hambaravi4\/wp-json\/wp\/v2\/types\/page"}],"author":[{"embeddable":true,"href":"https:\/\/sisu.ut.ee\/hambaravi4\/wp-json\/wp\/v2\/users\/12"}],"replies":[{"embeddable":true,"href":"https:\/\/sisu.ut.ee\/hambaravi4\/wp-json\/wp\/v2\/comments?post=10"}],"version-history":[{"count":2,"href":"https:\/\/sisu.ut.ee\/hambaravi4\/wp-json\/wp\/v2\/pages\/10\/revisions"}],"predecessor-version":[{"id":277,"href":"https:\/\/sisu.ut.ee\/hambaravi4\/wp-json\/wp\/v2\/pages\/10\/revisions\/277"}],"wp:attachment":[{"href":"https:\/\/sisu.ut.ee\/hambaravi4\/wp-json\/wp\/v2\/media?parent=10"}],"curies":[{"name":"wp","href":"https:\/\/api.w.org\/{rel}","templated":true}]}}