{"id":9,"date":"2024-04-03T23:10:28","date_gmt":"2024-04-03T20:10:28","guid":{"rendered":"https:\/\/sisu.ut.ee\/hambaravi3\/6-nouded-matriitsile\/"},"modified":"2024-04-09T13:57:07","modified_gmt":"2024-04-09T10:57:07","slug":"6-nouded-matriitsile","status":"publish","type":"page","link":"https:\/\/sisu.ut.ee\/hambaravi3\/6-nouded-matriitsile\/","title":{"rendered":"6. N\u00f5uded matriitsile"},"content":{"rendered":"<p><strong style=\"line-height: 1.6em;\">Kriteeriumid edukaks matriitsi kasutamiseks<\/strong>:<\/p>\n<div class=\"block\">\n<ul>\n<li><span style=\"line-height: 1.6em;\">hea adaptatsioon hambapinnale (eriti gingivaalsel) ja sobiv kontuur<\/span><\/li>\n<li><span style=\"line-height: 1.6em;\">stabiliseeritus (kiilud)<\/span><\/li>\n<li><span style=\"line-height: 1.6em;\">matriits ulatub gingivaalsest astmest v\u00e4hemalt 1 mm apikaalsemale<\/span><\/li>\n<li><span style=\"line-height: 1.6em;\">matriits ulatub oklusaalpinnast 1 mm v\u00f5rra k\u00f5rgemale<\/span><\/li>\n<li><span style=\"line-height: 1.6em;\">tekib interproksimaalne kontakt<\/span><\/li>\n<\/ul>\n<p><span style=\"line-height: 1.6em;\"><img loading=\"lazy\" decoding=\"async\" width=\"320\" height=\"240\" class=\"alignnone wp-image-15 aligncenter\" style=\"margin-left: auto; margin-right: auto;\" title=\"matriits004.jpg\" src=\"https:\/\/sisu.ut.ee\/wp-content\/uploads\/sites\/21\/matriits004.jpg\" alt=\"matriits004.jpg\" srcset=\"https:\/\/sisu.ut.ee\/wp-content\/uploads\/sites\/21\/matriits004.jpg 320w, https:\/\/sisu.ut.ee\/wp-content\/uploads\/sites\/21\/matriits004-300x225.jpg 300w\" sizes=\"auto, (max-width: 320px) 100vw, 320px\"><\/span><\/p>\n<p style=\"text-align: center;\"><em><a href=\"http:\/\/www.columbia.edu\/itc\/hs\/dental\/operative\/matrixband.html\" target=\"_blank\" rel=\"noopener\">http:\/\/www.columbia.edu\/itc\/hs\/dental\/operative\/matrixband.html<\/a><\/em><\/p>\n<\/div>\n","protected":false},"excerpt":{"rendered":"<p>Kriteeriumid edukaks matriitsi kasutamiseks: hea adaptatsioon hambapinnale (eriti gingivaalsel) ja sobiv kontuur stabiliseeritus (kiilud) matriits ulatub gingivaalsest astmest v\u00e4hemalt 1 mm apikaalsemale matriits ulatub oklusaalpinnast 1 mm v\u00f5rra k\u00f5rgemale tekib interproksimaalne kontakt http:\/\/www.columbia.edu\/itc\/hs\/dental\/operative\/matrixband.html<\/p>\n","protected":false},"author":12,"featured_media":0,"parent":0,"menu_order":0,"comment_status":"closed","ping_status":"closed","template":"","meta":{"_acf_changed":false,"inline_featured_image":false,"footnotes":""},"class_list":["post-9","page","type-page","status-publish","hentry"],"acf":[],"_links":{"self":[{"href":"https:\/\/sisu.ut.ee\/hambaravi3\/wp-json\/wp\/v2\/pages\/9","targetHints":{"allow":["GET"]}}],"collection":[{"href":"https:\/\/sisu.ut.ee\/hambaravi3\/wp-json\/wp\/v2\/pages"}],"about":[{"href":"https:\/\/sisu.ut.ee\/hambaravi3\/wp-json\/wp\/v2\/types\/page"}],"author":[{"embeddable":true,"href":"https:\/\/sisu.ut.ee\/hambaravi3\/wp-json\/wp\/v2\/users\/12"}],"replies":[{"embeddable":true,"href":"https:\/\/sisu.ut.ee\/hambaravi3\/wp-json\/wp\/v2\/comments?post=9"}],"version-history":[{"count":2,"href":"https:\/\/sisu.ut.ee\/hambaravi3\/wp-json\/wp\/v2\/pages\/9\/revisions"}],"predecessor-version":[{"id":56,"href":"https:\/\/sisu.ut.ee\/hambaravi3\/wp-json\/wp\/v2\/pages\/9\/revisions\/56"}],"wp:attachment":[{"href":"https:\/\/sisu.ut.ee\/hambaravi3\/wp-json\/wp\/v2\/media?parent=9"}],"curies":[{"name":"wp","href":"https:\/\/api.w.org\/{rel}","templated":true}]}}