{"id":8,"date":"2024-04-03T23:10:28","date_gmt":"2024-04-03T20:10:28","guid":{"rendered":"https:\/\/sisu.ut.ee\/hambaravi3\/5-matriitsi-fikseerimine\/"},"modified":"2024-04-09T13:56:48","modified_gmt":"2024-04-09T10:56:48","slug":"5-matriitsi-fikseerimine","status":"publish","type":"page","link":"https:\/\/sisu.ut.ee\/hambaravi3\/5-matriitsi-fikseerimine\/","title":{"rendered":"5. Matriitsi asetamine hambale"},"content":{"rendered":"<p>Matriitsiriba <strong style=\"line-height: 1.6em;\">stabiliseerimiseks<\/strong> ja hamba kaelaosale <strong style=\"line-height: 1.6em;\">adapteerimiseks<\/strong> kasutatakse nt (puu)kiilusid. <strong style=\"line-height: 1.6em;\">Kiil asetatakse interproksimaalsesse alasse<\/strong>, kuhu ulatub preparatsiooni proksimaalne kaviteet. Kiilu p\u00f5hiline <strong style=\"line-height: 1.6em;\">\u00fclesanne <\/strong>on <strong style=\"line-height: 1.6em;\">suruda matriitsiriba<\/strong> tihedalt <strong style=\"line-height: 1.6em;\">vastu hambakaela<\/strong>, v\u00e4ltimaks t\u00e4idismaterjali sattumist kaviteedist v\u00e4ljapoole. <strong style=\"line-height: 1.6em;\">Kontaktpinna gingivaalne osa <\/strong>on <strong style=\"line-height: 1.6em;\">raskesti viimisletav<\/strong> ja sageli j\u00e4\u00e4b sinna t\u00e4idismaterjali liiaga.<\/p>\n<p><img loading=\"lazy\" decoding=\"async\" width=\"480\" height=\"360\" class=\"alignnone wp-image-14 aligncenter\" style=\"margin-left: auto; margin-right: auto;\" title=\"matriits005.jpg\" src=\"https:\/\/sisu.ut.ee\/wp-content\/uploads\/sites\/21\/matriits005.jpg\" alt=\"matriits005.jpg\" srcset=\"https:\/\/sisu.ut.ee\/wp-content\/uploads\/sites\/21\/matriits005.jpg 480w, https:\/\/sisu.ut.ee\/wp-content\/uploads\/sites\/21\/matriits005-300x225.jpg 300w\" sizes=\"auto, (max-width: 480px) 100vw, 480px\"><\/p>\n<p style=\"text-align: center;\"><em><a href=\"http:\/\/www.columbia.edu\/itc\/hs\/dental\/operative\/matrixband.html\" target=\"_blank\" rel=\"noopener\">http:\/\/www.columbia.edu\/itc\/hs\/dental\/operative\/matrixband.html<\/a><\/em><\/p>\n<p>Enamasti asetatakse <strong>kiil lingvaalsele<\/strong>, teisele poole hammast kui matriitsihoidja paikneb. Sageli on l<strong>ingvaalsel hammaste vaheline ruum suurem<\/strong> ja vajab seel\u00e4bi enamat matriitsiriba adaptatsiooni kiiluga. Kiil peab paiknema kaviteedi gingivaalsest astmest apikaalsemal. Kiil peab olema fikseeritud kindlalt, kuid tuleb v\u00e4ltida \u00fclem\u00e4\u00e4rast j\u00f5udu, mis v\u00f5ib kahjustada periodondi kudesid. Peale kiilu asetamist tuleb <strong>v\u00e4hendada matriitsi pinget<\/strong>, et v\u00e4ltida elastse deformatsiooni teket hamba krooni osas.<\/p>\n<p style=\"text-align: center;\">Matriitsi asetamine hambale<\/p>\n<p style=\"text-align: center;\"><\/p><div class=\"ratio ratio-16x9 mb-3\"><div class=\"video-placeholder-wrapper video-placeholder-wrapper--16x9\">\n\t\t\t    <div class=\"video-placeholder d-flex justify-content-center align-items-center\">\n\t\t\t        <div class=\"overlay text-white p-2 w-100 text-center d-block justify-content-center align-items-center\">\n\t\t\t            <div>Kolmandate osapoolte sisu n\u00e4gemiseks palun n\u00f5ustu k\u00fcpsistega.<\/div>\n\t\t\t            <button class=\"btn btn-secondary btn-sm mt-1 consent-change\">Muuda n\u00f5usolekut<\/button>\n\t\t\t        <\/div>\n\t\t\t    <\/div>\n\t\t\t<\/div>\n<\/div>\n<p>M\u00f5ningatel juhtudel on otstarbekam asetada matriitsihoidja lingvaalsele.<\/p>\n<p style=\"text-align: center;\">Matriitsi asetamine lingvaalsele<\/p>\n<p style=\"text-align: center;\"><\/p><div class=\"ratio ratio-16x9 mb-3\"><div class=\"video-placeholder-wrapper video-placeholder-wrapper--16x9\">\n\t\t\t    <div class=\"video-placeholder d-flex justify-content-center align-items-center\">\n\t\t\t        <div class=\"overlay text-white p-2 w-100 text-center d-block justify-content-center align-items-center\">\n\t\t\t            <div>Kolmandate osapoolte sisu n\u00e4gemiseks palun n\u00f5ustu k\u00fcpsistega.<\/div>\n\t\t\t            <button class=\"btn btn-secondary btn-sm mt-1 consent-change\">Muuda n\u00f5usolekut<\/button>\n\t\t\t        <\/div>\n\t\t\t    <\/div>\n\t\t\t<\/div>\n<\/div>\n<div id=\"accordion\" class=\"accordion\">\n<p class=\"p1\"><\/p><div class=\"accordion mb-3\">\n        <div class=\"accordion-item accordion-item--white\">\n        <h2 class=\"accordion-header\" id=\"accordion-69e0c4f8cca67-heading\">\n            <button class=\"accordion-button collapsed\" type=\"button\" data-bs-toggle=\"collapse\" data-bs-target=\"#accordion-69e0c4f8cca67-collapse\" aria-expanded=\"true\" aria-controls=\"accordion-69e0c4f8cca67-collapse\">Loe lisaks!<\/button>\n        <\/h2>\n        <div id=\"accordion-69e0c4f8cca67-collapse\" class=\"accordion-collapse collapse\" aria-labelledby=\"accordion-69e0c4f8cca67-heading\">\n            <div class=\"accordion-body\">Artikkel <a href=\"http:\/\/www.dentaljuce.com\/fruit\/page.asp?pid=196\" target=\"_blank\" rel=\"noopener\">http:\/\/www.dentaljuce.com\/fruit\/page.asp?pid=196<\/a> annab sulle h\u00e4id n\u00f5uandeid kiilu valimiseks ja kasutamiseks keerulisemates kliinilistes situatsioonides. Vaata ka kirjutise l\u00f5pus olevaid juhtumeid, kus kiilu kasutamisel on tehtud vigu \u2013 siis oskad neist hoiduda. L\u00f5pus on k\u00fcsimus sulle: mis on kiilu kasutamise eesm\u00e4rk? M\u00f5tle sellele ja kliki vastuse nupule. Kuidas l\u00e4ks?<\/div>\n        <\/div>\n        <\/div>\n    <\/div>\n<\/div>\n","protected":false},"excerpt":{"rendered":"<p>Matriitsiriba stabiliseerimiseks ja hamba kaelaosale adapteerimiseks kasutatakse nt (puu)kiilusid. Kiil asetatakse interproksimaalsesse alasse, kuhu ulatub preparatsiooni proksimaalne kaviteet. Kiilu p\u00f5hiline \u00fclesanne on suruda matriitsiriba tihedalt vastu hambakaela, v\u00e4ltimaks t\u00e4idismaterjali sattumist kaviteedist v\u00e4ljapoole. Kontaktpinna gingivaalne osa on raskesti viimisletav ja sageli &#8230;<\/p>\n","protected":false},"author":12,"featured_media":0,"parent":0,"menu_order":0,"comment_status":"closed","ping_status":"closed","template":"","meta":{"_acf_changed":false,"inline_featured_image":false,"footnotes":""},"class_list":["post-8","page","type-page","status-publish","hentry"],"acf":[],"_links":{"self":[{"href":"https:\/\/sisu.ut.ee\/hambaravi3\/wp-json\/wp\/v2\/pages\/8","targetHints":{"allow":["GET"]}}],"collection":[{"href":"https:\/\/sisu.ut.ee\/hambaravi3\/wp-json\/wp\/v2\/pages"}],"about":[{"href":"https:\/\/sisu.ut.ee\/hambaravi3\/wp-json\/wp\/v2\/types\/page"}],"author":[{"embeddable":true,"href":"https:\/\/sisu.ut.ee\/hambaravi3\/wp-json\/wp\/v2\/users\/12"}],"replies":[{"embeddable":true,"href":"https:\/\/sisu.ut.ee\/hambaravi3\/wp-json\/wp\/v2\/comments?post=8"}],"version-history":[{"count":3,"href":"https:\/\/sisu.ut.ee\/hambaravi3\/wp-json\/wp\/v2\/pages\/8\/revisions"}],"predecessor-version":[{"id":55,"href":"https:\/\/sisu.ut.ee\/hambaravi3\/wp-json\/wp\/v2\/pages\/8\/revisions\/55"}],"wp:attachment":[{"href":"https:\/\/sisu.ut.ee\/hambaravi3\/wp-json\/wp\/v2\/media?parent=8"}],"curies":[{"name":"wp","href":"https:\/\/api.w.org\/{rel}","templated":true}]}}