{"id":6,"date":"2024-04-03T23:10:28","date_gmt":"2024-04-03T20:10:28","guid":{"rendered":"https:\/\/sisu.ut.ee\/hambaravi3\/3-ettevalmistus\/"},"modified":"2024-04-03T23:10:31","modified_gmt":"2024-04-03T20:10:31","slug":"3-ettevalmistus","status":"publish","type":"page","link":"https:\/\/sisu.ut.ee\/hambaravi3\/3-ettevalmistus\/","title":{"rendered":"3. Ettevalmistus"},"content":{"rendered":"<p style=\"text-align: left\">Ettevalmistusse kuulub sobiva matriitsihoidja ja \u2013riba valimine. Valik s\u00f5ltub ravitavast hambast ning defekti ulatusest ja asukohast. Vaata j\u00e4rgnevaid videoklippe.<\/p>\n<p style=\"text-align: left\">Matriitsihoidja valik\u00a0<\/p>\n<p style=\"text-align: left\"><\/p><div class=\"ratio ratio-16x9 mb-3\"><div class=\"video-placeholder-wrapper video-placeholder-wrapper--16x9\">\n\t\t\t    <div class=\"video-placeholder d-flex justify-content-center align-items-center\">\n\t\t\t        <div class=\"overlay text-white p-2 w-100 text-center d-block justify-content-center align-items-center\">\n\t\t\t            <div>Kolmandate osapoolte sisu n\u00e4gemiseks palun n\u00f5ustu k\u00fcpsistega.<\/div>\n\t\t\t            <button class=\"btn btn-secondary btn-sm mt-1 consent-change\">Muuda n\u00f5usolekut<\/button>\n\t\t\t        <\/div>\n\t\t\t    <\/div>\n\t\t\t<\/div>\n<\/div>\n<p style=\"text-align: left\">Matriitsiriba valik<\/p>\n<p style=\"text-align: left\"><\/p><div class=\"ratio ratio-16x9 mb-3\"><div class=\"video-placeholder-wrapper video-placeholder-wrapper--16x9\">\n\t\t\t    <div class=\"video-placeholder d-flex justify-content-center align-items-center\">\n\t\t\t        <div class=\"overlay text-white p-2 w-100 text-center d-block justify-content-center align-items-center\">\n\t\t\t            <div>Kolmandate osapoolte sisu n\u00e4gemiseks palun n\u00f5ustu k\u00fcpsistega.<\/div>\n\t\t\t            <button class=\"btn btn-secondary btn-sm mt-1 consent-change\">Muuda n\u00f5usolekut<\/button>\n\t\t\t        <\/div>\n\t\t\t    <\/div>\n\t\t\t<\/div>\n<\/div>\n<p style=\"text-align: left\">\n<\/p>","protected":false},"excerpt":{"rendered":"<p>Ettevalmistusse kuulub sobiva matriitsihoidja ja \u2013riba valimine. Valik s\u00f5ltub ravitavast hambast ning defekti ulatusest ja asukohast. Vaata j\u00e4rgnevaid videoklippe. Matriitsihoidja valik\u00a0 Kolmandate osapoolte sisu n\u00e4gemiseks palun n\u00f5ustu k\u00fcpsistega. Muuda n\u00f5usolekut Matriitsiriba valik Kolmandate osapoolte sisu n\u00e4gemiseks palun n\u00f5ustu k\u00fcpsistega. Muuda &#8230;<\/p>\n","protected":false},"author":12,"featured_media":0,"parent":0,"menu_order":0,"comment_status":"closed","ping_status":"closed","template":"","meta":{"_acf_changed":false,"inline_featured_image":false,"footnotes":""},"class_list":["post-6","page","type-page","status-publish","hentry"],"acf":[],"_links":{"self":[{"href":"https:\/\/sisu.ut.ee\/hambaravi3\/wp-json\/wp\/v2\/pages\/6","targetHints":{"allow":["GET"]}}],"collection":[{"href":"https:\/\/sisu.ut.ee\/hambaravi3\/wp-json\/wp\/v2\/pages"}],"about":[{"href":"https:\/\/sisu.ut.ee\/hambaravi3\/wp-json\/wp\/v2\/types\/page"}],"author":[{"embeddable":true,"href":"https:\/\/sisu.ut.ee\/hambaravi3\/wp-json\/wp\/v2\/users\/12"}],"replies":[{"embeddable":true,"href":"https:\/\/sisu.ut.ee\/hambaravi3\/wp-json\/wp\/v2\/comments?post=6"}],"version-history":[{"count":1,"href":"https:\/\/sisu.ut.ee\/hambaravi3\/wp-json\/wp\/v2\/pages\/6\/revisions"}],"predecessor-version":[{"id":39,"href":"https:\/\/sisu.ut.ee\/hambaravi3\/wp-json\/wp\/v2\/pages\/6\/revisions\/39"}],"wp:attachment":[{"href":"https:\/\/sisu.ut.ee\/hambaravi3\/wp-json\/wp\/v2\/media?parent=6"}],"curies":[{"name":"wp","href":"https:\/\/api.w.org\/{rel}","templated":true}]}}