{"id":4,"date":"2024-04-03T23:10:28","date_gmt":"2024-04-03T20:10:28","guid":{"rendered":"https:\/\/sisu.ut.ee\/hambaravi3\/matriitssusteemid\/"},"modified":"2024-04-09T13:53:55","modified_gmt":"2024-04-09T10:53:55","slug":"matriitssusteemid","status":"publish","type":"page","link":"https:\/\/sisu.ut.ee\/hambaravi3\/matriitssusteemid\/","title":{"rendered":"1. Matriitss\u00fcsteemid"},"content":{"rendered":"<p>Matriitss\u00fcsteeme on v\u00e4ga erinevaid, kuid k\u00f5igi nende <strong style=\"font-size: 13px; line-height: 1.6em;\">kasutamise eesm\u00e4rk on sama<\/strong>. Matriitsi kasutatakse t\u00e4idise asetamisel, et moodustada t\u00e4idismaterjali toestuseks <strong style=\"font-size: 13px; line-height: 1.6em;\">ajutine sein<\/strong>, luua <strong style=\"font-size: 13px; line-height: 1.6em;\">kontakt naaberhambaga<\/strong> ja <strong style=\"font-size: 13px; line-height: 1.6em;\">v\u00e4ltida t\u00e4idise \u00fclem\u00e4\u00e4ra<\/strong> <strong style=\"font-size: 13px; line-height: 1.6em;\">teket <\/strong>kohas, kust seda on raske eemaldada. Eelk\u00f5ige vajavad matriitsi kasutamist kontaktpinda haaravad kaviteedid (Blacki II, III ja IV klass).<\/p>\n<p>Enamlevinud s\u00fcsteemid on <strong style=\"line-height: 1.6em;\">hoidjasse kinnitatav matriitsiriba<\/strong> ja neerukujulised <strong style=\"line-height: 1.6em;\">matriitsid, mis fikseeritakse r\u00f5ngaga<\/strong>. Esihammastel eelistatakse <strong style=\"line-height: 1.6em;\">l\u00e4bipaistvast materjalist<\/strong> matriitse. Endale sobiva s\u00fcsteemi leidmine vajab katsetamist ja harjutamist. Oluline ei ole niiv\u00f5rd kasutatav s\u00fcsteem, vaid <strong style=\"line-height: 1.6em;\">\u00f5ige tehnika<\/strong>, mis tagab hea niiskusekontrolli ja v\u00f5imaldab hamba esialgse kuju ja funktsiooni taastamise t\u00e4idismaterjaliga.<\/p>\n<p>Erinevaid matriitss\u00fcsteeme on palju. Valiku l\u00fchitutvustusi leiad lehek\u00fcljelt <a href=\"http:\/\/www.dentalcompare.com\/Restorative-Dentistry\/4630-Dental-Matrices\/#products\" target=\"_blank\" rel=\"noopener\">http:\/\/www.dentalcompare.com\/Restorative-Dentistry\/4630-Dental-Matrices\/#products<\/a>. V\u00f5id proovida\u00a0 Google otsingut, kasutades nt otsingus\u00f5nana`Dental Matrix Systems`<\/p>\n<p>Matriitsi valikul v\u00f5ib abiks olla veebileht. Tutvu erinevate s\u00fcsteemidega nt veebilehel <a href=\"https:\/\/garrisondental.com\/en\" target=\"_blank\" rel=\"noopener\">https:\/\/garrisondental.com\/en<\/a>. Pane t\u00e4hele, kas on erinevusi eesmisete ja tagumiste hammaste matriitside osas ja millised on universaalsed s\u00fcsteemid. Samalt lehelt leiad ka sektsiooni matriitsi valiku soovitustega.<\/p>\n<p class=\"p1\"><\/p><div class=\"accordion mb-3\">\n        <div class=\"accordion-item accordion-item--white\">\n        <h2 class=\"accordion-header\" id=\"accordion-69e0f509e4b6a-heading\">\n            <button class=\"accordion-button collapsed\" type=\"button\" data-bs-toggle=\"collapse\" data-bs-target=\"#accordion-69e0f509e4b6a-collapse\" aria-expanded=\"true\" aria-controls=\"accordion-69e0f509e4b6a-collapse\">Loe lisaks!<\/button>\n        <\/h2>\n        <div id=\"accordion-69e0f509e4b6a-collapse\" class=\"accordion-collapse collapse\" aria-labelledby=\"accordion-69e0f509e4b6a-heading\">\n            <div class=\"accordion-body\">\n<div id=\"accordion\" class=\"accordion\">\n<div>Huvi korral loe artiklit <a href=\"http:\/\/www.tmj.ro\/article.php?art=1638494587124419\" target=\"_blank\" rel=\"noopener\">http:\/\/www.tmj.ro\/article.php?art=1638494587124419<\/a>, kus on kliiniliselt kasutatud erinevaid matriitss\u00fcsteeme. Keskendu kokkuv\u00f5ttele, kus on antud soovitused, millede j\u00e4rgimine aitab saavutada k\u00f5rvalhambaga heas kontaktis oleva korrektse t\u00e4idise valmimist. <\/div>\n        <\/div>\n        <\/div>\n    <\/div><\/div>\n<\/div>\n","protected":false},"excerpt":{"rendered":"<p>Matriitss\u00fcsteeme on v\u00e4ga erinevaid, kuid k\u00f5igi nende kasutamise eesm\u00e4rk on sama. Matriitsi kasutatakse t\u00e4idise asetamisel, et moodustada t\u00e4idismaterjali toestuseks ajutine sein, luua kontakt naaberhambaga ja v\u00e4ltida t\u00e4idise \u00fclem\u00e4\u00e4ra teket kohas, kust seda on raske eemaldada. Eelk\u00f5ige vajavad matriitsi kasutamist kontaktpinda &#8230;<\/p>\n","protected":false},"author":12,"featured_media":0,"parent":0,"menu_order":0,"comment_status":"closed","ping_status":"closed","template":"","meta":{"_acf_changed":false,"inline_featured_image":false,"footnotes":""},"class_list":["post-4","page","type-page","status-publish","hentry"],"acf":[],"_links":{"self":[{"href":"https:\/\/sisu.ut.ee\/hambaravi3\/wp-json\/wp\/v2\/pages\/4","targetHints":{"allow":["GET"]}}],"collection":[{"href":"https:\/\/sisu.ut.ee\/hambaravi3\/wp-json\/wp\/v2\/pages"}],"about":[{"href":"https:\/\/sisu.ut.ee\/hambaravi3\/wp-json\/wp\/v2\/types\/page"}],"author":[{"embeddable":true,"href":"https:\/\/sisu.ut.ee\/hambaravi3\/wp-json\/wp\/v2\/users\/12"}],"replies":[{"embeddable":true,"href":"https:\/\/sisu.ut.ee\/hambaravi3\/wp-json\/wp\/v2\/comments?post=4"}],"version-history":[{"count":2,"href":"https:\/\/sisu.ut.ee\/hambaravi3\/wp-json\/wp\/v2\/pages\/4\/revisions"}],"predecessor-version":[{"id":52,"href":"https:\/\/sisu.ut.ee\/hambaravi3\/wp-json\/wp\/v2\/pages\/4\/revisions\/52"}],"wp:attachment":[{"href":"https:\/\/sisu.ut.ee\/hambaravi3\/wp-json\/wp\/v2\/media?parent=4"}],"curies":[{"name":"wp","href":"https:\/\/api.w.org\/{rel}","templated":true}]}}