{"id":3,"date":"2024-04-03T23:10:28","date_gmt":"2024-04-03T20:10:28","guid":{"rendered":"https:\/\/sisu.ut.ee\/hambaravi3\/avaleht\/"},"modified":"2024-04-11T16:15:56","modified_gmt":"2024-04-11T13:15:56","slug":"avaleht","status":"publish","type":"page","link":"https:\/\/sisu.ut.ee\/hambaravi3\/","title":{"rendered":"Avaleht"},"content":{"rendered":"<p><img loading=\"lazy\" decoding=\"async\" width=\"345\" height=\"267\" class=\"alignnone wp-image-10\" style=\"float: right; margin-left: 5px; margin-right: 5px;\" title=\"matriits001.jpg\" src=\"https:\/\/sisu.ut.ee\/wp-content\/uploads\/sites\/21\/matriits001.jpg\" alt=\"matriits001.jpg\" srcset=\"https:\/\/sisu.ut.ee\/wp-content\/uploads\/sites\/21\/matriits001.jpg 345w, https:\/\/sisu.ut.ee\/wp-content\/uploads\/sites\/21\/matriits001-300x232.jpg 300w\" sizes=\"auto, (max-width: 345px) 100vw, 345px\">Hambaarsti\u00f5pingute oluline osa on hammaste restauratiivne taastamine ehk kaariesest tingitud kahjustuste parandamine t\u00e4idismaterjalidega. Eelneval kursusel oled sa omandanud teoreetilised teadmised N\u00fc\u00fcd alustad sa patsientide hammaste ravimist ja on aeg teooria rakendada praktikasse. Korrektse hambat\u00e4idise valmistamiseks on vahel vajalik kasutada abivahendeid. Neist levinumad on matriitssusteemid.<\/p>\n<p>\u00d5piobjekt <strong>\u2018Matriitsi asetamine hambale\u2019\u00a0<\/strong>on m\u00f5eldud sulle iseseisvaks l\u00e4bimiseks. Loe l\u00e4bi \u00f5ppematerjalid, vaata videosid ja p\u00fc\u00fca vastata k\u00fcsimustele, mis aitavad sul materjali omandamist hinnata. Aega kogu materjali l\u00e4bimiseks kulub umbes neli tundi.\u00a0<\/p>\n<p>Materjali eduka omandamise j\u00e4rgselt m\u00f5istad ja oskad visualiseerida matriitss\u00fcsteemi kasutamise erinevaid etappe. Head praktiseerimist!<\/p>\n<p>Riina Runnel<br>Tartu \u00dclikooli stomatoloogia kliiniku<br>suu- ja hambahaiguste \u00f5ppej\u00f5ud\u00a0<br><a href=\"mailto:riina.runnel@ut.ee\">riina.runnel@ut.ee<\/a><\/p>\n<p><span style=\"font-size: x-small;\">Pildi allikas:\u00a0<a style=\"line-height: 1.6em;\" href=\"http:\/\/practicon.com\/product.aspx?id=40427\" target=\"_blank\" rel=\"noopener\">http:\/\/practicon.com\/product.aspx?id=40427<\/a><\/span><\/p>\n\n\n<figure class=\"wp-block-image aligncenter size-full\"><img loading=\"lazy\" decoding=\"async\" width=\"185\" height=\"102\" src=\"https:\/\/sisu.ut.ee\/wp-content\/uploads\/sites\/21\/esf185.jpg\" alt=\"\" class=\"wp-image-16\"><\/figure>\n\n\n\n<p class=\"has-extra-small-font-size\">K\u00e4esolev \u00f5piobjekt on autorikaitse all vastavalt Eesti Vabariigi autori\u00f5iguse seadusele. \u00d5piobjekti varalised \u00f5igused kuuluvad Tartu \u00dclikoolile. \u00d5piobjekti on lubatud reprodutseerida, levitada ja avalikult esitada ainult \u00f5piotstarbel kui tervikut, va refereerimine ja tsiteerimine motiveeritud mahus. \u00d5piobjekti ei ole lubatud kasutada kommertseesm\u00e4rgil. \u00d5piobjekti igakordsel kasutamisel on kasutaja kohustatud viitama \u00f5piobjekti autorile. \u00d5piobjekti pole lubatud muuta ega t\u00e4iendada.<\/p>\n","protected":false},"excerpt":{"rendered":"<p>Hambaarsti\u00f5pingute oluline osa on hammaste restauratiivne taastamine ehk kaariesest tingitud kahjustuste parandamine t\u00e4idismaterjalidega. Eelneval kursusel oled sa omandanud teoreetilised teadmised N\u00fc\u00fcd alustad sa patsientide hammaste ravimist ja on aeg teooria rakendada praktikasse. Korrektse hambat\u00e4idise valmistamiseks on vahel vajalik kasutada abivahendeid. &#8230;<\/p>\n","protected":false},"author":12,"featured_media":0,"parent":0,"menu_order":0,"comment_status":"closed","ping_status":"closed","template":"","meta":{"_acf_changed":false,"inline_featured_image":false,"footnotes":""},"class_list":["post-3","page","type-page","status-publish","hentry"],"acf":[],"_links":{"self":[{"href":"https:\/\/sisu.ut.ee\/hambaravi3\/wp-json\/wp\/v2\/pages\/3","targetHints":{"allow":["GET"]}}],"collection":[{"href":"https:\/\/sisu.ut.ee\/hambaravi3\/wp-json\/wp\/v2\/pages"}],"about":[{"href":"https:\/\/sisu.ut.ee\/hambaravi3\/wp-json\/wp\/v2\/types\/page"}],"author":[{"embeddable":true,"href":"https:\/\/sisu.ut.ee\/hambaravi3\/wp-json\/wp\/v2\/users\/12"}],"replies":[{"embeddable":true,"href":"https:\/\/sisu.ut.ee\/hambaravi3\/wp-json\/wp\/v2\/comments?post=3"}],"version-history":[{"count":2,"href":"https:\/\/sisu.ut.ee\/hambaravi3\/wp-json\/wp\/v2\/pages\/3\/revisions"}],"predecessor-version":[{"id":59,"href":"https:\/\/sisu.ut.ee\/hambaravi3\/wp-json\/wp\/v2\/pages\/3\/revisions\/59"}],"wp:attachment":[{"href":"https:\/\/sisu.ut.ee\/hambaravi3\/wp-json\/wp\/v2\/media?parent=3"}],"curies":[{"name":"wp","href":"https:\/\/api.w.org\/{rel}","templated":true}]}}