{"id":8,"date":"2024-04-03T23:10:22","date_gmt":"2024-04-03T20:10:22","guid":{"rendered":"https:\/\/sisu.ut.ee\/hambaravi2\/14-kaltsiumhudroksiid\/"},"modified":"2024-04-09T13:31:37","modified_gmt":"2024-04-09T10:31:37","slug":"14-kaltsiumhudroksiid","status":"publish","type":"page","link":"https:\/\/sisu.ut.ee\/hambaravi2\/14-kaltsiumhudroksiid\/","title":{"rendered":"1.4. Kaltsiumh\u00fcdroksiid"},"content":{"rendered":"<p><strong><img loading=\"lazy\" decoding=\"async\" class=\"alignnone wp-image-27\" style=\"margin-left: auto; margin-right: auto;\" title=\"calc_hyd.jpg\" src=\"https:\/\/sisu.ut.ee\/wp-content\/uploads\/sites\/20\/calc_hyd.jpg\" alt=\"calc_hyd.jpg\" width=\"91\" height=\"32\">\u00a0<\/strong><\/p>\n<p><strong>Kaltsiumh\u00fcdroksiidi<\/strong> head <strong>omadused p\u00f5letiku raviks <\/strong>on hambaravis teada juba ligemale kaks sajandit. Laiealdasemalt kasutamist leidis see aine alates 1930ndatest aastatest, mil Saksa hambaarst Horman kaltsiumh\u00fcdroksiidiga laialdasemalt katsetusi ja uurimusi tegi.<\/p>\n<p>1990. aastal leiti, et kaltsiumh\u00fcdroksiidi tuleb toota, pakendada ja s\u00e4ilitada <strong>steriilsetes tingimustes vaakumpakendis<\/strong>. V\u00e4ga oluline on <strong>kaitsta kaltsiumh\u00fcdroksiidi kuivamise ja \u00f5huga kokkupuute eest<\/strong>. \u00d5huga kokkupuutudes seostub kaltsium s\u00fcsinikuga ja muutub kaltsiumkarbonaadiks, millel ravivad omadused puuduvad. Vee lisamine ainele <strong>ei taasta <\/strong>selle pH-d ega endiseid raviomadusi.<\/p>\n<p>Kaltsiumh\u00fcdroksiidi kiire ja tugeva efekti p\u00f5hjuseks on tema <strong>k\u00f5rge pH<\/strong> v\u00e4\u00e4rtus (ligemale 12,5). Sellises keskkonnas hukkuvad mikoorganismid kiiresti.<\/p>\n<p>Peamine kaltsiumh\u00fcdroksiidi kasutusala on <strong>juureravi<\/strong>. Aine tugevate osteogeneetiliste ehk luu taasteket soodustavate omaduste t\u00f5ttu kasutatakse seda veel kirurgias, parodontoloogilises ja restauratiivses ravis, aga v\u00e4hesemal m\u00e4\u00e4ral.<\/p>\n<p>Restauratiivses hambaravis kasutatakse steriilset kaltsiumh\u00fcdroksiidi <strong>s\u00fcgava karioosse kahjustuse korral pulbi kaitseks<\/strong> v\u00f5i <strong>traumaatiliselt avanenud pulbi\u00f5\u00f5ne puhul ravivahendina<\/strong>. Tingimuseks on eelnevalt p\u00f5letikuliste muutuste puudumine pulbikoes ning steriilne kaviteet ja kaltsiumh\u00fcdroksiid.<\/p>\n<p>Kaltsiumh\u00fcdroksiid on <strong>tugevalt aluseline (pH=12,5)<\/strong>. See <strong>soodustab dentiinikanalite kaltsifikatsiooni<\/strong>. Pulbi\u00f5\u00f5nepoolselt moodustub <strong>sekundaarne dentiin<\/strong>.<\/p>\n<p>Oma tugeva aluselisuse t\u00f5ttu p\u00f5hjustab otseselt pulbikoele aplitseeritud kaltsiumh\u00fcdroksiidpasta pulbi pindmiste kihtide nekroosi. Steriilse keskkonna puhul p\u00f5hjustab d\u00fcstroofiline protsess pulbikoe kaitsereaktsiooni, mille tulemusena algab aktiivne kollageeni s\u00fcntees. Kollageenkiud mineraliseeruvad ja areneb sekundaarne dentiin. See <strong>protsess kestab keskmiselt 3 kuud.<\/strong><\/p>\n<p>Kaltsiumh\u00fcdroksiidil <strong>puudub mehhaaniline vastupidavus ja adhesioon hambakudedega. <\/strong>Seda ainet kasutatakse ainult piiratud alal pulbi projektsioonil v\u00f5i v\u00e4iksema perforatsiooniala katmiseks. Enne happe ja\/v\u00f5i t\u00e4idismaterjali asetamist peab aluskiht olema <strong>t\u00e4ielikult k\u00f5vastunud<\/strong> v\u00f5i valguslambiga pol\u00fcmeriseeritud. V\u00f5imalusel <strong>v\u00e4ltida otsest happe aplitseerimist kaltsiumh\u00fcdroksiidile,<\/strong> sest hape s\u00f6\u00f6vitab materjali.<\/p>\n<p><\/p><div class=\"accordion mb-3\">\n        <div class=\"accordion-item accordion-item--white\">\n        <h2 class=\"accordion-header\" id=\"accordion-69e12be86a88e-heading\">\n            <button class=\"accordion-button collapsed\" type=\"button\" data-bs-toggle=\"collapse\" data-bs-target=\"#accordion-69e12be86a88e-collapse\" aria-expanded=\"true\" aria-controls=\"accordion-69e12be86a88e-collapse\">Kas nii k\u00f5rge pH-ga (pH ligi 12,5) materjal ei kahjusta pulbikude?<\/button>\n        <\/h2>\n        <div id=\"accordion-69e12be86a88e-collapse\" class=\"accordion-collapse collapse\" aria-labelledby=\"accordion-69e12be86a88e-heading\">\n            <div class=\"accordion-body\">Pulpi ei kahjusta mitte niiv\u00f5rd kasutatav (t\u00e4idis)materjal, kuiv\u00f5rd bakterid, kes satuvad sinna l\u00e4bi lekkivate t\u00e4idiste puuduliku \u00e4\u00e4resulu korral.<\/div>\n        <\/div>\n        <\/div>\n    <\/div>\n","protected":false},"excerpt":{"rendered":"<p>\u00a0 Kaltsiumh\u00fcdroksiidi head omadused p\u00f5letiku raviks on hambaravis teada juba ligemale kaks sajandit. Laiealdasemalt kasutamist leidis see aine alates 1930ndatest aastatest, mil Saksa hambaarst Horman kaltsiumh\u00fcdroksiidiga laialdasemalt katsetusi ja uurimusi tegi. 1990. aastal leiti, et kaltsiumh\u00fcdroksiidi tuleb toota, pakendada ja &#8230;<\/p>\n","protected":false},"author":12,"featured_media":0,"parent":0,"menu_order":0,"comment_status":"closed","ping_status":"closed","template":"","meta":{"_acf_changed":false,"inline_featured_image":false,"footnotes":""},"class_list":["post-8","page","type-page","status-publish","hentry"],"acf":[],"_links":{"self":[{"href":"https:\/\/sisu.ut.ee\/hambaravi2\/wp-json\/wp\/v2\/pages\/8","targetHints":{"allow":["GET"]}}],"collection":[{"href":"https:\/\/sisu.ut.ee\/hambaravi2\/wp-json\/wp\/v2\/pages"}],"about":[{"href":"https:\/\/sisu.ut.ee\/hambaravi2\/wp-json\/wp\/v2\/types\/page"}],"author":[{"embeddable":true,"href":"https:\/\/sisu.ut.ee\/hambaravi2\/wp-json\/wp\/v2\/users\/12"}],"replies":[{"embeddable":true,"href":"https:\/\/sisu.ut.ee\/hambaravi2\/wp-json\/wp\/v2\/comments?post=8"}],"version-history":[{"count":2,"href":"https:\/\/sisu.ut.ee\/hambaravi2\/wp-json\/wp\/v2\/pages\/8\/revisions"}],"predecessor-version":[{"id":97,"href":"https:\/\/sisu.ut.ee\/hambaravi2\/wp-json\/wp\/v2\/pages\/8\/revisions\/97"}],"wp:attachment":[{"href":"https:\/\/sisu.ut.ee\/hambaravi2\/wp-json\/wp\/v2\/media?parent=8"}],"curies":[{"name":"wp","href":"https:\/\/api.w.org\/{rel}","templated":true}]}}