{"id":7,"date":"2024-04-03T23:10:22","date_gmt":"2024-04-03T20:10:22","guid":{"rendered":"https:\/\/sisu.ut.ee\/hambaravi2\/13-kasutamise-naidustus\/"},"modified":"2024-04-03T23:10:27","modified_gmt":"2024-04-03T20:10:27","slug":"13-kasutamise-naidustus","status":"publish","type":"page","link":"https:\/\/sisu.ut.ee\/hambaravi2\/13-kasutamise-naidustus\/","title":{"rendered":"1.3. Kasutamise n\u00e4idustus"},"content":{"rendered":"<p>Pulpi kaitsva\u00a0<strong>materjali valik\u00a0<\/strong>s\u00f5ltub\u00a0<strong>kaviteedi kujust ja s\u00fcgavusest<\/strong>\u00a0ning\u00a0<strong>pulbi haaratusest<\/strong>\u00a0ja selle\u00a0<strong>ulatusest<\/strong>.<\/p>\n<p>Kui kaviteedi p\u00f5hi ulatub pulbi\u00f5\u00f5ne vahetusse l\u00e4hedusse (alles j\u00e4\u00e4va<strong>\u00a0dentiinikihi paksus on alla 1 mm<\/strong>), siis on parimaks valikuks\u00a0<strong>kaltsiumh\u00fcdroksiid<\/strong>.<\/p>\n<p>Kui kaviteeet ei ole v\u00e4ga s\u00fcgav ja\u00a0<strong>dentiinikihi paksus on 1-2 mm<\/strong>, siis sobib <strong>tsinkoksiideugenool<\/strong>.<\/p>\n<p>Kui dentiinikihi paksus, mis eraldab pulbi\u00f5\u00f5nt kaviteedi s\u00fcgavamast kohast, on <strong>enam kui 2 mm<\/strong>, siis <strong>ei ole <\/strong>pulbi kaitseks eraldi\u00a0<strong>isoleerivat materjali\u00a0<\/strong><strong>vaja\u00a0<\/strong><strong>kasutada<\/strong>.<\/p>\n<p>Tsinkoksiideugenool ja kaltsiumh\u00fcdroksiid taluvad m\u00f5lemad t\u00e4idismaterjali survet, kui nende paksus on 0,5 mm.<strong style=\"line-height: 1.6em\">\u00a0Soovitatav isoleerkihi paksus\u00a0<\/strong>v\u00f5iks j\u00e4\u00e4da vahemikku\u00a0<strong style=\"line-height: 1.6em\">0,2-1 mm<\/strong>.<\/p>\n<p>S\u00fcgavamas kaviteedis peaks\u00a0<strong>parema vastupidavuse<\/strong>\u00a0saavutamiseks isoleermaterjali katma tugevama materjaliga nagu n\u00e4iteks tsinkfosfaadi v\u00f5i\u00a0<strong>klaasionomeertsemendiga.<\/strong><\/p>\n<table class=\"table table-hover\" border=\"0\" align=\"center\">\n<tbody>\n<tr>\n<td><img loading=\"lazy\" decoding=\"async\" width=\"800\" height=\"774\" class=\"alignnone wp-image-25\" src=\"https:\/\/sisu.ut.ee\/wp-content\/uploads\/sites\/20\/001.jpg\" title=\"001.jpg\" alt=\"001.jpg\" srcset=\"https:\/\/sisu.ut.ee\/wp-content\/uploads\/sites\/20\/001.jpg 800w, https:\/\/sisu.ut.ee\/wp-content\/uploads\/sites\/20\/001-300x290.jpg 300w, https:\/\/sisu.ut.ee\/wp-content\/uploads\/sites\/20\/001-768x743.jpg 768w\" sizes=\"auto, (max-width: 800px) 100vw, 800px\"><\/td>\n<td><img loading=\"lazy\" decoding=\"async\" width=\"800\" height=\"1216\" class=\"alignnone wp-image-26\" src=\"https:\/\/sisu.ut.ee\/wp-content\/uploads\/sites\/20\/002.jpg\" title=\"002.jpg\" alt=\"002.jpg\" srcset=\"https:\/\/sisu.ut.ee\/wp-content\/uploads\/sites\/20\/002.jpg 800w, https:\/\/sisu.ut.ee\/wp-content\/uploads\/sites\/20\/002-197x300.jpg 197w, https:\/\/sisu.ut.ee\/wp-content\/uploads\/sites\/20\/002-674x1024.jpg 674w, https:\/\/sisu.ut.ee\/wp-content\/uploads\/sites\/20\/002-768x1167.jpg 768w\" sizes=\"auto, (max-width: 800px) 100vw, 800px\"><\/td>\n<\/tr>\n<\/tbody>\n<\/table>\n<p style=\"text-align: center\"><em>Esimesel fotol on kaviteedi keskel, kahe tumedamalt v\u00e4rvunud osa vahel t\u00e4pikujuline pulbisarve perforatsioon. J\u00e4rgmisel fotol on perforatsioon kaetud kaltsiumh\u00fcdroksiidiga.\u00a0<a href=\"http:\/\/www.dentalindia.com\/pec.html\" target=\"_blank\" rel=\"noopener\">http:\/\/www.dentalindia.com\/pec.html<\/a><\/em><\/p>\n","protected":false},"excerpt":{"rendered":"<p>Pulpi kaitsva\u00a0materjali valik\u00a0s\u00f5ltub\u00a0kaviteedi kujust ja s\u00fcgavusest\u00a0ning\u00a0pulbi haaratusest\u00a0ja selle\u00a0ulatusest. Kui kaviteedi p\u00f5hi ulatub pulbi\u00f5\u00f5ne vahetusse l\u00e4hedusse (alles j\u00e4\u00e4va\u00a0dentiinikihi paksus on alla 1 mm), siis on parimaks valikuks\u00a0kaltsiumh\u00fcdroksiid. Kui kaviteeet ei ole v\u00e4ga s\u00fcgav ja\u00a0dentiinikihi paksus on 1-2 mm, siis sobib tsinkoksiideugenool. &#8230;<\/p>\n","protected":false},"author":12,"featured_media":0,"parent":0,"menu_order":0,"comment_status":"closed","ping_status":"closed","template":"","meta":{"_acf_changed":false,"inline_featured_image":false,"footnotes":""},"class_list":["post-7","page","type-page","status-publish","hentry"],"acf":[],"_links":{"self":[{"href":"https:\/\/sisu.ut.ee\/hambaravi2\/wp-json\/wp\/v2\/pages\/7","targetHints":{"allow":["GET"]}}],"collection":[{"href":"https:\/\/sisu.ut.ee\/hambaravi2\/wp-json\/wp\/v2\/pages"}],"about":[{"href":"https:\/\/sisu.ut.ee\/hambaravi2\/wp-json\/wp\/v2\/types\/page"}],"author":[{"embeddable":true,"href":"https:\/\/sisu.ut.ee\/hambaravi2\/wp-json\/wp\/v2\/users\/12"}],"replies":[{"embeddable":true,"href":"https:\/\/sisu.ut.ee\/hambaravi2\/wp-json\/wp\/v2\/comments?post=7"}],"version-history":[{"count":1,"href":"https:\/\/sisu.ut.ee\/hambaravi2\/wp-json\/wp\/v2\/pages\/7\/revisions"}],"predecessor-version":[{"id":65,"href":"https:\/\/sisu.ut.ee\/hambaravi2\/wp-json\/wp\/v2\/pages\/7\/revisions\/65"}],"wp:attachment":[{"href":"https:\/\/sisu.ut.ee\/hambaravi2\/wp-json\/wp\/v2\/media?parent=7"}],"curies":[{"name":"wp","href":"https:\/\/api.w.org\/{rel}","templated":true}]}}