{"id":6,"date":"2024-04-03T23:10:22","date_gmt":"2024-04-03T20:10:22","guid":{"rendered":"https:\/\/sisu.ut.ee\/hambaravi2\/12-nouded-materjalile\/"},"modified":"2024-04-09T13:26:10","modified_gmt":"2024-04-09T10:26:10","slug":"12-nouded-materjalile","status":"publish","type":"page","link":"https:\/\/sisu.ut.ee\/hambaravi2\/12-nouded-materjalile\/","title":{"rendered":"1.2. N\u00f5uded materjalile"},"content":{"rendered":"<p><strong>N\u00f5uded<\/strong> pulbi isoleerimiseks kasutatavatele materjalidele:<\/p>\n<ul>\n<li>Valitud materjal peab <strong>moodustama mittel\u00e4bilaskva kihi<\/strong> avatud dentiinituubulitele<\/li>\n<li>Kasutatav materjal peab olema <strong>biosobiv <\/strong><\/li>\n<li>Materjal peab <strong>keemiliselt sobima ja \u00fchilduma<\/strong> kasutatava restauratiivse <strong>t\u00e4idismaterjaliga<\/strong><\/li>\n<li>Materjal <strong>ei tohi v\u00e4rvida<\/strong> hambakude<\/li>\n<li>Pulbi isoleerimiseks kasutatav materjal peab <strong>kiiresti k\u00f5vastuma<\/strong>, et v\u00f5imaldada sellele edaspidist restauratiivse materjali asetamist<\/li>\n<li>Materjal peab <strong>taluma <\/strong>restauratiivsele t\u00e4idismaterjalile avaldatavat <strong>kondenseerimis(ehk<\/strong> <strong>topeldamis)j\u00f5udu<\/strong><\/li>\n<li>Isoleeriv materjal peab <strong>v\u00e4hendama dentiini l\u00e4bilaskvust<\/strong><\/li>\n<li>Materjal peab olema <strong>kergesti kasutatav <\/strong>ja t\u00f6\u00f6deldav.<\/li>\n<\/ul>\n<p>Pulbi kaitsmiseks kasutatavad materjalid peavad olema sobiva paksusega, et tagada t\u00e4idise p\u00fcsivus ja vastupanu.<\/p>\n<p><strong>Varasemalt<\/strong> kasutati pulbi katmisel laialdaselt<strong> tsinkoksiideugenooli<\/strong>. S\u00fcgava kaviteedi ja traumaatiliselt avanenud pulbi\u00f5\u00f5ne puhul on pulbi kaitsmise <strong>esmaseks valikuks<\/strong> pikka aega olnud <strong>kaltsiumh\u00fcdroksiid<\/strong>. N\u00fc\u00fcdseks on tulnud juurde <strong>uusi,<\/strong> paljulubavaid tulemusi n\u00e4idanud materjale <strong>(MTA, biodentiin)<\/strong>, mille pikemaaegseid kliinilisi tulemusi huviga j\u00e4lgitakse.<\/p>\n<p><\/p><div class=\"accordion mb-3\">\n        <div class=\"accordion-item accordion-item--white\">\n        <h2 class=\"accordion-header\" id=\"accordion-69e0a037f415f-heading\">\n            <button class=\"accordion-button collapsed\" type=\"button\" data-bs-toggle=\"collapse\" data-bs-target=\"#accordion-69e0a037f415f-collapse\" aria-expanded=\"true\" aria-controls=\"accordion-69e0a037f415f-collapse\">Millised n\u00f5uded, mida esitatakse pulpi isoleerivatele ainetele, v\u00f5iksid olla k\u00f5ige olulisemad?<\/button>\n        <\/h2>\n        <div id=\"accordion-69e0a037f415f-collapse\" class=\"accordion-collapse collapse\" aria-labelledby=\"accordion-69e0a037f415f-heading\">\n            <div class=\"accordion-body\">Igal materjalil on m\u00f5ningaid puuduseid. K\u00f5ige olulisem on pulbi kahjustamise v\u00e4ltimine \u2013 isoleeriv materjal ei tohi p\u00f5hjustada pulbikoele lisakahjustust v\u00f5i \u00e4rritust.<\/div>\n        <\/div>\n        <\/div>\n    <\/div>\n","protected":false},"excerpt":{"rendered":"<p>N\u00f5uded pulbi isoleerimiseks kasutatavatele materjalidele: Valitud materjal peab moodustama mittel\u00e4bilaskva kihi avatud dentiinituubulitele Kasutatav materjal peab olema biosobiv Materjal peab keemiliselt sobima ja \u00fchilduma kasutatava restauratiivse t\u00e4idismaterjaliga Materjal ei tohi v\u00e4rvida hambakude Pulbi isoleerimiseks kasutatav materjal peab kiiresti k\u00f5vastuma, et &#8230;<\/p>\n","protected":false},"author":12,"featured_media":0,"parent":0,"menu_order":0,"comment_status":"closed","ping_status":"closed","template":"","meta":{"_acf_changed":false,"inline_featured_image":false,"footnotes":""},"class_list":["post-6","page","type-page","status-publish","hentry"],"acf":[],"_links":{"self":[{"href":"https:\/\/sisu.ut.ee\/hambaravi2\/wp-json\/wp\/v2\/pages\/6","targetHints":{"allow":["GET"]}}],"collection":[{"href":"https:\/\/sisu.ut.ee\/hambaravi2\/wp-json\/wp\/v2\/pages"}],"about":[{"href":"https:\/\/sisu.ut.ee\/hambaravi2\/wp-json\/wp\/v2\/types\/page"}],"author":[{"embeddable":true,"href":"https:\/\/sisu.ut.ee\/hambaravi2\/wp-json\/wp\/v2\/users\/12"}],"replies":[{"embeddable":true,"href":"https:\/\/sisu.ut.ee\/hambaravi2\/wp-json\/wp\/v2\/comments?post=6"}],"version-history":[{"count":3,"href":"https:\/\/sisu.ut.ee\/hambaravi2\/wp-json\/wp\/v2\/pages\/6\/revisions"}],"predecessor-version":[{"id":95,"href":"https:\/\/sisu.ut.ee\/hambaravi2\/wp-json\/wp\/v2\/pages\/6\/revisions\/95"}],"wp:attachment":[{"href":"https:\/\/sisu.ut.ee\/hambaravi2\/wp-json\/wp\/v2\/media?parent=6"}],"curies":[{"name":"wp","href":"https:\/\/api.w.org\/{rel}","templated":true}]}}