{"id":5,"date":"2024-04-03T23:10:22","date_gmt":"2024-04-03T20:10:22","guid":{"rendered":"https:\/\/sisu.ut.ee\/hambaravi2\/11-sissejuhatus\/"},"modified":"2024-04-09T13:23:16","modified_gmt":"2024-04-09T10:23:16","slug":"11-sissejuhatus","status":"publish","type":"page","link":"https:\/\/sisu.ut.ee\/hambaravi2\/11-sissejuhatus\/","title":{"rendered":"1.1. Sissejuhatus"},"content":{"rendered":"<p>Pulbi kaitsmine on \u00fcks preparatsioonietappidest. Siia alla kuulub palju erinevaid v\u00f5imalusi, kuid\u00a0<strong>eesm\u00e4rk\u00a0<\/strong>on \u00fcks ja seesama\u00a0\u2013<strong>\u00a0kaitsta pulpi\u00a0<\/strong>v\u00f5i\u00a0<strong>aidata kaasa pulbikoe taastumisele<\/strong>\u00a0v\u00f5i m\u00f5lemad eesm\u00e4rgid samaaegselt.<\/p>\n<p><strong>Pulbikude \u00e4rritavad<\/strong>\u00a0mitmesugused tegurid:<\/p>\n<ul>\n<li>Prepareerimine<\/li>\n<li>Restauratsioonimaterjali koostisosad<\/li>\n<li>Termilised m\u00f5jutused restrauratiivse materjali kaudu v\u00f5i t\u00f5ttu<\/li>\n<li>Dentiini m\u00f5jutavad l\u00e4bi materjali \u00fclekanduvad j\u00f5ud<\/li>\n<li>Galvaaniline \u0161okk<\/li>\n<li>L\u00e4bi mikrolekke pulpi p\u00e4\u00e4sevad toksilised ained<\/li>\n<\/ul>\n<p>Peamiseid v\u00f5imalusi pulbi\u00a0<strong>m\u00f5jutuste v\u00e4ltimiseks<\/strong>\u00a0on\u00a0<strong>dentiinituubulite sulgemine<\/strong>\u00a0dentiiniga seostuva(te) aine(te)ga. Dentiinikanalite sulgemist soovitatakse eri t\u00fc\u00fcpi t\u00e4idismaterjalide kasutamisel, eriti s\u00fcgavas kaviteedis.<\/p>\n<p><strong>Restauratiivse t\u00e4idismaterjali alla\u00a0<\/strong>v\u00f5ib pulbi kaitseks asetada\u00a0<strong>pulpi isoleeriva materjali, alusmaterjali v\u00f5i m\u00f5lemad.\u00a0<\/strong><\/p>\n<p><\/p><div class=\"accordion mb-3\">\n        <div class=\"accordion-item accordion-item--white\">\n        <h2 class=\"accordion-header\" id=\"accordion-69ffc22986a42-heading\">\n            <button class=\"accordion-button collapsed\" type=\"button\" data-bs-toggle=\"collapse\" data-bs-target=\"#accordion-69ffc22986a42-collapse\" aria-expanded=\"true\" aria-controls=\"accordion-69ffc22986a42-collapse\">Loe lisaks!<\/button>\n        <\/h2>\n        <div id=\"accordion-69ffc22986a42-collapse\" class=\"accordion-collapse collapse\" aria-labelledby=\"accordion-69ffc22986a42-heading\">\n            <div class=\"accordion-body\">Alusmaterjalidest on v\u00f5imalik p\u00f5hjalikumalt lugeda \u00f5ppematerjalist \u2018<a href=\"http:\/\/sisu.ut.ee\/hambaravi2\/2-klaasionomeertsementt%C3%A4idise-segamine\" target=\"_blank\" rel=\"noopener\">Klaasionomeertsementt\u00e4idise segamine<\/a>\u2018. Tutvu sealse \u00f5ppematerjaliga.\u00a0<\/div>\n        <\/div>\n        <\/div>\n    <\/div>\n<p>K\u00e4esolev materjal keskendub\u00a0<strong style=\"line-height: 1.6em;\">pulbi kaitsmiseks ja isoleerimiseks kasutatavatele materjalidele<\/strong>ja\u00a0<strong style=\"line-height: 1.6em;\">tehnikale<\/strong>. Algaja jaoks muudab valikute tegemise keerulisemaks asjaolu, et \u00fchest reeglit pulbi isoleerimisel ei ole. J\u00e4rgnev \u00f5ppematerjal aitab m\u00f5ist miks, millal, milliseid ja kuidas isoleerivaid materjale kasutada. Igal hambaarstil kujuneb aja jooksul v\u00e4lja oma t\u00f6\u00f6stiil.<\/p>\n<p><img loading=\"lazy\" decoding=\"async\" width=\"512\" height=\"410\" class=\"alignnone wp-image-23 aligncenter\" style=\"margin-left: auto; margin-right: auto;\" title=\"007.png\" src=\"https:\/\/sisu.ut.ee\/wp-content\/uploads\/sites\/20\/007.png\" alt=\"007.png\" srcset=\"https:\/\/sisu.ut.ee\/wp-content\/uploads\/sites\/20\/007.png 512w, https:\/\/sisu.ut.ee\/wp-content\/uploads\/sites\/20\/007-300x240.png 300w\" sizes=\"auto, (max-width: 512px) 100vw, 512px\"><\/p>\n<p style=\"text-align: center;\"><em>R\u00f6ntgen\u00fclesv\u00f5ttel n\u00e4ed kahte ulatusliku kaariesega molaari. Kolmandal molaaril (foto parempoolses \u00e4\u00e4res) on n\u00e4ha juure tipu \u00fcmber varjustus, mis viitab sellele, et p\u00f5letik on j\u00f5udnud hamba tugikudedesse. Selline hammas vajab kindlasti juureravi v\u00f5i ekstraktsiooni. Teisel molaaril (foto keskel) periodondis r\u00f6ntgenoloogiliselt n\u00e4htavaid muutuseid ei ole. Kui hammas on vitaalne ja kaebuseid ei ole p\u00f5hjustanud, v\u00f5ib proovida pulbi katmist kaltsiumh\u00fcdroksiidi v\u00f5i m\u00f5ne muu sobiva ainega.\u00a0<\/em><em style=\"line-height: 1.6em;\"><a href=\"http:\/\/openi.nlm.nih.gov\/detailedresult.php?img=2848811_JCD-12-31-g001&amp;req=4\" target=\"_blank\" rel=\"noopener\">http:\/\/openi.nlm.nih.gov\/detailedresult.php?img=2848811_JCD-12-31-g001&amp;req=4<\/a><\/em><\/p>\n<p style=\"text-align: center;\"><img loading=\"lazy\" decoding=\"async\" width=\"320\" height=\"240\" class=\"alignnone wp-image-24\" style=\"margin-left: auto; margin-right: auto;\" title=\"003.jpg\" src=\"https:\/\/sisu.ut.ee\/wp-content\/uploads\/sites\/20\/003.jpg\" alt=\"003.jpg\" srcset=\"https:\/\/sisu.ut.ee\/wp-content\/uploads\/sites\/20\/003.jpg 320w, https:\/\/sisu.ut.ee\/wp-content\/uploads\/sites\/20\/003-300x225.jpg 300w\" sizes=\"auto, (max-width: 320px) 100vw, 320px\"><\/p>\n<p style=\"text-align: center;\"><em>Fotol on n\u00e4ha kaviteedi aksiaalsesse (ehk pulbi poolsesse) seina asetatud kaltsiumh\u00fcdroksiid. Sellele v\u00f5ib asetada komposiitt\u00e4idise tavap\u00e4rasel moel. \u00a0<a style=\"line-height: 1.6em;\" href=\"http:\/\/jessnien.blogspot.com\/2012\/03\/distal-decay-on-2nd-molars.html\" target=\"_blank\" rel=\"noopener\">http:\/\/jessnien.blogspot.com\/2012\/03\/distal-decay-on-2nd-molars.html<\/a><\/em><\/p>\n","protected":false},"excerpt":{"rendered":"<p>Pulbi kaitsmine on \u00fcks preparatsioonietappidest. Siia alla kuulub palju erinevaid v\u00f5imalusi, kuid\u00a0eesm\u00e4rk\u00a0on \u00fcks ja seesama\u00a0\u2013\u00a0kaitsta pulpi\u00a0v\u00f5i\u00a0aidata kaasa pulbikoe taastumisele\u00a0v\u00f5i m\u00f5lemad eesm\u00e4rgid samaaegselt. Pulbikude \u00e4rritavad\u00a0mitmesugused tegurid: Prepareerimine Restauratsioonimaterjali koostisosad Termilised m\u00f5jutused restrauratiivse materjali kaudu v\u00f5i t\u00f5ttu Dentiini m\u00f5jutavad l\u00e4bi materjali \u00fclekanduvad &#8230;<\/p>\n","protected":false},"author":12,"featured_media":0,"parent":0,"menu_order":0,"comment_status":"closed","ping_status":"closed","template":"","meta":{"_acf_changed":false,"inline_featured_image":false,"footnotes":""},"class_list":["post-5","page","type-page","status-publish","hentry"],"acf":[],"_links":{"self":[{"href":"https:\/\/sisu.ut.ee\/hambaravi2\/wp-json\/wp\/v2\/pages\/5","targetHints":{"allow":["GET"]}}],"collection":[{"href":"https:\/\/sisu.ut.ee\/hambaravi2\/wp-json\/wp\/v2\/pages"}],"about":[{"href":"https:\/\/sisu.ut.ee\/hambaravi2\/wp-json\/wp\/v2\/types\/page"}],"author":[{"embeddable":true,"href":"https:\/\/sisu.ut.ee\/hambaravi2\/wp-json\/wp\/v2\/users\/12"}],"replies":[{"embeddable":true,"href":"https:\/\/sisu.ut.ee\/hambaravi2\/wp-json\/wp\/v2\/comments?post=5"}],"version-history":[{"count":4,"href":"https:\/\/sisu.ut.ee\/hambaravi2\/wp-json\/wp\/v2\/pages\/5\/revisions"}],"predecessor-version":[{"id":93,"href":"https:\/\/sisu.ut.ee\/hambaravi2\/wp-json\/wp\/v2\/pages\/5\/revisions\/93"}],"wp:attachment":[{"href":"https:\/\/sisu.ut.ee\/hambaravi2\/wp-json\/wp\/v2\/media?parent=5"}],"curies":[{"name":"wp","href":"https:\/\/api.w.org\/{rel}","templated":true}]}}