{"id":4,"date":"2024-04-03T23:10:22","date_gmt":"2024-04-03T20:10:22","guid":{"rendered":"https:\/\/sisu.ut.ee\/hambaravi2\/1-kaltsiumhudroksiidaluse-asetamine-kaviteeti\/"},"modified":"2024-04-03T23:10:27","modified_gmt":"2024-04-03T20:10:27","slug":"1-kaltsiumhudroksiidaluse-asetamine-kaviteeti","status":"publish","type":"page","link":"https:\/\/sisu.ut.ee\/hambaravi2\/1-kaltsiumhudroksiidaluse-asetamine-kaviteeti\/","title":{"rendered":"1. Kaltsiumh\u00fcdroksiidaluse asetamine kaviteeti"},"content":{"rendered":"<p><img loading=\"lazy\" decoding=\"async\" width=\"400\" height=\"320\" class=\"alignnone wp-image-22\" style=\"margin-left: 3px;margin-right: 3px;float: right\" src=\"https:\/\/sisu.ut.ee\/wp-content\/uploads\/sites\/20\/005.jpg\" title=\"005.jpg\" alt=\"005.jpg\" srcset=\"https:\/\/sisu.ut.ee\/wp-content\/uploads\/sites\/20\/005.jpg 400w, https:\/\/sisu.ut.ee\/wp-content\/uploads\/sites\/20\/005-300x240.jpg 300w\" sizes=\"auto, (max-width: 400px) 100vw, 400px\">Hambaarsti\u00f5pingute oluline osa on hammaste restauratiivne taastamine ehk kaariesest tingitud kahjustuste parandamine t\u00e4idismaterjalidega.<\/p>\n<p>Eelneval kursusel oled sa omandanud teoreetilised teadmised. N\u00fc\u00fcd alustad sa patsientide hammaste ravimist ja on aeg teooria rakendada praktikasse.<\/p>\n<p>\u00d5piobjekt\u00a0<strong>\u2018Kaltsiumh\u00fcdroksiidaluse asetamine kaviteeti\u2019<\/strong>\u00a0on m\u00f5eldud sulle iseseisvaks l\u00e4bimiseks. Loe l\u00e4bi \u00f5ppematerjalid, vaata videot ja p\u00fc\u00fca vastata k\u00fcsimustele, mis aitavad sul materjali omandamist hinnata. Aega kogu materjali l\u00e4bimiseks kulub umbes neli tundi.<\/p>\n<p>K\u00e4esolev \u00f5ppematerjal aitab sul visualiseerida isolatsioonkihi asetamist kaviteeti ja m\u00f5ista selle vajalikkust. Head praktiseerimist!<\/p>\n<p>Riina Runnel<br>Tartu \u00dclikooli stomatoloogia kliiniku<br>suu- ja hambahaiguste \u00f5ppej\u00f5ud<br><a href=\"mailto:riina.runnel@ut.ee\">riina.runnel@ut.ee<\/a><\/p>\n<p><span style=\"font-size: x-small\">Pildi allikas:\u00a0<a href=\"http:\/\/solutions.3m.com\/wps\/portal\/3M\/en_LK\/3M-ESPE-APAC\/dental-professionals\/products\/category\/glass-ionomer\/vitrebond-plus\/\" target=\"_blank\" rel=\"noopener\">http:\/\/solutions.3m.com\/wps\/portal\/3M\/en_LK\/3M-ESPE-APAC\/dental-professionals\/products\/category\/glass-ionomer\/vitrebond-plus\/<\/a><\/span><\/p>\n","protected":false},"excerpt":{"rendered":"<p>Hambaarsti\u00f5pingute oluline osa on hammaste restauratiivne taastamine ehk kaariesest tingitud kahjustuste parandamine t\u00e4idismaterjalidega. Eelneval kursusel oled sa omandanud teoreetilised teadmised. N\u00fc\u00fcd alustad sa patsientide hammaste ravimist ja on aeg teooria rakendada praktikasse. \u00d5piobjekt\u00a0\u2018Kaltsiumh\u00fcdroksiidaluse asetamine kaviteeti\u2019\u00a0on m\u00f5eldud sulle iseseisvaks l\u00e4bimiseks. Loe &#8230;<\/p>\n","protected":false},"author":12,"featured_media":0,"parent":0,"menu_order":0,"comment_status":"closed","ping_status":"closed","template":"","meta":{"_acf_changed":false,"inline_featured_image":false,"footnotes":""},"class_list":["post-4","page","type-page","status-publish","hentry"],"acf":[],"_links":{"self":[{"href":"https:\/\/sisu.ut.ee\/hambaravi2\/wp-json\/wp\/v2\/pages\/4","targetHints":{"allow":["GET"]}}],"collection":[{"href":"https:\/\/sisu.ut.ee\/hambaravi2\/wp-json\/wp\/v2\/pages"}],"about":[{"href":"https:\/\/sisu.ut.ee\/hambaravi2\/wp-json\/wp\/v2\/types\/page"}],"author":[{"embeddable":true,"href":"https:\/\/sisu.ut.ee\/hambaravi2\/wp-json\/wp\/v2\/users\/12"}],"replies":[{"embeddable":true,"href":"https:\/\/sisu.ut.ee\/hambaravi2\/wp-json\/wp\/v2\/comments?post=4"}],"version-history":[{"count":1,"href":"https:\/\/sisu.ut.ee\/hambaravi2\/wp-json\/wp\/v2\/pages\/4\/revisions"}],"predecessor-version":[{"id":62,"href":"https:\/\/sisu.ut.ee\/hambaravi2\/wp-json\/wp\/v2\/pages\/4\/revisions\/62"}],"wp:attachment":[{"href":"https:\/\/sisu.ut.ee\/hambaravi2\/wp-json\/wp\/v2\/media?parent=4"}],"curies":[{"name":"wp","href":"https:\/\/api.w.org\/{rel}","templated":true}]}}