{"id":3,"date":"2024-04-03T23:10:22","date_gmt":"2024-04-03T20:10:22","guid":{"rendered":"https:\/\/sisu.ut.ee\/hambaravi2\/avaleht\/"},"modified":"2024-04-09T13:21:15","modified_gmt":"2024-04-09T10:21:15","slug":"avaleht","status":"publish","type":"page","link":"https:\/\/sisu.ut.ee\/hambaravi2\/","title":{"rendered":"Avaleht"},"content":{"rendered":"<p><img loading=\"lazy\" decoding=\"async\" width=\"300\" height=\"299\" class=\"alignnone wp-image-21\" style=\"float: right;margin-left: 3px;margin-right: 3px\" src=\"https:\/\/sisu.ut.ee\/wp-content\/uploads\/sites\/20\/006.jpg\" title=\"006.jpg\" alt=\"006.jpg\" srcset=\"https:\/\/sisu.ut.ee\/wp-content\/uploads\/sites\/20\/006.jpg 300w, https:\/\/sisu.ut.ee\/wp-content\/uploads\/sites\/20\/006-150x150.jpg 150w\" sizes=\"auto, (max-width: 300px) 100vw, 300px\">Hambaarsti\u00f5pingute oluline osa on hammaste restauratiivne taastamine ehk kaariesest tingitud kahjustuste parandamine t\u00e4idismaterjalidega.<\/p>\n<p>Eelneval kursusel oled sa omandanud teoreetilised teadmised n\u00f5uetest prepareeritavale kaviteedile. N\u00fc\u00fcd alustad sa patsientide hammaste ravimist. Kliinilises t\u00f6\u00f6s puutud sageli kokku juhtumitega, kus kaarieskahjustus on j\u00f5udnud s\u00fcgavale, hamba pulbi l\u00e4hedusse. Kuidas sellisel juhul toimida? Milliseid materjale kasutada?<\/p>\n<p>Materjal <strong>\u2018Pulbi isoleerimine\u2019<\/strong> koosneb kahest omette k\u00e4sitletavast \u00f5piobjektist ja on m\u00f5eldud sulle iseseisvaks l\u00e4bimiseks. \u00d5ppematerjal aitab sul m\u00f5ista erinevate s\u00fcgava kaariese ravitaktikate valimise p\u00f5him\u00f5tteid ja kasutatavate materjalide omadusi. Head praktiseerimist!<\/p>\n<p>Riina Runnel<br> Tartu \u00dclikooli stomatoloogia kliiniku<br> suu- ja hambahaiguste \u00f5ppej\u00f5ud<br> <a href=\"mailto:riina.runnel@ut.ee\">riina.runnel@ut.ee<\/a><\/p>\n<p><span style=\"font-size: x-small\">Pildi allikas: <a href=\"http:\/\/www.readcube.com\/articles\/10.1038\/sj.bdj.2013.106?locale=en\" target=\"_blank\" rel=\"noopener\">http:\/\/www.readcube.com\/articles\/10.1038\/sj.bdj.2013.106?locale=en<\/a><\/span><\/p>\n\n\n<figure class=\"wp-block-image aligncenter size-full\"><img loading=\"lazy\" decoding=\"async\" width=\"185\" height=\"102\" src=\"https:\/\/sisu.ut.ee\/wp-content\/uploads\/sites\/20\/esf185.jpg\" alt=\"\" class=\"wp-image-33\"><\/figure>\n\n\n\n<p class=\"has-extra-small-font-size\">K\u00e4esolev \u00f5piobjekt on autorikaitse all vastavalt Eesti Vabariigi autori\u00f5iguse seadusele. \u00d5piobjekti varalised \u00f5igused kuuluvad Tartu \u00dclikoolile. \u00d5piobjekti on lubatud reprodutseerida, levitada ja avalikult esitada ainult \u00f5piotstarbel kui tervikut, va refereerimine ja tsiteerimine motiveeritud mahus. \u00d5piobjekti ei ole lubatud kasutada kommertseesm\u00e4rgil. \u00d5piobjekti igakordsel kasutamisel on kasutaja kohustatud viitama \u00f5piobjekti autorile. \u00d5piobjekti pole lubatud muuta ega t\u00e4iendada.<\/p>\n","protected":false},"excerpt":{"rendered":"<p>Hambaarsti\u00f5pingute oluline osa on hammaste restauratiivne taastamine ehk kaariesest tingitud kahjustuste parandamine t\u00e4idismaterjalidega. Eelneval kursusel oled sa omandanud teoreetilised teadmised n\u00f5uetest prepareeritavale kaviteedile. N\u00fc\u00fcd alustad sa patsientide hammaste ravimist. Kliinilises t\u00f6\u00f6s puutud sageli kokku juhtumitega, kus kaarieskahjustus on j\u00f5udnud s\u00fcgavale, &#8230;<\/p>\n","protected":false},"author":12,"featured_media":0,"parent":0,"menu_order":0,"comment_status":"closed","ping_status":"closed","template":"","meta":{"_acf_changed":false,"inline_featured_image":false,"footnotes":""},"class_list":["post-3","page","type-page","status-publish","hentry"],"acf":[],"_links":{"self":[{"href":"https:\/\/sisu.ut.ee\/hambaravi2\/wp-json\/wp\/v2\/pages\/3","targetHints":{"allow":["GET"]}}],"collection":[{"href":"https:\/\/sisu.ut.ee\/hambaravi2\/wp-json\/wp\/v2\/pages"}],"about":[{"href":"https:\/\/sisu.ut.ee\/hambaravi2\/wp-json\/wp\/v2\/types\/page"}],"author":[{"embeddable":true,"href":"https:\/\/sisu.ut.ee\/hambaravi2\/wp-json\/wp\/v2\/users\/12"}],"replies":[{"embeddable":true,"href":"https:\/\/sisu.ut.ee\/hambaravi2\/wp-json\/wp\/v2\/comments?post=3"}],"version-history":[{"count":2,"href":"https:\/\/sisu.ut.ee\/hambaravi2\/wp-json\/wp\/v2\/pages\/3\/revisions"}],"predecessor-version":[{"id":90,"href":"https:\/\/sisu.ut.ee\/hambaravi2\/wp-json\/wp\/v2\/pages\/3\/revisions\/90"}],"wp:attachment":[{"href":"https:\/\/sisu.ut.ee\/hambaravi2\/wp-json\/wp\/v2\/media?parent=3"}],"curies":[{"name":"wp","href":"https:\/\/api.w.org\/{rel}","templated":true}]}}