{"id":20,"date":"2024-04-03T23:10:22","date_gmt":"2024-04-03T20:10:22","guid":{"rendered":"https:\/\/sisu.ut.ee\/hambaravi2\/28-kokkuvote\/"},"modified":"2024-04-09T13:48:54","modified_gmt":"2024-04-09T10:48:54","slug":"28-kokkuvote","status":"publish","type":"page","link":"https:\/\/sisu.ut.ee\/hambaravi2\/28-kokkuvote\/","title":{"rendered":"2.8. Kokkuv\u00f5te"},"content":{"rendered":"<p>Klaasionomeertsementi on kasutatud hambaravis juba <strong>aastak\u00fcmneid<\/strong>. Selle aja jooksul on seda t\u00e4iendatud ja <strong>t\u00e4iustatud<\/strong>. Klaasionomeeride perekond on suur ja nende <strong>kasutusala lai.<\/strong> T\u00e4nu oma headele omadustele on see materjal sageli asendamatu.<\/p>\n<p>Oled tutvunud klaasionomeerse tsementmaterjaliga. <strong>Tead <\/strong>selle kasutamise n\u00f5udeid, n\u00f5rkuseid ja eeliseid, <strong>oskad<\/strong> nendega arvestada. K\u00f5igist v\u00f5imalustest me ei j\u00f5udnudki r\u00e4\u00e4kida (n\u00e4iteks ortodontias ja v\u00e4hem ortopeedias kasutatakse seda tsementeerimiseks; kapslis olevaid ionomeere segab hoopis masin). <strong>Avastamisr\u00f5\u00f5mu<\/strong> j\u00e4tkub sul veel kauaks.<\/p>\n<p>Nii nagu igal inimesel on oma<strong> iseloom<\/strong>, on see erinev ka erinevatel ionomeeridel. Ega muud kui katsetama kuidas erinevad materjalid kliinilises t\u00f6\u00f6s toimivad. Edu nendega l\u00e4hemal tutvumisel!<\/p>\n","protected":false},"excerpt":{"rendered":"<p>Klaasionomeertsementi on kasutatud hambaravis juba aastak\u00fcmneid. Selle aja jooksul on seda t\u00e4iendatud ja t\u00e4iustatud. Klaasionomeeride perekond on suur ja nende kasutusala lai. T\u00e4nu oma headele omadustele on see materjal sageli asendamatu. Oled tutvunud klaasionomeerse tsementmaterjaliga. Tead selle kasutamise n\u00f5udeid, n\u00f5rkuseid &#8230;<\/p>\n","protected":false},"author":12,"featured_media":0,"parent":0,"menu_order":0,"comment_status":"closed","ping_status":"closed","template":"","meta":{"_acf_changed":false,"inline_featured_image":false,"footnotes":""},"class_list":["post-20","page","type-page","status-publish","hentry"],"acf":[],"_links":{"self":[{"href":"https:\/\/sisu.ut.ee\/hambaravi2\/wp-json\/wp\/v2\/pages\/20","targetHints":{"allow":["GET"]}}],"collection":[{"href":"https:\/\/sisu.ut.ee\/hambaravi2\/wp-json\/wp\/v2\/pages"}],"about":[{"href":"https:\/\/sisu.ut.ee\/hambaravi2\/wp-json\/wp\/v2\/types\/page"}],"author":[{"embeddable":true,"href":"https:\/\/sisu.ut.ee\/hambaravi2\/wp-json\/wp\/v2\/users\/12"}],"replies":[{"embeddable":true,"href":"https:\/\/sisu.ut.ee\/hambaravi2\/wp-json\/wp\/v2\/comments?post=20"}],"version-history":[{"count":2,"href":"https:\/\/sisu.ut.ee\/hambaravi2\/wp-json\/wp\/v2\/pages\/20\/revisions"}],"predecessor-version":[{"id":115,"href":"https:\/\/sisu.ut.ee\/hambaravi2\/wp-json\/wp\/v2\/pages\/20\/revisions\/115"}],"wp:attachment":[{"href":"https:\/\/sisu.ut.ee\/hambaravi2\/wp-json\/wp\/v2\/media?parent=20"}],"curies":[{"name":"wp","href":"https:\/\/api.w.org\/{rel}","templated":true}]}}