{"id":18,"date":"2024-04-03T23:10:22","date_gmt":"2024-04-03T20:10:22","guid":{"rendered":"https:\/\/sisu.ut.ee\/hambaravi2\/26-nouded-alustaidisele\/"},"modified":"2024-04-09T13:45:57","modified_gmt":"2024-04-09T10:45:57","slug":"26-nouded-alustaidisele","status":"publish","type":"page","link":"https:\/\/sisu.ut.ee\/hambaravi2\/26-nouded-alustaidisele\/","title":{"rendered":"2.6. N\u00f5uded alust\u00e4idisele"},"content":{"rendered":"<p>K\u00f5ik isoleermaterjalid ja alusmaterjalid asetatakse kaviteeti nii, et need <strong style=\"line-height: 1.6em;\">ei ulatuks kaviteedi servadele. Erandiks<\/strong> on II klassi kaviteedi puhul kasutatav <strong style=\"line-height: 1.6em;\">kihiline tehnika<\/strong>.\u00a0Kaviteedi servad peavad olema kaetud t\u00e4idismaterjaliga, sest pulbi isolatsiooniks ja aluseks kasutatavad materjalid, mis puutuvad kokku suukeskkonnaga, alluvad<strong style=\"line-height: 1.6em;\"> s\u00fclje lahustavale m\u00f5jule.<\/strong> Tagaj\u00e4rjeks on mikroobide sissep\u00e4\u00e4s dentiinikoesse ja edasi pulbi\u00f5\u00f5nde.<\/p>\n<p>Isolatsiooniks kasutatavad materjalid ja alusmaterjalid v\u00f5ib valmistada <strong>enne matriitsi asetamist<\/strong> hambale (interproksimaalsel paikneva kaviteedi puhul). See annab parema n\u00e4htavuse ja v\u00f5imaldab vajadusel juhuslikult kaviteedi \u00e4\u00e4rtele sattunud alusmaterjali eemaldamist.<\/p>\n<p>Ionomeerse alusmaterjali kasutamisel on v\u00f5imalik valida keemiliselt k\u00f5vastuva ja valgusk\u00f5vastuva klaasionomeertsemendi vahel. \u00dcksk\u00f5ik millist v\u00f5i mis t\u00fc\u00fcpi alusmaterjali kasutatakse, peab see enne happet\u00f6\u00f6tlust ja t\u00e4idise asetamist olema <strong>l\u00f5plikult k\u00f5vastunud<\/strong>.<\/p>\n<p>Keemiliselt k\u00f5vastuva klaasionomeeri t\u00f6\u00f6aeg on pikem. Keemiliselt k\u00f5vastuv klaasionomeerialus deh\u00fcdreerub kuivades ning v\u00f5ib <strong>praguneda<\/strong> (mikropraod). Soovitatakse eelistada valgusk\u00f5vastuvat materjali, kuna see ei ole nii tehnikatundlik. Vaiguga tugevdatud ionomeer (valgusk\u00f5vastuv monomeer v\u00f5i kompomeeer, vastavalt ionomeeri ja komposiidi osakaalulet\u00e4idismaterjalis) on suhteliselt<strong> madala pH v\u00e4\u00e4rtusega<\/strong>, kuid see <strong>neutraliseerub k\u00f5vastudes.<\/strong> Valguspol\u00fcmerisatsioon kiirendab seda protsessi.<\/p>\n<p>Adhesiivs\u00fcsteemide arenguga on n\u00e4idustus ja <strong>vajadus alusmaterjali kasutamiseks<\/strong> j\u00e4rjest <strong>v\u00e4henenud.<\/strong> Kaasaegsed siduss\u00fcsteemid sulgevad dentiinituubulid ning annavad pulbile piisavalt kaitse restauratiivse t\u00e4idismaterjali keemilise m\u00f5jutuse eest.<\/p>\n<p>Alusmaterjali<strong> kasutamine on p\u00f5hjendatud<\/strong> eelk\u00f5ige suurte, m\u00e4lumisr\u00f5hule alluvate restauratsioonide, s\u00fcgavate, pulbi l\u00e4hedusse ulatuvate kaviteetide ning avarate dentiinituubulitega hammastel (lastel ja noortel).<\/p>\n<p><\/p><div class=\"accordion mb-3\">\n        <div class=\"accordion-item accordion-item--white\">\n        <h2 class=\"accordion-header\" id=\"accordion-69e12a851a5c2-heading\">\n            <button class=\"accordion-button collapsed\" type=\"button\" data-bs-toggle=\"collapse\" data-bs-target=\"#accordion-69e12a851a5c2-collapse\" aria-expanded=\"true\" aria-controls=\"accordion-69e12a851a5c2-collapse\">Kas klaasionomeertsement asetatakse kaviteeti enne v\u00f5i p\u00e4rast happet\u00f6\u00f6tlust ja adhesiivs\u00fcsteemi kasutamist? Miks?<\/button>\n        <\/h2>\n        <div id=\"accordion-69e12a851a5c2-collapse\" class=\"accordion-collapse collapse\" aria-labelledby=\"accordion-69e12a851a5c2-heading\">\n            <div class=\"accordion-body\">M\u00f5nede toodete puhul soovitatakse eelnevat kerget dentiiniosa happet\u00f6\u00f6tlust. Enamasti ei ole eelnev happet\u00f6\u00f6tlus vajalik. Seda tuleb vaadata iga konkreetse toote puhul tootja infolehelt.\u00a0 Kindlasti tuleb alusmaterjal asetada enne adhesiivs\u00fcsteemi kasutamist. Klaasionomeertsement kinnitub dentiinikoega keemiliselt. Kui adhesiiv tungib dentiinituubulitesse, ei ole klaasionomeertsemendil pinda, millele kinnituda.<\/div>\n        <\/div>\n        <\/div>\n    <\/div>\n","protected":false},"excerpt":{"rendered":"<p>K\u00f5ik isoleermaterjalid ja alusmaterjalid asetatakse kaviteeti nii, et need ei ulatuks kaviteedi servadele. Erandiks on II klassi kaviteedi puhul kasutatav kihiline tehnika.\u00a0Kaviteedi servad peavad olema kaetud t\u00e4idismaterjaliga, sest pulbi isolatsiooniks ja aluseks kasutatavad materjalid, mis puutuvad kokku suukeskkonnaga, alluvad s\u00fclje &#8230;<\/p>\n","protected":false},"author":12,"featured_media":0,"parent":0,"menu_order":0,"comment_status":"closed","ping_status":"closed","template":"","meta":{"_acf_changed":false,"inline_featured_image":false,"footnotes":""},"class_list":["post-18","page","type-page","status-publish","hentry"],"acf":[],"_links":{"self":[{"href":"https:\/\/sisu.ut.ee\/hambaravi2\/wp-json\/wp\/v2\/pages\/18","targetHints":{"allow":["GET"]}}],"collection":[{"href":"https:\/\/sisu.ut.ee\/hambaravi2\/wp-json\/wp\/v2\/pages"}],"about":[{"href":"https:\/\/sisu.ut.ee\/hambaravi2\/wp-json\/wp\/v2\/types\/page"}],"author":[{"embeddable":true,"href":"https:\/\/sisu.ut.ee\/hambaravi2\/wp-json\/wp\/v2\/users\/12"}],"replies":[{"embeddable":true,"href":"https:\/\/sisu.ut.ee\/hambaravi2\/wp-json\/wp\/v2\/comments?post=18"}],"version-history":[{"count":2,"href":"https:\/\/sisu.ut.ee\/hambaravi2\/wp-json\/wp\/v2\/pages\/18\/revisions"}],"predecessor-version":[{"id":111,"href":"https:\/\/sisu.ut.ee\/hambaravi2\/wp-json\/wp\/v2\/pages\/18\/revisions\/111"}],"wp:attachment":[{"href":"https:\/\/sisu.ut.ee\/hambaravi2\/wp-json\/wp\/v2\/media?parent=18"}],"curies":[{"name":"wp","href":"https:\/\/api.w.org\/{rel}","templated":true}]}}