{"id":13,"date":"2024-04-03T23:10:22","date_gmt":"2024-04-03T20:10:22","guid":{"rendered":"https:\/\/sisu.ut.ee\/hambaravi2\/21-sissejuhatus\/"},"modified":"2024-04-03T23:10:27","modified_gmt":"2024-04-03T20:10:27","slug":"21-sissejuhatus","status":"publish","type":"page","link":"https:\/\/sisu.ut.ee\/hambaravi2\/21-sissejuhatus\/","title":{"rendered":"2.1. Sissejuhatus"},"content":{"rendered":"<p>Klaasionomeer on pikka aega kasutuses olnud materjal. Seda kasutatakse <strong>mitmetel erinevatel n\u00e4idustustel<\/strong>: alust\u00e4idiseks, t\u00e4idiseks kohtades kuhu ei lange m\u00e4lumisr\u00f5hk, kinnitustsemendina jpm.<\/p>\n<p>Olemuselt v\u00f5ivad klaasionomeertsemendid olla keemiliselt k\u00f5vastuvad v\u00f5i kaksikk\u00f5vastuvad, mille keemilist k\u00f5vastumist saab kiirendada valguspol\u00fcmerisatsioonilambiga. T\u00e4nap\u00e4eval eelistatakse mugavuse ja kvaliteedi poolest kapslis <strong>masinaga segatavaid ionomeere<\/strong>. Mitte alati ei ole seda v\u00f5imalust ja seep\u00e4rast tutvustab siiinne \u00f5piobjekt sulle ka klaasionomeerse tsemendi <strong>k\u00e4sitsi segamise tehnikat<\/strong>. Seda kahe \u00e9rineva kasutuse tarvis: <strong>alusmaterjaliks ja t\u00e4idiseks<\/strong> m\u00f5elduna.<\/p>\n<p>Erinevad tooted vajavad erinevat k\u00e4sitlemist ja on erinevate omadustega. Seep\u00e4rast tutvu alati uue materjali puhul p\u00f5hjalikult <strong>tooteinfoga<\/strong>. Juhendi j\u00e4lgimine aitab tagada t\u00e4idise kvaliteeti.<\/p>\n<p style=\"text-align: center\"><em><img loading=\"lazy\" decoding=\"async\" width=\"310\" height=\"222\" class=\"alignnone wp-image-29\" src=\"https:\/\/sisu.ut.ee\/wp-content\/uploads\/sites\/20\/107.jpg\" title=\"107.jpg\" alt=\"107.jpg\" srcset=\"https:\/\/sisu.ut.ee\/wp-content\/uploads\/sites\/20\/107.jpg 310w, https:\/\/sisu.ut.ee\/wp-content\/uploads\/sites\/20\/107-300x215.jpg 300w\" sizes=\"auto, (max-width: 310px) 100vw, 310px\"><\/em><\/p>\n<p style=\"text-align: center\"><em>Klaasionomeertsement kapslis,\u00a0<a href=\"http:\/\/solutions.3m.com\/wps\/portal\/3M\/en_US\/3M-ESPE-NA\/dental-professionals\/products\/espe-catalog\/~\/Photac-Fil-Quick-Aplicap-Light-Cured-Glass-Ionomer-Restorative?N=5145637+4294945625&amp;rt=rud\" target=\"_blank\" rel=\"noopener\">http:\/\/solutions.3m.com\/wps\/portal\/3M\/en_US\/3M-ESPE-NA\/dental-professionals\/products\/espe-catalog\/~\/Photac-Fil-Quick-Aplicap-Light-Cured-Glass-Ionomer-Restorative?N=5145637+4294945625&amp;rt=rud<\/a><\/em><\/p>\n","protected":false},"excerpt":{"rendered":"<p>Klaasionomeer on pikka aega kasutuses olnud materjal. Seda kasutatakse mitmetel erinevatel n\u00e4idustustel: alust\u00e4idiseks, t\u00e4idiseks kohtades kuhu ei lange m\u00e4lumisr\u00f5hk, kinnitustsemendina jpm. Olemuselt v\u00f5ivad klaasionomeertsemendid olla keemiliselt k\u00f5vastuvad v\u00f5i kaksikk\u00f5vastuvad, mille keemilist k\u00f5vastumist saab kiirendada valguspol\u00fcmerisatsioonilambiga. T\u00e4nap\u00e4eval eelistatakse mugavuse ja kvaliteedi &#8230;<\/p>\n","protected":false},"author":12,"featured_media":0,"parent":0,"menu_order":0,"comment_status":"closed","ping_status":"closed","template":"","meta":{"_acf_changed":false,"inline_featured_image":false,"footnotes":""},"class_list":["post-13","page","type-page","status-publish","hentry"],"acf":[],"_links":{"self":[{"href":"https:\/\/sisu.ut.ee\/hambaravi2\/wp-json\/wp\/v2\/pages\/13","targetHints":{"allow":["GET"]}}],"collection":[{"href":"https:\/\/sisu.ut.ee\/hambaravi2\/wp-json\/wp\/v2\/pages"}],"about":[{"href":"https:\/\/sisu.ut.ee\/hambaravi2\/wp-json\/wp\/v2\/types\/page"}],"author":[{"embeddable":true,"href":"https:\/\/sisu.ut.ee\/hambaravi2\/wp-json\/wp\/v2\/users\/12"}],"replies":[{"embeddable":true,"href":"https:\/\/sisu.ut.ee\/hambaravi2\/wp-json\/wp\/v2\/comments?post=13"}],"version-history":[{"count":1,"href":"https:\/\/sisu.ut.ee\/hambaravi2\/wp-json\/wp\/v2\/pages\/13\/revisions"}],"predecessor-version":[{"id":71,"href":"https:\/\/sisu.ut.ee\/hambaravi2\/wp-json\/wp\/v2\/pages\/13\/revisions\/71"}],"wp:attachment":[{"href":"https:\/\/sisu.ut.ee\/hambaravi2\/wp-json\/wp\/v2\/media?parent=13"}],"curies":[{"name":"wp","href":"https:\/\/api.w.org\/{rel}","templated":true}]}}